{"id":2380,"date":"2021-07-20T19:49:55","date_gmt":"2021-07-21T00:49:55","guid":{"rendered":"https:\/\/qymlab.com\/?post_type=product&#038;p=2380"},"modified":"2021-09-01T00:08:08","modified_gmt":"2021-09-01T05:08:08","slug":"medidor-multiparametro-impermeable-para-ph-orp-ce-tds-salinidad-od-presion-temperatura","status":"publish","type":"product","link":"https:\/\/qymlab.com\/en\/producto\/medidor-multiparametro-impermeable-para-ph-orp-ce-tds-salinidad-od-presion-temperatura\/","title":{"rendered":"Medidor Multipar\u00e1metro Impermeable para pH \/ ORP \/ CE \/ TDS \/ Salinidad \/ OD \/ Presi\u00f3n \/ Temperatura"},"content":{"rendered":"<h3 dir=\"ltr\"><strong>Caracter\u00edsticas Generales<\/strong><\/h3>\n<p dir=\"ltr\"><strong>Protecci\u00f3n a Prueba de Agua<\/strong><\/p>\n<p dir=\"ltr\">El equipo multiparam\u00e9trico est\u00e1 protegido por una carcasa impermeable IP67 y puede soportar la inmersi\u00f3n en agua a una profundidad de 1m durante un tiempo m\u00e1ximo de 30 minutos. La sonda cuenta con una clasificaci\u00f3n IP68 para inmersi\u00f3n continua en agua.<\/p>\n<p dir=\"ltr\"><strong>Calibraci\u00f3n Est\u00e1ndar o R\u00e1pida<\/strong><\/p>\n<p dir=\"ltr\">La calibraci\u00f3n r\u00e1pida proporciona una calibraci\u00f3n r\u00e1pida y sencilla para pH, conductividad y ox\u00edgeno disuelto. Las opciones est\u00e1ndar de calibraci\u00f3n de pH est\u00e1n disponibles para calibrar hasta en tres puntos a partir de una selecci\u00f3n de cinco soluciones est\u00e1ndar y una soluci\u00f3n personalizada. La calibraci\u00f3n de conductividad se realiza en un s\u00f3lo punto de seis valores de est\u00e1ndar o un est\u00e1ndar personalizado. La calibraci\u00f3n de ox\u00edgeno disuelto se realiza en hasta dos puntos est\u00e1ndar o un punto personalizado.<\/p>\n<p dir=\"ltr\"><strong>Registro de Datos<\/strong><\/p>\n<p dir=\"ltr\">El HI98194 permite a los usuarios almacenar hasta 45,000 muestras continuas o de registro seg\u00fan demanda con intervalos de registro de un segundo a tres horas.<\/p>","protected":false},"excerpt":{"rendered":"<p>El HI98194 es un medidor multipar\u00e1metro port\u00e1til de registro a prueba de agua que monitorea hasta 12 par\u00e1metros diferentes de calidad del agua, 6 medidos y 6 calculados. La sonda multi-sensor basada en microprocesador permite la medici\u00f3n de par\u00e1metros clave que incluyen pH, ORP, conductividad, ox\u00edgeno disuelto y temperatura. La sonda transmite lecturas digitalmente al medidor donde los puntos de datos pueden ser visualizados y registrados. El HI98194 se suministra con todos los accesorios necesarios y se empaqueta en una maleta duradera.<\/p>\n<ul>\n<li><span style=\"font-weight: 400;\">Pantalla de Matriz de Punto de 12 Par\u00e1metros<\/span><\/li>\n<li><span style=\"font-weight: 400;\">Sonda Multi-sensor<\/span><\/li>\n<li><span style=\"font-weight: 400;\">Calibraci\u00f3n R\u00e1pida<\/span><\/li>\n<\/ul>","protected":false},"featured_media":2382,"template":"","meta":[],"product_cat":[36],"product_tag":[],"_links":{"self":[{"href":"https:\/\/qymlab.com\/en\/wp-json\/wp\/v2\/product\/2380"}],"collection":[{"href":"https:\/\/qymlab.com\/en\/wp-json\/wp\/v2\/product"}],"about":[{"href":"https:\/\/qymlab.com\/en\/wp-json\/wp\/v2\/types\/product"}],"wp:featuredmedia":[{"embeddable":true,"href":"https:\/\/qymlab.com\/en\/wp-json\/wp\/v2\/media\/2382"}],"wp:attachment":[{"href":"https:\/\/qymlab.com\/en\/wp-json\/wp\/v2\/media?parent=2380"}],"wp:term":[{"taxonomy":"product_cat","embeddable":true,"href":"https:\/\/qymlab.com\/en\/wp-json\/wp\/v2\/product_cat?post=2380"},{"taxonomy":"product_tag","embeddable":true,"href":"https:\/\/qymlab.com\/en\/wp-json\/wp\/v2\/product_tag?post=2380"}],"curies":[{"name":"wp","href":"https:\/\/api.w.org\/{rel}","templated":true}]}}