{"id":2444,"date":"2021-07-22T22:42:17","date_gmt":"2021-07-23T03:42:17","guid":{"rendered":"https:\/\/qymlab.com\/?post_type=product&#038;p=2444"},"modified":"2021-09-01T00:07:38","modified_gmt":"2021-09-01T05:07:38","slug":"colorimetro-checker-hc-para-alcalinidad-de-agua-dulce","status":"publish","type":"product","link":"https:\/\/qymlab.com\/en\/producto\/colorimetro-checker-hc-para-alcalinidad-de-agua-dulce\/","title":{"rendered":"Color\u00edmetro Checker\u00ae HC Para Alcalinidad De Agua Dulce"},"content":{"rendered":"<h4>Caracter\u00edsticas Generales:<\/h4>\n<ul>\n<li>M\u00e1s f\u00e1cil de usar y m\u00e1s preciso que los kits qu\u00edmicos de prueba<\/li>\n<li>Dedicado a un solo par\u00e1metro<\/li>\n<li>Tama\u00f1o peque\u00f1o, gran conveniencia<\/li>\n<li>Ideal para: Calidad del agua, Medio Ambiente, Educaci\u00f3n, Industria<\/li>\n<\/ul>","protected":false},"excerpt":{"rendered":"<p>El Checker<sup>\u00ae<\/sup>\u00a0para Alcalinidad de Agua Dulce de Hanna cierra la brecha entre los simples kits qu\u00edmicos de pruebas y la instrumentaci\u00f3n profesional. Los kits qu\u00edmicos de prueba tienen una precisi\u00f3n y resoluci\u00f3n limitadas, ya que dependen del ojo humano para discernir las diferencias de color. La instrumentaci\u00f3n profesional incorpora una fuente de luz, como un LED o una l\u00e1mpara de tungsteno con un filtro y un detector de luz para determinar con precisi\u00f3n la absorbancia y la concentraci\u00f3n de iones. La instrumentaci\u00f3n profesional ofrece una mayor resoluci\u00f3n y precisi\u00f3n, pero puede es muy cara. El Checker<sup>\u00ae<\/sup>\u00a0para Alcalinidad de Agua Dulce de Hanna utiliza un LED de longitud de onda fija y un fotodetector de silicio para proporcionar la precisi\u00f3n de la instrumentaci\u00f3n profesional al precio asequible de un kit qu\u00edmico de pruebas.<\/p>","protected":false},"featured_media":2446,"template":"","meta":[],"product_cat":[37,38],"product_tag":[],"_links":{"self":[{"href":"https:\/\/qymlab.com\/en\/wp-json\/wp\/v2\/product\/2444"}],"collection":[{"href":"https:\/\/qymlab.com\/en\/wp-json\/wp\/v2\/product"}],"about":[{"href":"https:\/\/qymlab.com\/en\/wp-json\/wp\/v2\/types\/product"}],"wp:featuredmedia":[{"embeddable":true,"href":"https:\/\/qymlab.com\/en\/wp-json\/wp\/v2\/media\/2446"}],"wp:attachment":[{"href":"https:\/\/qymlab.com\/en\/wp-json\/wp\/v2\/media?parent=2444"}],"wp:term":[{"taxonomy":"product_cat","embeddable":true,"href":"https:\/\/qymlab.com\/en\/wp-json\/wp\/v2\/product_cat?post=2444"},{"taxonomy":"product_tag","embeddable":true,"href":"https:\/\/qymlab.com\/en\/wp-json\/wp\/v2\/product_tag?post=2444"}],"curies":[{"name":"wp","href":"https:\/\/api.w.org\/{rel}","templated":true}]}}