{"id":2454,"date":"2021-07-22T23:24:59","date_gmt":"2021-07-23T04:24:59","guid":{"rendered":"https:\/\/qymlab.com\/?post_type=product&#038;p=2454"},"modified":"2021-09-01T00:07:27","modified_gmt":"2021-09-01T05:07:27","slug":"checker-hc-para-fosfato-marino-de-rango-ultra-bajo","status":"publish","type":"product","link":"https:\/\/qymlab.com\/en\/producto\/checker-hc-para-fosfato-marino-de-rango-ultra-bajo\/","title":{"rendered":"Color\u00edmetro Checker\u00ae HC para Fosfato Marino de Rango Ultra Bajo"},"content":{"rendered":"<h4>Caracter\u00edsticas Generales<\/h4>\n<div class=\"prod-view-details-left\">\n<ul>\n<li><strong>Reactivos Preparados<\/strong><\/li>\n<\/ul>\n<p>Los reactivos son sobres medidos previamente que se agregan a la muestra antes de tomar una lectura.<\/p>\n<p>&nbsp;<\/p>\n<ul>\n<li><strong>Lecturas Colorim\u00e9tricas<\/strong><\/li>\n<\/ul>\n<p>Utilizando un LED a una longitud de onda espec\u00edfica y un fotodetector de silicio, el HI774 puede realizar una lectura precisa a partir del cambio de color en la muestra bas\u00e1ndose en la concentraci\u00f3n de fosfato.<\/p>\n<p>&nbsp;<\/p>\n<p><strong>Est\u00e1ndares de Calibraci\u00f3n para Checker HC<\/strong><\/p>\n<p>Los est\u00e1ndares CAL-Check HI774-11 se pueden comprar por separado y se utilizan para verificar el rendimiento del medidor para garantizar con seguridad que el medidor funcione correctamente.<\/p>\n<p>&nbsp;<\/p>\n<\/div>\n<div class=\"prod-view-details-right\">\n<p><strong>Apagado Autom\u00e1tico<\/strong><\/p>\n<p>El medidor est\u00e1 programado para apagarse despu\u00e9s de siete minutos de inactividad o dos minutos despu\u00e9s de tomar una lectura.<\/p>\n<p>&nbsp;<\/p>\n<p><strong>Estuche de Pl\u00e1stico<\/strong><\/p>\n<ul>\n<li>El HI774 se suministra completo con medidor y reactivos para 10 pruebas y viene en un estuche de pl\u00e1stico duradero.<\/li>\n<\/ul>\n<\/div>\n<p>&nbsp;<\/p>","protected":false},"excerpt":{"rendered":"<p>El Checker<sup>\u00ae<\/sup>\u00a0HC (Color\u00edmetro de bolsillo) HI774 es una forma simple, precisa y rentable de medir el fosfato en los sistemas marinos, incluyendo los tanques de arrecife. El fosfato es un par\u00e1metro importante para medir en acuicultura y acuarios. Los niveles demasiado altos pueden llevar a un crecimiento extenso de algas, agotar los niveles de ox\u00edgeno disuelto y, en \u00faltima instancia, pueden ser fatales para muchos tipos de peces y la vida acu\u00e1tica. Dise\u00f1ado como una alternativa m\u00e1s precisa que los kits de pruebas qu\u00edmicas, el HI774 brinda resultados r\u00e1pidos y precisos. Para aquellos que desean medir el fosfato como el f\u00f3sforo. Alternativamente, para determinar la fracci\u00f3n de f\u00f3sforo (PO<sub>4<\/sub>-P) que hay en el fosfato (PO<sub>4<\/sub><sup>3-<\/sup>), la lectura del fosfato se multiplica por 0.3261. Una lectura de 0.50 ppm de fosfato es igual a 0.163 ppm o 163 ppb de f\u00f3sforo.<\/p>","protected":false},"featured_media":2455,"template":"","meta":[],"product_cat":[37,38],"product_tag":[],"_links":{"self":[{"href":"https:\/\/qymlab.com\/en\/wp-json\/wp\/v2\/product\/2454"}],"collection":[{"href":"https:\/\/qymlab.com\/en\/wp-json\/wp\/v2\/product"}],"about":[{"href":"https:\/\/qymlab.com\/en\/wp-json\/wp\/v2\/types\/product"}],"wp:featuredmedia":[{"embeddable":true,"href":"https:\/\/qymlab.com\/en\/wp-json\/wp\/v2\/media\/2455"}],"wp:attachment":[{"href":"https:\/\/qymlab.com\/en\/wp-json\/wp\/v2\/media?parent=2454"}],"wp:term":[{"taxonomy":"product_cat","embeddable":true,"href":"https:\/\/qymlab.com\/en\/wp-json\/wp\/v2\/product_cat?post=2454"},{"taxonomy":"product_tag","embeddable":true,"href":"https:\/\/qymlab.com\/en\/wp-json\/wp\/v2\/product_tag?post=2454"}],"curies":[{"name":"wp","href":"https:\/\/api.w.org\/{rel}","templated":true}]}}