{"id":2458,"date":"2021-07-22T23:44:10","date_gmt":"2021-07-23T04:44:10","guid":{"rendered":"https:\/\/qymlab.com\/?post_type=product&#038;p=2458"},"modified":"2022-07-20T09:08:26","modified_gmt":"2022-07-20T14:08:26","slug":"colorimetro-checker-hc-para-cloro-total","status":"publish","type":"product","link":"https:\/\/qymlab.com\/en\/producto\/colorimetro-checker-hc-para-cloro-total\/","title":{"rendered":"Color\u00edmetro Checker\u00ae HC para Cloro Total"},"content":{"rendered":"<h4>Caracter\u00edsticas Generales<\/h4>\n<ul>\n<li>M\u00e1s f\u00e1cil de usar y m\u00e1s preciso que los kits de prueba.<\/li>\n<li>Dedicado a un solo par\u00e1metro.<\/li>\n<li>Tama\u00f1o peque\u00f1o, gran conveniencia.<\/li>\n<li>Ideal para: Calidad del agua, educaci\u00f3n, piscina y spa.<\/li>\n<\/ul>\n<div class=\"prod-view-details-left\"><\/div>\n<p>&nbsp;<\/p>","protected":false},"excerpt":{"rendered":"<p>El Checker<sup>\u00ae<\/sup>\u00a0HC HI711 (Color\u00edmetro de Mano) proporciona una forma simple, precisa y rentable de medir el cloro total. El cloro es un desinfectante popular utilizado en agua potable y residual, frutas y verduras, as\u00ed como tambi\u00e9n en la industria de alimentos y bebidas. Aunque es beneficioso en la destrucci\u00f3n de pat\u00f3genos, los niveles superiores a 4 partes por mill\u00f3n (ppm) son da\u00f1inos para los humanos y, por lo tanto, deben monitorearse. Dise\u00f1ado como una alternativa m\u00e1s precisa que los kits de pruebas, el HI711 proporciona resultados r\u00e1pidos y precisos<\/p>","protected":false},"featured_media":2459,"template":"","meta":[],"product_cat":[37,38,137],"product_tag":[],"_links":{"self":[{"href":"https:\/\/qymlab.com\/en\/wp-json\/wp\/v2\/product\/2458"}],"collection":[{"href":"https:\/\/qymlab.com\/en\/wp-json\/wp\/v2\/product"}],"about":[{"href":"https:\/\/qymlab.com\/en\/wp-json\/wp\/v2\/types\/product"}],"wp:featuredmedia":[{"embeddable":true,"href":"https:\/\/qymlab.com\/en\/wp-json\/wp\/v2\/media\/2459"}],"wp:attachment":[{"href":"https:\/\/qymlab.com\/en\/wp-json\/wp\/v2\/media?parent=2458"}],"wp:term":[{"taxonomy":"product_cat","embeddable":true,"href":"https:\/\/qymlab.com\/en\/wp-json\/wp\/v2\/product_cat?post=2458"},{"taxonomy":"product_tag","embeddable":true,"href":"https:\/\/qymlab.com\/en\/wp-json\/wp\/v2\/product_tag?post=2458"}],"curies":[{"name":"wp","href":"https:\/\/api.w.org\/{rel}","templated":true}]}}