{"id":2462,"date":"2021-07-22T23:59:14","date_gmt":"2021-07-23T04:59:14","guid":{"rendered":"https:\/\/qymlab.com\/?post_type=product&#038;p=2462"},"modified":"2025-07-26T22:23:04","modified_gmt":"2025-07-27T03:23:04","slug":"colorimetro-checker-hc-para-cloro-libre","status":"publish","type":"product","link":"https:\/\/qymlab.com\/en\/producto\/colorimetro-checker-hc-para-cloro-libre\/","title":{"rendered":"Color\u00edmetro para Cloro Libre HI701"},"content":{"rendered":"<h4>Caracter\u00edsticas Generales<\/h4>\n<ul>\n<li>M\u00e9todo DPD aprobado por EPA<\/li>\n<li>\u00b10.03 ppm \u00b13% de precisi\u00f3n en la lectura<\/li>\n<li>Resoluci\u00f3n de 0.01 ppm (250 puntos<\/li>\n<li>para cloro libre, 350 para cloro total)<\/li>\n<li>D\u00edgitos grandes de f\u00e1cil lectura<\/li>\n<li>Apagado autom\u00e1tico<\/li>\n<\/ul>\n<div class=\"prod-view-details-left\"><\/div>\n<p>&nbsp;<\/p>","protected":false},"excerpt":{"rendered":"<p>El Checker<sup>\u00ae<\/sup>HC (Color\u00edmetro de bolsillo) HI701 es una forma simple, precisa y rentable de medir el cloro libre. El cloro libre es la forma activa de cloro que se usa para desinfectar el agua potable, piscinas, spas, y el agua de enjuague de vegetales. El cloro libre en el agua es da\u00f1ino para la membrana de \u00f3smosis inversa y necesita ser supervisado para removerlo del agua de la fuente antes de ser usado. Dise\u00f1ado como una alternativa m\u00e1s precisa que los kits de pruebas qu\u00edmicas, el HI701 proporciona resultados r\u00e1pidos y precisos.<\/p>","protected":false},"featured_media":2464,"template":"","meta":[],"product_cat":[37,38],"product_tag":[312,313,311],"_links":{"self":[{"href":"https:\/\/qymlab.com\/en\/wp-json\/wp\/v2\/product\/2462"}],"collection":[{"href":"https:\/\/qymlab.com\/en\/wp-json\/wp\/v2\/product"}],"about":[{"href":"https:\/\/qymlab.com\/en\/wp-json\/wp\/v2\/types\/product"}],"wp:featuredmedia":[{"embeddable":true,"href":"https:\/\/qymlab.com\/en\/wp-json\/wp\/v2\/media\/2464"}],"wp:attachment":[{"href":"https:\/\/qymlab.com\/en\/wp-json\/wp\/v2\/media?parent=2462"}],"wp:term":[{"taxonomy":"product_cat","embeddable":true,"href":"https:\/\/qymlab.com\/en\/wp-json\/wp\/v2\/product_cat?post=2462"},{"taxonomy":"product_tag","embeddable":true,"href":"https:\/\/qymlab.com\/en\/wp-json\/wp\/v2\/product_tag?post=2462"}],"curies":[{"name":"wp","href":"https:\/\/api.w.org\/{rel}","templated":true}]}}