{"id":2469,"date":"2021-07-23T00:44:17","date_gmt":"2021-07-23T05:44:17","guid":{"rendered":"https:\/\/qymlab.com\/?post_type=product&#038;p=2469"},"modified":"2021-09-01T00:06:16","modified_gmt":"2021-09-01T05:06:16","slug":"colorimetro-checker-hc-para-amoniaco-de-rango-medio","status":"publish","type":"product","link":"https:\/\/qymlab.com\/en\/producto\/colorimetro-checker-hc-para-amoniaco-de-rango-medio\/","title":{"rendered":"Color\u00edmetro Checker\u00ae HC para Amon\u00edaco de Rango Medio"},"content":{"rendered":"<h4>Caracter\u00edsticas Generales<\/h4>\n<ul>\n<li>M\u00e1s f\u00e1cil de usar y m\u00e1s preciso que los kits de prueba qu\u00edmica.<\/li>\n<li>Dedicado a un solo par\u00e1metro.<\/li>\n<li>Tama\u00f1o peque\u00f1o, gran comodidad.<\/li>\n<li>Ideal para: Calidad del agua, Medio Ambiente, Enchapado, Educaci\u00f3n.<\/li>\n<\/ul>\n<p>&nbsp;<\/p>","protected":false},"excerpt":{"rendered":"<p>El Checker<sup>\u00ae<\/sup> HC (Color\u00edmetro de bolsillo) HI715 es una forma simple, precisa y rentable de medir el amon\u00edaco. Presente en el agua como un componente del ciclo del nitr\u00f3geno, el amon\u00edaco se excreta de los animales y otros organismos como bacterias heter\u00f3trofas, actinomicetos y hongos durante el metabolismo de prote\u00ednas y amino\u00e1cidos. El amon\u00edaco generalmente esta presente en peque\u00f1as cantidades en aguas no contaminadas, los niveles m\u00e1s altos indican contaminaci\u00f3n org\u00e1nica y son t\u00f3xicos para la vida acu\u00e1tica. Dise\u00f1ado como una alternativa m\u00e1s precisa que los kits de pruebas qu\u00edmicas, el HI715 proporciona resultados r\u00e1pidos y precisos en unos sencillos pasos.<\/p>","protected":false},"featured_media":2472,"template":"","meta":[],"product_cat":[37,38],"product_tag":[],"_links":{"self":[{"href":"https:\/\/qymlab.com\/en\/wp-json\/wp\/v2\/product\/2469"}],"collection":[{"href":"https:\/\/qymlab.com\/en\/wp-json\/wp\/v2\/product"}],"about":[{"href":"https:\/\/qymlab.com\/en\/wp-json\/wp\/v2\/types\/product"}],"wp:featuredmedia":[{"embeddable":true,"href":"https:\/\/qymlab.com\/en\/wp-json\/wp\/v2\/media\/2472"}],"wp:attachment":[{"href":"https:\/\/qymlab.com\/en\/wp-json\/wp\/v2\/media?parent=2469"}],"wp:term":[{"taxonomy":"product_cat","embeddable":true,"href":"https:\/\/qymlab.com\/en\/wp-json\/wp\/v2\/product_cat?post=2469"},{"taxonomy":"product_tag","embeddable":true,"href":"https:\/\/qymlab.com\/en\/wp-json\/wp\/v2\/product_tag?post=2469"}],"curies":[{"name":"wp","href":"https:\/\/api.w.org\/{rel}","templated":true}]}}