{"id":2474,"date":"2021-07-23T01:03:43","date_gmt":"2021-07-23T06:03:43","guid":{"rendered":"https:\/\/qymlab.com\/?post_type=product&#038;p=2474"},"modified":"2021-09-01T00:05:53","modified_gmt":"2021-09-01T05:05:53","slug":"colorimetro-checker-hc-para-amoniaco-de-rango-alto","status":"publish","type":"product","link":"https:\/\/qymlab.com\/en\/producto\/colorimetro-checker-hc-para-amoniaco-de-rango-alto\/","title":{"rendered":"Color\u00edmetro Checker\u00ae HC para Amon\u00edaco de Rango Alto"},"content":{"rendered":"<h4>Caracter\u00edsticas Generales<\/h4>\n<ul>\n<li>M\u00e1s f\u00e1cil de usar y m\u00e1s preciso que los kits de prueba qu\u00edmica.<\/li>\n<li>Dedicado a un solo par\u00e1metro.<\/li>\n<li>Tama\u00f1o peque\u00f1o, gran comodidad.<\/li>\n<li>Ideal para: Calidad del agua, Medio Ambiente, Enchapado, Educaci\u00f3n.<\/li>\n<\/ul>\n<p>&nbsp;<\/p>","protected":false},"excerpt":{"rendered":"<p>El Checker<sup>\u00ae<\/sup> HC (Color\u00edmetro de bolsillo)\u00a0para Amon\u00edaco de Rango Alto (0 a 99.9 ppm) HI733 cierra la brecha entre los simples kits de pruebas qu\u00edmicas y la instrumentaci\u00f3n profesional. Los kits de prueba qu\u00edmica tienen una precisi\u00f3n y resoluci\u00f3n limitadas, ya que dependen del ojo humano para discernir las diferencias de color. La instrumentaci\u00f3n profesional incorpora una fuente de luz, como un LED o una l\u00e1mpara de tungsteno, con un filtro y un detector de luz para determinar con precisi\u00f3n la absorbancia y la concentraci\u00f3n de iones. La instrumentaci\u00f3n profesional ofrece una mayor resoluci\u00f3n y precisi\u00f3n, pero puede costar cientos de d\u00f3lares. El Checker<sup>\u00ae<\/sup>\u00a0para Amon\u00edaco de Rango Alto de Hanna utiliza un LED de longitud de onda fija y un detector de luz de silicio para proporcionar la precisi\u00f3n de la instrumentaci\u00f3n profesional al precio asequible de un kit de prueba qu\u00edmica.<\/p>","protected":false},"featured_media":2475,"template":"","meta":[],"product_cat":[37,38],"product_tag":[],"_links":{"self":[{"href":"https:\/\/qymlab.com\/en\/wp-json\/wp\/v2\/product\/2474"}],"collection":[{"href":"https:\/\/qymlab.com\/en\/wp-json\/wp\/v2\/product"}],"about":[{"href":"https:\/\/qymlab.com\/en\/wp-json\/wp\/v2\/types\/product"}],"wp:featuredmedia":[{"embeddable":true,"href":"https:\/\/qymlab.com\/en\/wp-json\/wp\/v2\/media\/2475"}],"wp:attachment":[{"href":"https:\/\/qymlab.com\/en\/wp-json\/wp\/v2\/media?parent=2474"}],"wp:term":[{"taxonomy":"product_cat","embeddable":true,"href":"https:\/\/qymlab.com\/en\/wp-json\/wp\/v2\/product_cat?post=2474"},{"taxonomy":"product_tag","embeddable":true,"href":"https:\/\/qymlab.com\/en\/wp-json\/wp\/v2\/product_tag?post=2474"}],"curies":[{"name":"wp","href":"https:\/\/api.w.org\/{rel}","templated":true}]}}