{"id":2481,"date":"2021-07-23T02:08:42","date_gmt":"2021-07-23T07:08:42","guid":{"rendered":"https:\/\/qymlab.com\/?post_type=product&#038;p=2481"},"modified":"2021-09-24T18:04:01","modified_gmt":"2021-09-24T23:04:01","slug":"solucion-de-calibracion-ph701","status":"publish","type":"product","link":"https:\/\/qymlab.com\/en\/producto\/solucion-de-calibracion-ph701\/","title":{"rendered":"Soluci\u00f3n de Calibraci\u00f3n pH 7.01 (500 mL)"},"content":{"rendered":"<p>HI7007L\/ es una soluci\u00f3n de calibraci\u00f3n de pH 7.01 de calidad superior que es trazable por NIST. Los est\u00e1ndares de calibraci\u00f3n Hanna tienen el n\u00famero de lote y la fecha de caducidad claramente marcados en la etiqueta, y son herm\u00e9ticos con un sello a prueba de manipulaciones para garantizar la calidad de la soluci\u00f3n. La l\u00ednea de est\u00e1ndares de calibraci\u00f3n de Hanna ha sido especialmente formulada para tener una caducidad de 5 a\u00f1os desde la fecha de fabricaci\u00f3n para una botella sin abrir.<\/p>\n<p>&nbsp;<\/p>","protected":false},"excerpt":{"rendered":"<p>El HI7007L es una soluci\u00f3n de calibraci\u00f3n de pH 7.01 de calidad superior. Los est\u00e1ndares de calibraci\u00f3n de Hanna tienen el n\u00famero de lote y la fecha de caducidad claramente marcados en la etiqueta y son herm\u00e9ticos con un sello a prueba de manipulaciones para garantizar la calidad de la soluci\u00f3n. La l\u00ednea de est\u00e1ndares de calibraci\u00f3n de Hanna ha sido especialmente formulada para tener una caducidad de 5 a\u00f1os a partir de la fecha de fabricaci\u00f3n para una botella sin abrir.<\/p>\n<ul>\n<li>Etiqueta codificada por colores para una f\u00e1cil identificaci\u00f3n del valor del pH del tamp\u00f3n<\/li>\n<li>Precisi\u00f3n de +\/- 0.01 pH @ 25<sup>\u00b0<\/sup>C<\/li>\n<li>Tabla de temperatura del valor de pH real a distintas temperaturas impresas en cada botellaHI7007L\/ es una soluci\u00f3n de calibraci\u00f3n de pH 7.01 de calidad superior que es trazable por NIST. Los est\u00e1ndares de calibraci\u00f3n Hanna tienen el n\u00famero de lote y la fecha de caducidad claramente marcados en la etiqueta, y son herm\u00e9ticos con un sello a prueba de manipulaciones para garantizar la calidad de la soluci\u00f3n. La l\u00ednea de est\u00e1ndares de calibraci\u00f3n de Hanna ha sido especialmente formulada para tener una caducidad de 5 a\u00f1os desde la fecha de fabricaci\u00f3n para una botella sin abrir.<\/li>\n<\/ul>","protected":false},"featured_media":2482,"template":"","meta":[],"product_cat":[40],"product_tag":[],"_links":{"self":[{"href":"https:\/\/qymlab.com\/en\/wp-json\/wp\/v2\/product\/2481"}],"collection":[{"href":"https:\/\/qymlab.com\/en\/wp-json\/wp\/v2\/product"}],"about":[{"href":"https:\/\/qymlab.com\/en\/wp-json\/wp\/v2\/types\/product"}],"wp:featuredmedia":[{"embeddable":true,"href":"https:\/\/qymlab.com\/en\/wp-json\/wp\/v2\/media\/2482"}],"wp:attachment":[{"href":"https:\/\/qymlab.com\/en\/wp-json\/wp\/v2\/media?parent=2481"}],"wp:term":[{"taxonomy":"product_cat","embeddable":true,"href":"https:\/\/qymlab.com\/en\/wp-json\/wp\/v2\/product_cat?post=2481"},{"taxonomy":"product_tag","embeddable":true,"href":"https:\/\/qymlab.com\/en\/wp-json\/wp\/v2\/product_tag?post=2481"}],"curies":[{"name":"wp","href":"https:\/\/api.w.org\/{rel}","templated":true}]}}