{"id":2525,"date":"2021-07-23T20:15:51","date_gmt":"2021-07-24T01:15:51","guid":{"rendered":"https:\/\/qymlab.com\/?post_type=product&#038;p=2525"},"modified":"2021-10-03T13:18:26","modified_gmt":"2021-10-03T18:18:26","slug":"luna-de-reloj","status":"publish","type":"product","link":"https:\/\/qymlab.com\/en\/producto\/luna-de-reloj\/","title":{"rendered":"Luna de Reloj"},"content":{"rendered":"<p><strong>Caracter\u00edstica:<\/strong><\/p>\n<p>Fabricado de vidrio borosilicato 3.3 seg\u00fan DIN 12341.<\/p>\n<p>&nbsp;<\/p>","protected":false},"excerpt":{"rendered":"<p>La luna de reloj es un instrumento de laboratorio de qu\u00edmica\u00a0que se usa para pesar sustancias solidas o desecar peque\u00f1as cantidades en disoluci\u00f3n.<\/p>\n<p>Se llama tambi\u00e9n vidrio de reloj, esto<strong>\u00a0<\/strong>por su parecido con el vidrio de los antiguos relojes de bolsillo. Se utiliza en qu\u00edmica para evaporar l\u00edquidos, pesar productos s\u00f3lidos o como cubierta de vasos de precipitados, y contener sustancias parcialmente corrosivas. Su utilidad m\u00e1s frecuente es pesar muestras s\u00f3lidas; aunque tambi\u00e9n es utilizado para pesar muestras h\u00famedas despu\u00e9s de hacer la filtraci\u00f3n, es decir, despu\u00e9s de haber filtrado el l\u00edquido y quedar solo la muestra s\u00f3lida.<\/p>","protected":false},"featured_media":2527,"template":"","meta":[],"product_cat":[112],"product_tag":[],"_links":{"self":[{"href":"https:\/\/qymlab.com\/en\/wp-json\/wp\/v2\/product\/2525"}],"collection":[{"href":"https:\/\/qymlab.com\/en\/wp-json\/wp\/v2\/product"}],"about":[{"href":"https:\/\/qymlab.com\/en\/wp-json\/wp\/v2\/types\/product"}],"wp:featuredmedia":[{"embeddable":true,"href":"https:\/\/qymlab.com\/en\/wp-json\/wp\/v2\/media\/2527"}],"wp:attachment":[{"href":"https:\/\/qymlab.com\/en\/wp-json\/wp\/v2\/media?parent=2525"}],"wp:term":[{"taxonomy":"product_cat","embeddable":true,"href":"https:\/\/qymlab.com\/en\/wp-json\/wp\/v2\/product_cat?post=2525"},{"taxonomy":"product_tag","embeddable":true,"href":"https:\/\/qymlab.com\/en\/wp-json\/wp\/v2\/product_tag?post=2525"}],"curies":[{"name":"wp","href":"https:\/\/api.w.org\/{rel}","templated":true}]}}