{"id":2536,"date":"2021-07-26T22:31:47","date_gmt":"2021-07-27T03:31:47","guid":{"rendered":"https:\/\/qymlab.com\/?post_type=product&#038;p=2536"},"modified":"2021-09-24T16:45:12","modified_gmt":"2021-09-24T21:45:12","slug":"termometro-digital-checktemp","status":"publish","type":"product","link":"https:\/\/qymlab.com\/en\/producto\/termometro-digital-checktemp\/","title":{"rendered":"Term\u00f3metro digital Checktemp\u00ae"},"content":{"rendered":"<p><strong>Caracter\u00edsticas Generales<\/strong><\/p>\n<ul>\n<li>Exactitud de \u00b1 0.2 \u00b0C (\u00b1 0.5 \u00b0F)<\/li>\n<li>Medidor de bolsillo de temperatura m\u00e1s exacto en el mundo<\/li>\n<li>CAL Check \u2122 \u2013 Verifica autom\u00e1ticamente la calibraci\u00f3n al inicio<\/li>\n<li>Unidades \u00b0C \/ \u00b0F seleccionables por el usuario<\/li>\n<li>Pantalla grande con amplio intervalo de temperatura ambiental y \u00e1ngulo de visi\u00f3n.<\/li>\n<li>Protecci\u00f3n IP65 resistente al agua<\/li>\n<li>Compatible con HACCP \u2013 utilizaci\u00f3n como herramienta de control en el an\u00e1lisis HACCP<\/li>\n<li>Sonda de penetraci\u00f3n de acero inoxidable AISI 316<\/li>\n<li>3000 horas de duraci\u00f3n de la bater\u00eda (uso continuo)<\/li>\n<li>Apagado autom\u00e1tico (selecci\u00f3n de 8 min., 60 min., o funci\u00f3n desactivada)<\/li>\n<\/ul>","protected":false},"excerpt":{"rendered":"<p>El HI98501 Checktemp\u00ae es un term\u00f3metro digital con sonda de penetraci\u00f3n de acero inoxidable. Proporciona mediciones de temperatura de alta precisi\u00f3n en un amplio rango de temperatura sin preocuparse por la filtraci\u00f3n o por condensaci\u00f3n.<\/p>","protected":false},"featured_media":2539,"template":"","meta":[],"product_cat":[120,123],"product_tag":[],"_links":{"self":[{"href":"https:\/\/qymlab.com\/en\/wp-json\/wp\/v2\/product\/2536"}],"collection":[{"href":"https:\/\/qymlab.com\/en\/wp-json\/wp\/v2\/product"}],"about":[{"href":"https:\/\/qymlab.com\/en\/wp-json\/wp\/v2\/types\/product"}],"wp:featuredmedia":[{"embeddable":true,"href":"https:\/\/qymlab.com\/en\/wp-json\/wp\/v2\/media\/2539"}],"wp:attachment":[{"href":"https:\/\/qymlab.com\/en\/wp-json\/wp\/v2\/media?parent=2536"}],"wp:term":[{"taxonomy":"product_cat","embeddable":true,"href":"https:\/\/qymlab.com\/en\/wp-json\/wp\/v2\/product_cat?post=2536"},{"taxonomy":"product_tag","embeddable":true,"href":"https:\/\/qymlab.com\/en\/wp-json\/wp\/v2\/product_tag?post=2536"}],"curies":[{"name":"wp","href":"https:\/\/api.w.org\/{rel}","templated":true}]}}