{"id":2608,"date":"2021-09-03T10:25:13","date_gmt":"2021-09-03T15:25:13","guid":{"rendered":"https:\/\/qymlab.com\/?post_type=product&#038;p=2608"},"modified":"2025-05-04T20:08:00","modified_gmt":"2025-05-05T01:08:00","slug":"hi98130","status":"publish","type":"product","link":"https:\/\/qymlab.com\/en\/producto\/hi98130\/","title":{"rendered":"Medidor de bolsillo de pH\/conductividad\/TDS\/Temperatura (Rango Alto)"},"content":{"rendered":"<p>El HI98130 es un medidor de bolsillo a prueba de agua con el que se pueden realizar mediciones muy exactas de pH, CE\/TDS y temperatura en un solo instrumento, ya no es necesario cambiar de equipo en las mediciones de rutina. Este medidor combinado, flotante y a prueba de agua tiene una pantalla LCD f\u00e1cil de leer y un apagado autom\u00e1tico. Las lecturas de pH y CE\/TDS cuentan con compensaci\u00f3n autom\u00e1tica de temperatura.<\/p>\n<p>&nbsp;<\/p>","protected":false},"excerpt":{"rendered":"<div class=\"short-description\">\n<div class=\"std\">\n<p>El HI98130 hace que la medici\u00f3n de pH sea r\u00e1pida y f\u00e1cil. Este medidor de peso ligero e impermeable ofrece una alta exactitud de pH, CE en el intervalo de 0.00 a 20.00 mS\/cm, TDS de 0.00 a 10.00 ppt y mediciones de temperatura en un solo medidor de bolsillo. No requiere de m\u00e1s cambios entre medidores para realizar sus mediciones rutinarias.<\/p>\n<p>\ud83d\udccc Impermeable.<br \/>\n\ud83d\udccc Electrodo de pH reemplazable con uni\u00f3n extraible.<br \/>\n\ud83d\udccc Calibraci\u00f3n autom\u00e1tica.<br \/>\n\ud83d\udccc 4 par\u00e1metros en 1.<\/p>\n<\/div>\n<\/div>","protected":false},"featured_media":3541,"template":"","meta":[],"product_cat":[36],"product_tag":[],"_links":{"self":[{"href":"https:\/\/qymlab.com\/en\/wp-json\/wp\/v2\/product\/2608"}],"collection":[{"href":"https:\/\/qymlab.com\/en\/wp-json\/wp\/v2\/product"}],"about":[{"href":"https:\/\/qymlab.com\/en\/wp-json\/wp\/v2\/types\/product"}],"wp:featuredmedia":[{"embeddable":true,"href":"https:\/\/qymlab.com\/en\/wp-json\/wp\/v2\/media\/3541"}],"wp:attachment":[{"href":"https:\/\/qymlab.com\/en\/wp-json\/wp\/v2\/media?parent=2608"}],"wp:term":[{"taxonomy":"product_cat","embeddable":true,"href":"https:\/\/qymlab.com\/en\/wp-json\/wp\/v2\/product_cat?post=2608"},{"taxonomy":"product_tag","embeddable":true,"href":"https:\/\/qymlab.com\/en\/wp-json\/wp\/v2\/product_tag?post=2608"}],"curies":[{"name":"wp","href":"https:\/\/api.w.org\/{rel}","templated":true}]}}