{"id":2646,"date":"2021-09-05T08:30:28","date_gmt":"2021-09-05T13:30:28","guid":{"rendered":"https:\/\/qymlab.com\/?post_type=product&#038;p=2646"},"modified":"2023-03-19T17:18:35","modified_gmt":"2023-03-19T22:18:35","slug":"hi981030","status":"publish","type":"product","link":"https:\/\/qymlab.com\/en\/producto\/hi981030\/","title":{"rendered":"Medidor de Bolsillo para pH en suelo"},"content":{"rendered":"<h4>Mejores caracter\u00edsticas para una mejor medici\u00f3n.<\/h4>\n<p>En la pantalla del equipo un indicador de estabilidad de la lectura asegura el m\u00e1s alto nivel de confianza en sus resultados. El apagado autom\u00e1tico seleccionable prolonga la duraci\u00f3n de la bater\u00eda en caso de que se deje involuntariamente encendido el medidor, lo cual proporciona tranquilidad adicional al usuario.<\/p>\n<h4>Tama\u00f1o de bolsillo<\/h4>\n<p>El tama\u00f1o compacto de este medidor lo hace ideal para las mediciones en campo. Su gran pantalla LCD proporciona lecturas f\u00e1ciles de percibir desde cualquier \u00e1ngulo y la operaci\u00f3n con un solo bot\u00f3n hace que las mediciones se realicen f\u00e1cilmente.<\/p>\n<h4>Larga duraci\u00f3n de la bater\u00eda<\/h4>\n<p>La bater\u00eda incluida de ion-litio CR2032 rinde para 1,000 horas de uso continuo. El indicador de bater\u00eda aparecer\u00e1 de forma intermitente en la pantalla para que el usuario haga el reemplazo de dicha bater\u00eda y no interrumpa sus mediciones.<\/p>\n<p>&nbsp;<\/p>","protected":false},"excerpt":{"rendered":"<div class=\"short-description\">\n<div class=\"std\">\n<p dir=\"auto\">Dise\u00f1ado para simplificar las mediciones de pH en suelo, el medidor de pH HI981030 de la l\u00ednea GroLine est\u00e1 dise\u00f1ado para tomar mediciones directas en suelo dentro de las aplicaciones de agricultura y ambientales. El electrodo integrado tiene una uni\u00f3n abierta de referencia, punta c\u00f3nica de vidrio y una manga desmontable que lo convierten en el equipo ideal para la medici\u00f3n del pH directamente en el suelo.<\/p>\n<p dir=\"auto\">\ud835\uddd6\ud835\uddee\ud835\uddff\ud835\uddee\ud835\uddf0\ud835\ude01\ud835\uddf2\ud835\uddff\u00ed\ud835\ude00\ud835\ude01\ud835\uddf6\ud835\uddf0\ud835\uddee\ud835\ude00:<\/p>\n<p dir=\"auto\">\ud83d\udccc Exactitud de \u00b10.05 pH<\/p>\n<p dir=\"auto\">\ud83d\udccc Incluye todas las soluciones y bater\u00edas necesarias para empezar a realizar.<\/p>\n<p dir=\"auto\">\ud83d\udccc Mediciones de inmediato.<\/p>\n<p dir=\"auto\">\ud83d\udccc Electrodo especial para la medici\u00f3n de pH en el suelo y en muestras de lodo o fangosas.<\/p>\n<\/div>\n<\/div>","protected":false},"featured_media":2647,"template":"","meta":[],"product_cat":[132,133],"product_tag":[],"_links":{"self":[{"href":"https:\/\/qymlab.com\/en\/wp-json\/wp\/v2\/product\/2646"}],"collection":[{"href":"https:\/\/qymlab.com\/en\/wp-json\/wp\/v2\/product"}],"about":[{"href":"https:\/\/qymlab.com\/en\/wp-json\/wp\/v2\/types\/product"}],"wp:featuredmedia":[{"embeddable":true,"href":"https:\/\/qymlab.com\/en\/wp-json\/wp\/v2\/media\/2647"}],"wp:attachment":[{"href":"https:\/\/qymlab.com\/en\/wp-json\/wp\/v2\/media?parent=2646"}],"wp:term":[{"taxonomy":"product_cat","embeddable":true,"href":"https:\/\/qymlab.com\/en\/wp-json\/wp\/v2\/product_cat?post=2646"},{"taxonomy":"product_tag","embeddable":true,"href":"https:\/\/qymlab.com\/en\/wp-json\/wp\/v2\/product_tag?post=2646"}],"curies":[{"name":"wp","href":"https:\/\/api.w.org\/{rel}","templated":true}]}}