{"id":2747,"date":"2021-09-23T20:00:24","date_gmt":"2021-09-24T01:00:24","guid":{"rendered":"https:\/\/qymlab.com\/?post_type=product&#038;p=2747"},"modified":"2021-10-03T01:10:57","modified_gmt":"2021-10-03T06:10:57","slug":"termohigrometro-digital-con-certificado","status":"publish","type":"product","link":"https:\/\/qymlab.com\/en\/producto\/termohigrometro-digital-con-certificado\/","title":{"rendered":"Termohigr\u00f3metro Digital Con Certificado"},"content":{"rendered":"<p>\ud835\uddd6\ud835\uddee\ud835\uddff\ud835\uddee\ud835\uddf0\ud835\ude01\ud835\uddf2\ud835\uddff\u00ed\ud835\ude00\ud835\ude01\ud835\uddf6\ud835\uddf0\ud835\uddee\ud835\ude00:<\/p>\n<p>\ud83d\udccc Rango de temperatura: 0.0 a 50.0\u00b0C<\/p>\n<p>\ud83d\udccc Rango de humedad: 20 a 90 %<\/p>\n<p>\ud83d\udccc Resoluci\u00f3n de temperatura: 0.1\u00b0C<\/p>\n<p>\ud83d\udccc Resoluci\u00f3n de humedad: 1%<\/p>\n<p>\ud83d\udccc Exactitud de temperatura: \u00b11\u00b0C<\/p>\n<p>\ud83d\udccc Exactitud de humedad relativa: \u00b15% Bater\u00eda: AAA<\/p>\n<p dir=\"auto\">\n<p dir=\"auto\">","protected":false},"excerpt":{"rendered":"<p>El<span class=\"apple-converted-space\">\u00a0<\/span>termohigr\u00f3metro Certificado<span class=\"apple-converted-space\">\u00a0<\/span>4040 de Control Company<span class=\"apple-converted-space\">\u00a0<\/span>muestra la temperatura del ambiente, la humedad relativa y la hora en modo AM\/PM o 24 Horas, de forma simultanea gracias a su pantalla de triple display.<\/p>\n<p>Ideal para usos en farmacias, laboratorios, perfumer\u00edas, etc. Siendo f\u00e1cil su implementaci\u00f3n en: anaqueles, almacenes, gabinetes, mostradores, incubadoras, adem\u00e1s tiene una funci\u00f3n de soporte y montaje a pared.<\/p>","protected":false},"featured_media":2762,"template":"","meta":[],"product_cat":[144,123],"product_tag":[],"_links":{"self":[{"href":"https:\/\/qymlab.com\/en\/wp-json\/wp\/v2\/product\/2747"}],"collection":[{"href":"https:\/\/qymlab.com\/en\/wp-json\/wp\/v2\/product"}],"about":[{"href":"https:\/\/qymlab.com\/en\/wp-json\/wp\/v2\/types\/product"}],"wp:featuredmedia":[{"embeddable":true,"href":"https:\/\/qymlab.com\/en\/wp-json\/wp\/v2\/media\/2762"}],"wp:attachment":[{"href":"https:\/\/qymlab.com\/en\/wp-json\/wp\/v2\/media?parent=2747"}],"wp:term":[{"taxonomy":"product_cat","embeddable":true,"href":"https:\/\/qymlab.com\/en\/wp-json\/wp\/v2\/product_cat?post=2747"},{"taxonomy":"product_tag","embeddable":true,"href":"https:\/\/qymlab.com\/en\/wp-json\/wp\/v2\/product_tag?post=2747"}],"curies":[{"name":"wp","href":"https:\/\/api.w.org\/{rel}","templated":true}]}}