{"id":2756,"date":"2021-10-03T00:42:36","date_gmt":"2021-10-03T05:42:36","guid":{"rendered":"https:\/\/qymlab.com\/?post_type=product&#038;p=2756"},"modified":"2021-10-03T01:03:34","modified_gmt":"2021-10-03T06:03:34","slug":"medidor-de-bolsillo-de-ph","status":"publish","type":"product","link":"https:\/\/qymlab.com\/en\/producto\/medidor-de-bolsillo-de-ph\/","title":{"rendered":"Medidor de bolsillo de pH Checker\u00ae con resoluci\u00f3n de 0.1 pH"},"content":{"rendered":"<p dir=\"auto\">\ud835\uddd6\ud835\uddee\ud835\uddff\ud835\uddee\ud835\uddf0\ud835\ude01\ud835\uddf2\ud835\uddff\u00ed\ud835\ude00\ud835\ude01\ud835\uddf6\ud835\uddf0\ud835\uddee\ud835\ude00:<\/p>\n<p dir=\"auto\">\ud83d\udccc Operaci\u00f3n con un solo bot\u00f3n.<\/p>\n<p dir=\"auto\">\ud83d\udccc Electrodo de pH reemplazable.<\/p>\n<p dir=\"auto\">\ud83d\udccc Exactitud del pH de \u00b1 0.2<\/p>\n<p dir=\"auto\">","protected":false},"excerpt":{"rendered":"<p>El HI98103 Checker es la siguiente generaci\u00f3n del medidor de bolsillo de pH Hanna Checker original. El Checker es el medidor de pH m\u00e1s popular del mundo, con m\u00e1s de 1 mill\u00f3n de medidores utilizados desde su introducci\u00f3n en 1991. Desde los estudiantes a los investigadores, el Checker ha estado ayudando con su medici\u00f3n de pH como un medidor que es f\u00e1cil de usar y operar.<\/p>","protected":false},"featured_media":2757,"template":"","meta":[],"product_cat":[132,140,37,147,133],"product_tag":[],"_links":{"self":[{"href":"https:\/\/qymlab.com\/en\/wp-json\/wp\/v2\/product\/2756"}],"collection":[{"href":"https:\/\/qymlab.com\/en\/wp-json\/wp\/v2\/product"}],"about":[{"href":"https:\/\/qymlab.com\/en\/wp-json\/wp\/v2\/types\/product"}],"wp:featuredmedia":[{"embeddable":true,"href":"https:\/\/qymlab.com\/en\/wp-json\/wp\/v2\/media\/2757"}],"wp:attachment":[{"href":"https:\/\/qymlab.com\/en\/wp-json\/wp\/v2\/media?parent=2756"}],"wp:term":[{"taxonomy":"product_cat","embeddable":true,"href":"https:\/\/qymlab.com\/en\/wp-json\/wp\/v2\/product_cat?post=2756"},{"taxonomy":"product_tag","embeddable":true,"href":"https:\/\/qymlab.com\/en\/wp-json\/wp\/v2\/product_tag?post=2756"}],"curies":[{"name":"wp","href":"https:\/\/api.w.org\/{rel}","templated":true}]}}