{"id":2763,"date":"2021-10-03T01:24:33","date_gmt":"2021-10-03T06:24:33","guid":{"rendered":"https:\/\/qymlab.com\/?post_type=product&#038;p=2763"},"modified":"2021-10-03T02:13:14","modified_gmt":"2021-10-03T07:13:14","slug":"medidor-de-ph-ce-tds-salinidad-temperatura","status":"publish","type":"product","link":"https:\/\/qymlab.com\/en\/producto\/medidor-de-ph-ce-tds-salinidad-temperatura\/","title":{"rendered":"Medidor de pH\/Ce\/Tds\/Salinidad\/Temperatura"},"content":{"rendered":"<p>\ud835\uddd6\ud835\uddee\ud835\uddff\ud835\uddee\ud835\uddf0\ud835\ude01\ud835\uddf2\ud835\uddff\u00ed\ud835\ude00\ud835\ude01\ud835\uddf6\ud835\uddf0\ud835\uddee\ud835\ude00:<\/p>\n<p>\ud83d\udccc Mide 5 par\u00e1metros, incluidos conductividad, STD (s\u00f3lidos totales disueltos), salinidad, pH y temperatura utilizando un electrodo<\/p>\n<p>\ud83d\udccc 9 unidades de medida: pH, \u00b5S\/cm, mS\/cm, ppm, ppt, mg\/L, g\/L, \u00b0C, \u00b0F<\/p>\n<p>\ud83d\udccc El gr\u00e1fico de barra anal\u00f3gico indica las tendencias<\/p>\n<p>\ud83d\udccc La memoria almacena hasta 25 lecturas etiquetadas<\/p>\n<p>\ud83d\udccc Relaci\u00f3n de conductividad a STD (s\u00f3lidos totales disueltos) ajustable de 0,4 a 1,0; relaci\u00f3n de salinidad de 0,5 no ajustable<\/p>\n<p>\ud83d\udccc La caracter\u00edstica RENOVAR alerta al usuario cuando es necesario reemplazar el electrodo<\/p>\n<p><b>\ud83d\udccc Solicite los est\u00e1ndares de conductividad y los reguladores de pH por separado<\/b><\/p>\n<p>\ud83d\udccc Completo con medidor y electrodo, tapa protectora, cubeta para muestras, cuatro bater\u00edas CR-2032 de 3\u00a0V y correa para el cuello de 48\u00a0in (1.2\u00a0m)<\/p>\n<p dir=\"auto\">","protected":false},"excerpt":{"rendered":"<p>Los Multipar\u00e1metros Extech EC500 miden 5 par\u00e1metros que incluyen conductividad, TDS, salinidad, pH y temperatura usando un electrodo. Medidor a prueba de agua con sensor multi-rango de alta precisi\u00f3n. La gr\u00e1fica de barras anal\u00f3gica indica las tendencias. La memoria almacena hasta 25 lecturas etiquetadas. Completo con medidor, electrodo y tapa protectora.<\/p>","protected":false},"featured_media":2777,"template":"","meta":[],"product_cat":[132,36,147],"product_tag":[],"_links":{"self":[{"href":"https:\/\/qymlab.com\/en\/wp-json\/wp\/v2\/product\/2763"}],"collection":[{"href":"https:\/\/qymlab.com\/en\/wp-json\/wp\/v2\/product"}],"about":[{"href":"https:\/\/qymlab.com\/en\/wp-json\/wp\/v2\/types\/product"}],"wp:featuredmedia":[{"embeddable":true,"href":"https:\/\/qymlab.com\/en\/wp-json\/wp\/v2\/media\/2777"}],"wp:attachment":[{"href":"https:\/\/qymlab.com\/en\/wp-json\/wp\/v2\/media?parent=2763"}],"wp:term":[{"taxonomy":"product_cat","embeddable":true,"href":"https:\/\/qymlab.com\/en\/wp-json\/wp\/v2\/product_cat?post=2763"},{"taxonomy":"product_tag","embeddable":true,"href":"https:\/\/qymlab.com\/en\/wp-json\/wp\/v2\/product_tag?post=2763"}],"curies":[{"name":"wp","href":"https:\/\/api.w.org\/{rel}","templated":true}]}}