{"id":2786,"date":"2021-10-03T02:55:49","date_gmt":"2021-10-03T07:55:49","guid":{"rendered":"https:\/\/qymlab.com\/?post_type=product&#038;p=2786"},"modified":"2021-10-03T03:27:27","modified_gmt":"2021-10-03T08:27:27","slug":"refractometro-optico-2351","status":"publish","type":"product","link":"https:\/\/qymlab.com\/en\/producto\/refractometro-optico-2351\/","title":{"rendered":"Refract\u00f3metro \u00f3ptico (0.0-53.0 % Brix)"},"content":{"rendered":"<p><strong>Especificaciones:<\/strong><\/p>\n<p>\ud83d\udccc Modelo : MASTER-53\u03b1<\/p>\n<p>\ud83d\udccc N\u00famero de corte : 2351<\/p>\n<p>\ud83d\udccc Rango : Brix : 0.0 a 53.0% (Compensaci\u00f3n Autom\u00e1tica de Temperatura)<\/p>\n<p>\ud83d\udccc Escala M\u00ednima : Brix : 0.2%<\/p>\n<p>\ud83d\udccc Resoluci\u00f3n : Brix : 0.2%<\/p>\n<p>\ud83d\udccc Exactitud : Brix : \u00b10.2%<\/p>\n<p>\ud83d\udccc Dimensiones y Peso : 3.2 x 3.4 x 16.8cm, 130g<\/p>\n<p>&nbsp;<\/p>","protected":false},"excerpt":{"rendered":"<p>El Atago 2351 MASTER-53 (alfa) es un refract\u00f3metro port\u00e1til, resistente al agua, con una escala de Brix que mide en el rango de 0.0 a 53.0%, tiene una compensaci\u00f3n autom\u00e1tica de temperatura (ATC) y se aloja en un Ingress- Protecci\u00f3n (IP) -65 cuerpo met\u00e1lico clasificado. Un refract\u00f3metro Brix mide el \u00edndice de refracci\u00f3n de una soluci\u00f3n en una muestra, lo convierte en concentraci\u00f3n de az\u00facar en unidades de porcentaje en peso (% Brix, tambi\u00e9n conocido como grados Brix), y muestra los resultados.<\/p>\n<p>Los refract\u00f3metros de mano, tambi\u00e9n conocidos como medidores de az\u00facar, medidores de concentraci\u00f3n o medidores de Brix, se usan com\u00fanmente en las industrias culinaria, alimentaria y de bebidas, farmac\u00e9utica, educativa, geol\u00f3gica, qu\u00edmica y ecol\u00f3gica y para aplicaciones de prueba de agua.<\/p>","protected":false},"featured_media":2787,"template":"","meta":[],"product_cat":[120,124],"product_tag":[],"_links":{"self":[{"href":"https:\/\/qymlab.com\/en\/wp-json\/wp\/v2\/product\/2786"}],"collection":[{"href":"https:\/\/qymlab.com\/en\/wp-json\/wp\/v2\/product"}],"about":[{"href":"https:\/\/qymlab.com\/en\/wp-json\/wp\/v2\/types\/product"}],"wp:featuredmedia":[{"embeddable":true,"href":"https:\/\/qymlab.com\/en\/wp-json\/wp\/v2\/media\/2787"}],"wp:attachment":[{"href":"https:\/\/qymlab.com\/en\/wp-json\/wp\/v2\/media?parent=2786"}],"wp:term":[{"taxonomy":"product_cat","embeddable":true,"href":"https:\/\/qymlab.com\/en\/wp-json\/wp\/v2\/product_cat?post=2786"},{"taxonomy":"product_tag","embeddable":true,"href":"https:\/\/qymlab.com\/en\/wp-json\/wp\/v2\/product_tag?post=2786"}],"curies":[{"name":"wp","href":"https:\/\/api.w.org\/{rel}","templated":true}]}}