{"id":2790,"date":"2021-10-03T03:52:17","date_gmt":"2021-10-03T08:52:17","guid":{"rendered":"https:\/\/qymlab.com\/?post_type=product&#038;p=2790"},"modified":"2021-10-03T04:20:07","modified_gmt":"2021-10-03T09:20:07","slug":"termometro-de-bolsillo-antibacterial","status":"publish","type":"product","link":"https:\/\/qymlab.com\/en\/producto\/termometro-de-bolsillo-antibacterial\/","title":{"rendered":"Term\u00f3metro de bolsillo antibacterial"},"content":{"rendered":"<p><strong>Especificaciones:<\/strong><\/p>\n<div>\ud83d\udccc Rango: -40\u00b0C a 232\u00b0C \/ -40\u00b0F a 450\u00b0F<\/div>\n<div>\ud83d\udccc Memoria Max\/Min.<\/div>\n<div>\ud83d\udccc Autoapagado<\/div>\n<div>\ud83d\udccc Vastago de 2.75&#8243; de acero inox<\/div>\n<div>\ud83d\udccc Antibacterial y a prueba de agua.<\/div>\n<p>&nbsp;<\/p>","protected":false},"excerpt":{"rendered":"<p id=\"title\" class=\"a-size-large a-spacing-none\"><span id=\"productTitle\" class=\"a-size-large product-title-word-break\">Term\u00f3metro digital compacto impermeable (2,8 pulgadas) de longitud del v\u00e1stago con una sonda de 1,5 mm de di\u00e1metro<\/span><\/p>\n<p><span data-sheets-value=\"{&quot;1&quot;:2,&quot;2&quot;:&quot;El term\u00f3metro digital compacto a prueba de agua, ofrece durabilidad y velocidad para mantenerse al tanto de la seguridad alimentaria, a la vez que es lo suficientemente peque\u00f1o como para guardarlo en el bolsillo de un chef. Este term\u00f3metro digital compacto mide temperaturas de -40 \u00b0 F a 450 \u00b0. El di\u00e1metro de la sonda de 1,5mm, es ideal para medir alimentos delgados como filetes de flanco y pescado. Las caracter\u00edsticas adicionales incluyen memoria m\u00ednima \/ m\u00e1xima, retenci\u00f3n y apagado autom\u00e1tico.&quot;}\" data-sheets-userformat=\"{&quot;2&quot;:15233,&quot;3&quot;:{&quot;1&quot;:0},&quot;10&quot;:1,&quot;11&quot;:4,&quot;12&quot;:0,&quot;14&quot;:{&quot;1&quot;:2,&quot;2&quot;:0},&quot;15&quot;:&quot;Arial&quot;,&quot;16&quot;:9}\">Este es digital y de dise\u00f1o compacto a prueba de agua. Es <\/span>lo suficientemente peque\u00f1o para que puedas guardarlo en el bolsillo y te ofrece\u00a0durabilidad y velocidad en las mediciones. Tiene un rango de temperatura de -40 \u00b0F a 450\u00b0F (-40\u00a0\u00b0C\u00a0a 232\u00a0\u00b0C)\u00a0y es\u00a0ideal para medir alimentos delgados, como filetes y pescado. Cuenta con memoria m\u00ednima y m\u00e1xima, funci\u00f3n de retenci\u00f3n y apagado autom\u00e1tico.<\/p>","protected":false},"featured_media":2791,"template":"","meta":[],"product_cat":[120,123],"product_tag":[],"_links":{"self":[{"href":"https:\/\/qymlab.com\/en\/wp-json\/wp\/v2\/product\/2790"}],"collection":[{"href":"https:\/\/qymlab.com\/en\/wp-json\/wp\/v2\/product"}],"about":[{"href":"https:\/\/qymlab.com\/en\/wp-json\/wp\/v2\/types\/product"}],"wp:featuredmedia":[{"embeddable":true,"href":"https:\/\/qymlab.com\/en\/wp-json\/wp\/v2\/media\/2791"}],"wp:attachment":[{"href":"https:\/\/qymlab.com\/en\/wp-json\/wp\/v2\/media?parent=2790"}],"wp:term":[{"taxonomy":"product_cat","embeddable":true,"href":"https:\/\/qymlab.com\/en\/wp-json\/wp\/v2\/product_cat?post=2790"},{"taxonomy":"product_tag","embeddable":true,"href":"https:\/\/qymlab.com\/en\/wp-json\/wp\/v2\/product_tag?post=2790"}],"curies":[{"name":"wp","href":"https:\/\/api.w.org\/{rel}","templated":true}]}}