{"id":2799,"date":"2021-10-03T10:31:15","date_gmt":"2021-10-03T15:31:15","guid":{"rendered":"https:\/\/qymlab.com\/?post_type=product&#038;p=2799"},"modified":"2021-10-03T12:40:12","modified_gmt":"2021-10-03T17:40:12","slug":"solucion-conductividad-de-1us","status":"publish","type":"product","link":"https:\/\/qymlab.com\/en\/producto\/solucion-conductividad-de-1us\/","title":{"rendered":"Soluci\u00f3n Conductividad De 1\u00b5S ISO 17034"},"content":{"rendered":"<p>Se puede usar para calibrar todos los medidores de conductividad y para determinar todas las constantes de celdas de conductividad. Cumple con los requisitos de prueba para agencias federales, estatales y locales, CAP, ASTM, NCCLS, CLSI, ACS, CLIA, AOAC, EPA, APHA, AWWA, WEF, USGS, USP e ISO. Cumplen y son esenciales para su uso en estos m\u00e9todos oficiales: AOAC 973.40, EPA 120.1, M\u00e9todo est\u00e1ndar 2510 (APHA, AWWA, WEF), ISO 7888, DIN 38404, ASTM D1125, USGS I 1780, USP 645, y para las acreditaciones A2LA \/ NVLAP \/ certificaciones ISO 9000.<\/p>\n<p><strong>Caracter\u00edsticas:<\/strong><\/p>\n<p>\ud83d\udccc Volumen de conductividad: Botella de 16 oz<br \/>\n\ud83d\udccc Valor de Conductividad: 1 microsiemens<br \/>\n\ud83d\udccc Rango Micro (mhos \/ siemens): 1<br \/>\n\ud83d\udccc Rango en Megohms: 1<br \/>\n\ud83d\udccc TDS \/ PPM: 0,66<br \/>\n\ud83d\udccc Conductividad _ pH _ Exactitud: La precisi\u00f3n a 25 \u00b0 C es de \u00b1 0,25 microsiemens para 1, 5, soluci\u00f3n de 10 microsiemens o \u00b1 0,25% para otras soluciones o la incertidumbre observada en el certificado.<\/p>\n<p>&nbsp;<\/p>","protected":false},"excerpt":{"rendered":"<p>Soluci\u00f3n est\u00e1ndar de calibraci\u00f3n para conductividad con certificado trazable a NIST y probado individualmente. Los est\u00e1ndares de conductividad Traceable\u00ae son los m\u00e1s precisos disponibles, cada botella est\u00e1 etiquetada para calibrar la conductividad (microsiemens \/ micromhs), resistividad (ohmios) y s\u00f3lidos disueltos (partes por mill\u00f3n).<\/p>\n<p id=\"title\" class=\"a-size-large\">Para garantizar la precisi\u00f3n, se proporciona un certificado con n\u00famero de serie individual para indicar la trazabilidad a los est\u00e1ndares proporcionados por el NIST (Instituto Nacional de Est\u00e1ndares y Tecnolog\u00eda) y el Laboratorio Nacional de Est\u00e1ndares. Cada botella se entrega con instrucciones de calibraci\u00f3n paso a paso, tabla de compensaci\u00f3n de temperatura individual, informaci\u00f3n de trazabilidad y certificado Traceable\u00ae. Se suministra en una botella de 16 onzas.<\/p>\n<p class=\"a-size-large\">","protected":false},"featured_media":2800,"template":"","meta":[],"product_cat":[40],"product_tag":[],"_links":{"self":[{"href":"https:\/\/qymlab.com\/en\/wp-json\/wp\/v2\/product\/2799"}],"collection":[{"href":"https:\/\/qymlab.com\/en\/wp-json\/wp\/v2\/product"}],"about":[{"href":"https:\/\/qymlab.com\/en\/wp-json\/wp\/v2\/types\/product"}],"wp:featuredmedia":[{"embeddable":true,"href":"https:\/\/qymlab.com\/en\/wp-json\/wp\/v2\/media\/2800"}],"wp:attachment":[{"href":"https:\/\/qymlab.com\/en\/wp-json\/wp\/v2\/media?parent=2799"}],"wp:term":[{"taxonomy":"product_cat","embeddable":true,"href":"https:\/\/qymlab.com\/en\/wp-json\/wp\/v2\/product_cat?post=2799"},{"taxonomy":"product_tag","embeddable":true,"href":"https:\/\/qymlab.com\/en\/wp-json\/wp\/v2\/product_tag?post=2799"}],"curies":[{"name":"wp","href":"https:\/\/api.w.org\/{rel}","templated":true}]}}