{"id":2813,"date":"2021-10-03T17:28:46","date_gmt":"2021-10-03T22:28:46","guid":{"rendered":"https:\/\/qymlab.com\/?post_type=product&#038;p=2813"},"modified":"2021-10-03T18:00:36","modified_gmt":"2021-10-03T23:00:36","slug":"mini-agitador-con-velocidad-automatica-heavy-duty","status":"publish","type":"product","link":"https:\/\/qymlab.com\/en\/producto\/mini-agitador-con-velocidad-automatica-heavy-duty\/","title":{"rendered":"Mini Agitador con velocidad autom\u00e1tica HEAVY-DUTY con cubierta de acero inoxidable (5 L)"},"content":{"rendered":"<p class=\"a-spacing-base\">Especificaciones:<\/p>\n<p>\ud83d\udccc Dimensiones: 180 x 180 x 70 mm (7.1 x 7.1 x 2.8 &#8220;)<\/p>\n<p>\ud83d\udccc Peso : 1.4 kg (3.1 lb.)<\/p>\n<p>\ud83d\udccc Capacidad m\u00e1xima de agitaci\u00f3n: 5 litros (1.3 galones)<\/p>\n<p>\ud83d\udccc Velocidad m\u00ednima: 100 rpm<\/p>\n<p>\ud83d\udccc Velocidad m\u00e1xima: 1000 rpm<\/p>\n<p>\ud83d\udccc Material de la cubierta: Acero inoxidable AISI 316<\/p>","protected":false},"excerpt":{"rendered":"<p>HI310N es un agitador magn\u00e9tico compacto y liviano con una cubierta de acero inoxidable AISI 316. La parte superior de acero inoxidable es ideal para remover muestras que est\u00e1n experimentando una reacci\u00f3n exot\u00e9rmica que podr\u00eda da\u00f1ar la cubierta de un agitador hecho de pl\u00e1stico o soluciones que contienen materiales corrosivos.<\/p>\n<p>La tecnolog\u00eda Autospeed mantiene una velocidad constante cuando la carga de par cambia, asegurando que su muestra se mezcle uniformemente cada vez. El agitador HI310N requiere poco espacio, lo que es valioso cuando el espacio de laboratorio en el laboratorio es un bien escaso.<\/p>","protected":false},"featured_media":2814,"template":"","meta":[],"product_cat":[157],"product_tag":[],"_links":{"self":[{"href":"https:\/\/qymlab.com\/en\/wp-json\/wp\/v2\/product\/2813"}],"collection":[{"href":"https:\/\/qymlab.com\/en\/wp-json\/wp\/v2\/product"}],"about":[{"href":"https:\/\/qymlab.com\/en\/wp-json\/wp\/v2\/types\/product"}],"wp:featuredmedia":[{"embeddable":true,"href":"https:\/\/qymlab.com\/en\/wp-json\/wp\/v2\/media\/2814"}],"wp:attachment":[{"href":"https:\/\/qymlab.com\/en\/wp-json\/wp\/v2\/media?parent=2813"}],"wp:term":[{"taxonomy":"product_cat","embeddable":true,"href":"https:\/\/qymlab.com\/en\/wp-json\/wp\/v2\/product_cat?post=2813"},{"taxonomy":"product_tag","embeddable":true,"href":"https:\/\/qymlab.com\/en\/wp-json\/wp\/v2\/product_tag?post=2813"}],"curies":[{"name":"wp","href":"https:\/\/api.w.org\/{rel}","templated":true}]}}