{"id":2823,"date":"2022-07-02T00:00:38","date_gmt":"2022-07-02T05:00:38","guid":{"rendered":"https:\/\/qymlab.com\/?post_type=product&#038;p=2823"},"modified":"2022-07-02T00:07:35","modified_gmt":"2022-07-02T05:07:35","slug":"solucion-de-almacenamiento","status":"publish","type":"product","link":"https:\/\/qymlab.com\/en\/producto\/solucion-de-almacenamiento\/","title":{"rendered":"Soluci\u00f3n de Almacenamiento de Electrodos (500 mL)"},"content":{"rendered":"<p>HI70300L es una soluci\u00f3n de almacenamiento preparada con qu\u00edmicos de grado reactivo que se pueden usar para garantizar el rendimiento \u00f3ptimo de sus electrodos de pH y ORP. Es necesario almacenar el electrodo de pH en una soluci\u00f3n para mantener el bulbo de vidrio y la uni\u00f3n del electrodo h\u00famedos. Idealmente, se debe usar una soluci\u00f3n de almacenamiento; nunca almacene un electrodo en agua destilada o desionizada. La soluci\u00f3n de almacenamiento de Hanna Instruments est\u00e1 espec\u00edficamente formulada para minimizar el crecimiento microbiano y evitar cualquier efecto de difusi\u00f3n\/osmosis entre la soluci\u00f3n y el electrolito de referencia interno. El almacenamiento de sus electrodos de pH y\/o ORP en una soluci\u00f3n de almacenamiento tambi\u00e9n mantendr\u00e1 la uni\u00f3n limpia. Mantener el bulbo de vidrio y la uni\u00f3n h\u00famedos ayudar\u00e1n a garantizar una medici\u00f3n r\u00e1pida y confiable. En el caso de limpiar su electrodo de pH en una de nuestras soluciones de limpieza, recomendamos sumergir el electrodo en la soluci\u00f3n de almacenamiento HI70300L durante al menos una hora antes de realizar mediciones.<\/p>\n<p>&nbsp;<\/p>","protected":false},"excerpt":{"rendered":"<p>El HI70300L es una soluci\u00f3n que puede usarse para almacenar su electrodo de pH *. Para garantizar un tiempo de respuesta \u00f3ptimo, la punta del sensor de vidrio y la uni\u00f3n de referencia del electrodo de pH se deben mantener h\u00famedas y no deben quedar secas cuando no se usen. Colocar el electrodo en un peque\u00f1o vaso lleno de soluci\u00f3n de almacenamiento o reemplazar la soluci\u00f3n en la tapa protectora es una forma adecuada de almacenar el electrodo. El HI70300L tambi\u00e9n se debe usar para rehidratar el electrodo despu\u00e9s de un procedimiento de limpieza sumergi\u00e9ndolo durante al menos una hora antes de realizar mediciones.<\/p>\n<p>* Nunca almacene electrodos de pH u ORP en agua destilada o desionizada. Hacerlo acortar\u00e1 la vida \u00fatil del sensor.<\/p>","protected":false},"featured_media":2824,"template":"","meta":[],"product_cat":[40],"product_tag":[],"_links":{"self":[{"href":"https:\/\/qymlab.com\/en\/wp-json\/wp\/v2\/product\/2823"}],"collection":[{"href":"https:\/\/qymlab.com\/en\/wp-json\/wp\/v2\/product"}],"about":[{"href":"https:\/\/qymlab.com\/en\/wp-json\/wp\/v2\/types\/product"}],"wp:featuredmedia":[{"embeddable":true,"href":"https:\/\/qymlab.com\/en\/wp-json\/wp\/v2\/media\/2824"}],"wp:attachment":[{"href":"https:\/\/qymlab.com\/en\/wp-json\/wp\/v2\/media?parent=2823"}],"wp:term":[{"taxonomy":"product_cat","embeddable":true,"href":"https:\/\/qymlab.com\/en\/wp-json\/wp\/v2\/product_cat?post=2823"},{"taxonomy":"product_tag","embeddable":true,"href":"https:\/\/qymlab.com\/en\/wp-json\/wp\/v2\/product_tag?post=2823"}],"curies":[{"name":"wp","href":"https:\/\/api.w.org\/{rel}","templated":true}]}}