{"id":2825,"date":"2022-07-02T00:10:40","date_gmt":"2022-07-02T05:10:40","guid":{"rendered":"https:\/\/qymlab.com\/?post_type=product&#038;p=2825"},"modified":"2022-08-03T00:00:05","modified_gmt":"2022-08-03T05:00:05","slug":"solucion-de-limpieza-de-electrodos","status":"publish","type":"product","link":"https:\/\/qymlab.com\/en\/producto\/solucion-de-limpieza-de-electrodos\/","title":{"rendered":"Soluci\u00f3n de Limpieza de Electrodos de Uso General (500 mL)"},"content":{"rendered":"<p>La causa m\u00e1s com\u00fan de las imprecisiones en la medici\u00f3n del pH es un electrodo sucio o que no se limpi\u00f3 correctamente. Esto es muy importante a tener en cuenta, ya que durante la calibraci\u00f3n, el instrumento asume que el electrodo est\u00e1 limpio y que la curva de estandarizaci\u00f3n creada durante el proceso de calibraci\u00f3n seguir\u00e1 siendo una referencia v\u00e1lida hasta la siguiente calibraci\u00f3n. Los medidores de pH en el mercado actual permiten una desviaci\u00f3n de aproximadamente \u00b1 60 mV. La desviaci\u00f3n de 0 mV no es inusual, pero idealmente no deber\u00eda ser mayor de \u00b1 30 mV. El proceso de calibraci\u00f3n compensa el desv\u00edo en el voltaje. Si la desviaci\u00f3n de mV contin\u00faa y el medidor se calibra con un electrodo sucio, se obtendr\u00e1n lecturas imprecisas.<\/p>\n<p>&nbsp;<\/p>","protected":false},"excerpt":{"rendered":"<p>HI7061L es una soluci\u00f3n de limpieza de uso general que se puede utilizar para una variedad de aplicaciones. Los electrodos pueden ensuciarse por el uso y producir\u00e1n resultados inexactos incluso cuando se leen correctamente en un tamp\u00f3n de pH. Las soluciones de limpieza de Hanna eliminan las impurezas y los residuos que quedan en las superficies de los electrodos cuando se sumergen en las muestras durante la medici\u00f3n o cuando se almacenan incorrectamente. Hanna sugiere limpiar el bulbo y la uni\u00f3n de su electrodo regularmente para asegurarse de que la sonda est\u00e9 siempre limpia y para evitar obstrucciones en la uni\u00f3n.<\/p>\n<ul>\n<li>Especialmente formulado para limpiar electrodos<\/li>\n<li>Sello herm\u00e9tico para asegurar la calidad<\/li>\n<li>Fecha de vencimiento y n\u00famero de lote<\/li>\n<\/ul>","protected":false},"featured_media":2849,"template":"","meta":[],"product_cat":[40],"product_tag":[],"_links":{"self":[{"href":"https:\/\/qymlab.com\/en\/wp-json\/wp\/v2\/product\/2825"}],"collection":[{"href":"https:\/\/qymlab.com\/en\/wp-json\/wp\/v2\/product"}],"about":[{"href":"https:\/\/qymlab.com\/en\/wp-json\/wp\/v2\/types\/product"}],"wp:featuredmedia":[{"embeddable":true,"href":"https:\/\/qymlab.com\/en\/wp-json\/wp\/v2\/media\/2849"}],"wp:attachment":[{"href":"https:\/\/qymlab.com\/en\/wp-json\/wp\/v2\/media?parent=2825"}],"wp:term":[{"taxonomy":"product_cat","embeddable":true,"href":"https:\/\/qymlab.com\/en\/wp-json\/wp\/v2\/product_cat?post=2825"},{"taxonomy":"product_tag","embeddable":true,"href":"https:\/\/qymlab.com\/en\/wp-json\/wp\/v2\/product_tag?post=2825"}],"curies":[{"name":"wp","href":"https:\/\/api.w.org\/{rel}","templated":true}]}}