{"id":2839,"date":"2022-07-07T13:18:10","date_gmt":"2022-07-07T18:18:10","guid":{"rendered":"https:\/\/qymlab.com\/?post_type=product&#038;p=2839"},"modified":"2022-07-07T13:40:48","modified_gmt":"2022-07-07T18:40:48","slug":"termometro-tipo-t-en-grados-celsius-hi145-00","status":"publish","type":"product","link":"https:\/\/qymlab.com\/en\/producto\/termometro-tipo-t-en-grados-celsius-hi145-00\/","title":{"rendered":"Term\u00f3metro tipo T en grados Celsius (125 mm)"},"content":{"rendered":"<p>Caracter\u00edsticas<br \/>\nCAL Check\u2122<br \/>\nSonda de acero inoxidable AISI 316<br \/>\nCompatible con HACCP<\/p>\n<p>Los term\u00f3metros HI145 se desarrollaron para programas HACCP que requieren altos est\u00e1ndares de rendimiento y simplicidad de uso. El mango en forma de T es resistente y se adapta c\u00f3modamente a la mano. Es ideal para aplicaciones donde la fuerza aplicada es necesaria para la inserci\u00f3n, como la inspecci\u00f3n de carne y los alimentos semi congelados. La pantalla LCD situada en la parte superior del medidor permite una f\u00e1cil lectura en las aplicaciones de cocci\u00f3n.<\/p>","protected":false},"excerpt":{"rendered":"<p>El HI145-00 es un term\u00f3metro digital en forma de T con sonda de penetraci\u00f3n de acero inoxidable desarrollada para los programas HACCP. Ofrece un dise\u00f1o ergon\u00f3mico y mediciones de alta exactitud en un amplio intervalo de temperatura.<\/p>","protected":false},"featured_media":2840,"template":"","meta":[],"product_cat":[123],"product_tag":[175],"_links":{"self":[{"href":"https:\/\/qymlab.com\/en\/wp-json\/wp\/v2\/product\/2839"}],"collection":[{"href":"https:\/\/qymlab.com\/en\/wp-json\/wp\/v2\/product"}],"about":[{"href":"https:\/\/qymlab.com\/en\/wp-json\/wp\/v2\/types\/product"}],"wp:featuredmedia":[{"embeddable":true,"href":"https:\/\/qymlab.com\/en\/wp-json\/wp\/v2\/media\/2840"}],"wp:attachment":[{"href":"https:\/\/qymlab.com\/en\/wp-json\/wp\/v2\/media?parent=2839"}],"wp:term":[{"taxonomy":"product_cat","embeddable":true,"href":"https:\/\/qymlab.com\/en\/wp-json\/wp\/v2\/product_cat?post=2839"},{"taxonomy":"product_tag","embeddable":true,"href":"https:\/\/qymlab.com\/en\/wp-json\/wp\/v2\/product_tag?post=2839"}],"curies":[{"name":"wp","href":"https:\/\/api.w.org\/{rel}","templated":true}]}}