{"id":2854,"date":"2022-08-05T14:58:23","date_gmt":"2022-08-05T19:58:23","guid":{"rendered":"https:\/\/qymlab.com\/?post_type=product&#038;p=2854"},"modified":"2022-08-05T15:54:19","modified_gmt":"2022-08-05T20:54:19","slug":"hi7021l","status":"publish","type":"product","link":"https:\/\/qymlab.com\/en\/producto\/hi7021l\/","title":{"rendered":"Soluci\u00f3n de Verificaci\u00f3n ORP 240 mV (500 mL)"},"content":{"rendered":"<p>El HI7021L es una soluci\u00f3n de verificaci\u00f3n de ORP dise\u00f1ada para evaluar los electrodos de ORP. Cuando el electrodo de ORP se coloca en la soluci\u00f3n de verificaci\u00f3n, la lectura obtenida debe estar en el intervalo de +\/- 10 mV alrededor del valor de 240 mV a 25<sup>\u00b0<\/sup>C. Esta soluci\u00f3n permite al usuario evaluar de forma r\u00e1pida si sus electrodos est\u00e1n funcionando correctamente. Usando esta soluci\u00f3n como una herramienta de diagn\u00f3stico, el usuario puede decidir si el electrodo de ORP se tiene que limpiar y acondicionar.<\/p>","protected":false},"excerpt":{"rendered":"<p>El HI7021L es una soluci\u00f3n de ORP de alta calidad preparada con compuestos grado reactivo que se emplea en la verificaci\u00f3n de electrodos de oro para medir ORP. \u00a0Las soluciones de Hanna tienen el lote y fecha de caducidad claramente marcados en la etiqueta y est\u00e1n selladas herm\u00e9ticamente para asegurar la m\u00e1xima calidad de la soluci\u00f3n.<\/p>","protected":false},"featured_media":2855,"template":"","meta":[],"product_cat":[40],"product_tag":[],"_links":{"self":[{"href":"https:\/\/qymlab.com\/en\/wp-json\/wp\/v2\/product\/2854"}],"collection":[{"href":"https:\/\/qymlab.com\/en\/wp-json\/wp\/v2\/product"}],"about":[{"href":"https:\/\/qymlab.com\/en\/wp-json\/wp\/v2\/types\/product"}],"wp:featuredmedia":[{"embeddable":true,"href":"https:\/\/qymlab.com\/en\/wp-json\/wp\/v2\/media\/2855"}],"wp:attachment":[{"href":"https:\/\/qymlab.com\/en\/wp-json\/wp\/v2\/media?parent=2854"}],"wp:term":[{"taxonomy":"product_cat","embeddable":true,"href":"https:\/\/qymlab.com\/en\/wp-json\/wp\/v2\/product_cat?post=2854"},{"taxonomy":"product_tag","embeddable":true,"href":"https:\/\/qymlab.com\/en\/wp-json\/wp\/v2\/product_tag?post=2854"}],"curies":[{"name":"wp","href":"https:\/\/api.w.org\/{rel}","templated":true}]}}