{"id":2858,"date":"2022-08-05T16:29:40","date_gmt":"2022-08-05T21:29:40","guid":{"rendered":"https:\/\/qymlab.com\/?post_type=product&#038;p=2858"},"modified":"2022-08-06T12:05:03","modified_gmt":"2022-08-06T17:05:03","slug":"hi7040l","status":"publish","type":"product","link":"https:\/\/qymlab.com\/en\/producto\/hi7040l\/","title":{"rendered":"Soluci\u00f3n de Ox\u00edgeno Cero (500 mL)"},"content":{"rendered":"<p>El HI7040L es una soluci\u00f3n de ox\u00edgeno cero de dos componentes, fabricada para calibrar las sondas galv\u00e1nicas y polarogr\u00e1ficas de ox\u00edgeno disuelto. Simplemente sumergiendo la sonda de ox\u00edgeno disuelto en la soluci\u00f3n, el usuario puede calibrar r\u00e1pidamente a una concentraci\u00f3n de ox\u00edgeno del 0%, permitiendo mediciones exactas del ox\u00edgeno disuelto en su muestra.\u00a0Estas soluciones son producidas en las fabricas especializadas Hanna usando reactivos de grado anal\u00edtico y con ambientes a temperatura controlada.<\/p>","protected":false},"excerpt":{"rendered":"<p>La soluci\u00f3n de cero ox\u00edgeno HI7040L, es un reactivo bicomponente de alta calidad. Los est\u00e1ndares de calibraci\u00f3n Hanna tienen el n\u00famero de lote y la fecha de caducidad claramente marcados en la etiqueta y son herm\u00e9ticos con un sello a prueba de manipulaciones para garantizar la calidad de la soluci\u00f3n.<\/p>","protected":false},"featured_media":2873,"template":"","meta":[],"product_cat":[40],"product_tag":[],"_links":{"self":[{"href":"https:\/\/qymlab.com\/en\/wp-json\/wp\/v2\/product\/2858"}],"collection":[{"href":"https:\/\/qymlab.com\/en\/wp-json\/wp\/v2\/product"}],"about":[{"href":"https:\/\/qymlab.com\/en\/wp-json\/wp\/v2\/types\/product"}],"wp:featuredmedia":[{"embeddable":true,"href":"https:\/\/qymlab.com\/en\/wp-json\/wp\/v2\/media\/2873"}],"wp:attachment":[{"href":"https:\/\/qymlab.com\/en\/wp-json\/wp\/v2\/media?parent=2858"}],"wp:term":[{"taxonomy":"product_cat","embeddable":true,"href":"https:\/\/qymlab.com\/en\/wp-json\/wp\/v2\/product_cat?post=2858"},{"taxonomy":"product_tag","embeddable":true,"href":"https:\/\/qymlab.com\/en\/wp-json\/wp\/v2\/product_tag?post=2858"}],"curies":[{"name":"wp","href":"https:\/\/api.w.org\/{rel}","templated":true}]}}