{"id":2860,"date":"2022-08-06T00:12:18","date_gmt":"2022-08-06T05:12:18","guid":{"rendered":"https:\/\/qymlab.com\/?post_type=product&#038;p=2860"},"modified":"2022-08-06T01:37:39","modified_gmt":"2022-08-06T06:37:39","slug":"multiparametro-hq2200","status":"publish","type":"product","link":"https:\/\/qymlab.com\/en\/producto\/multiparametro-hq2200\/","title":{"rendered":"Multipar\u00e1metro port\u00e1til con electrodos de pH y conductividad, cable de 1 m"},"content":{"rendered":"<p><strong>Nunca hab\u00eda sido tan f\u00e1cil realizar una calibraci\u00f3n correcta<\/strong><\/p>\n<p>La mayor\u00eda de los problemas de medici\u00f3n se deben a procedimientos de calibraci\u00f3n incorrectos. Con nuestros procedimientos de calibraci\u00f3n y soluci\u00f3n de problemas en pantalla, ilustrados y paso a paso, los profesionales de la calidad del agua pueden tener \u00e9xito en cada ocasi\u00f3n.<\/p>\n<p>&nbsp;<\/p>\n<p><strong>Realice su actividad diaria con solo unos clics<\/strong><\/p>\n<p>Tanto si se encuentra en sus instalaciones como si est\u00e1 realizando trabajo de campo, el medidor port\u00e1til de la serie HQ de Hach<sup>\u00ae<\/sup>\u00a0garantiza que los datos se transfieran de forma segura por USB.<\/p>\n<p>&nbsp;<\/p>\n<p><strong>Sensores dise\u00f1ados para cada aplicaci\u00f3n<\/strong><\/p>\n<p>Ofrecemos sensores inteligentes Intellical de laboratorio est\u00e1ndar y robustos de campo con la serie HQ. Su objetivo es medir una amplia variedad de par\u00e1metros, incluidos s\u00f3lidos disueltos totales (TDS), ox\u00edgeno disuelto (OD) \u00f3ptico, demanda bioqu\u00edmica de ox\u00edgeno (DBO), temperatura, conductividad y pH. Los medidores HQ reconocen autom\u00e1ticamente las sondas inteligentes Intellical, que conservan el historial de calibraci\u00f3n y la configuraci\u00f3n del m\u00e9todo para reducir al m\u00ednimo los errores y el tiempo de preparaci\u00f3n. Incorporan tecnolog\u00eda de eficacia probada para ofrecer una exactitud superior y mejor tiempo de respuesta, incluso al realizar mediciones de muestras o de entornos operativos complicados.<\/p>\n<p>&nbsp;<\/p>\n<p><strong>Tranquilidad: los equipos de servicio t\u00e9cnico y soporte t\u00e9cnico de Hach estar\u00e1n a su disposici\u00f3n<\/strong><\/p>\n<p>Nuestros equipos de soporte t\u00e9cnico, servicio t\u00e9cnico en campo y en central, trabajan juntos y cuentan con m\u00e1s de 80 a\u00f1os de experiencia en electroqu\u00edmica para ayudarle a maximizar el tiempo de disponibilidad de los instrumentos, garantizar la integridad de los datos, mantener la estabilidad operativa y reducir los riesgos de incumplimiento de la normativa. Nunca se sienta desamparado cuando necesite asistencia.<\/p>","protected":false},"excerpt":{"rendered":"<p>La serie HQ est\u00e1 destinada a profesionales de la calidad del agua que deseen realizar an\u00e1lisis electroqu\u00edmicos en entornos de campo y de laboratorio. Nuestra nueva plataforma port\u00e1til le permitir\u00e1 recopilar de forma intuitiva mediciones exactas, gestionar datos y revisar f\u00e1cilmente los resultados, a la vez que proporciona un \u00edndice de protecci\u00f3n IP67.<\/p>\n<p>&nbsp;<\/p>\n<p>El medidor multiparam\u00e9trico port\u00e1til <strong>HQ2200<\/strong> proporciona una soluci\u00f3n realmente robusta y lista para su uso en el campo con una gu\u00eda de funcionamiento paso a paso en pantalla que inspira confianza a los usuarios a la hora de generar informes y gestionar los resultados. A diferencia de otros medidores de campo con interfaces de usuario b\u00e1sicas y sin datos de f\u00e1cil acceso, la serie HQ protege, simplifica y acelera el proceso de medici\u00f3n al completo.<\/p>","protected":false},"featured_media":2861,"template":"","meta":[],"product_cat":[36],"product_tag":[],"_links":{"self":[{"href":"https:\/\/qymlab.com\/en\/wp-json\/wp\/v2\/product\/2860"}],"collection":[{"href":"https:\/\/qymlab.com\/en\/wp-json\/wp\/v2\/product"}],"about":[{"href":"https:\/\/qymlab.com\/en\/wp-json\/wp\/v2\/types\/product"}],"wp:featuredmedia":[{"embeddable":true,"href":"https:\/\/qymlab.com\/en\/wp-json\/wp\/v2\/media\/2861"}],"wp:attachment":[{"href":"https:\/\/qymlab.com\/en\/wp-json\/wp\/v2\/media?parent=2860"}],"wp:term":[{"taxonomy":"product_cat","embeddable":true,"href":"https:\/\/qymlab.com\/en\/wp-json\/wp\/v2\/product_cat?post=2860"},{"taxonomy":"product_tag","embeddable":true,"href":"https:\/\/qymlab.com\/en\/wp-json\/wp\/v2\/product_tag?post=2860"}],"curies":[{"name":"wp","href":"https:\/\/api.w.org\/{rel}","templated":true}]}}