{"id":2876,"date":"2022-08-06T13:04:37","date_gmt":"2022-08-06T18:04:37","guid":{"rendered":"https:\/\/qymlab.com\/?post_type=product&#038;p=2876"},"modified":"2022-08-06T13:46:46","modified_gmt":"2022-08-06T18:46:46","slug":"hi5012","status":"publish","type":"product","link":"https:\/\/qymlab.com\/en\/producto\/hi5012\/","title":{"rendered":"Soluci\u00f3n de Calibraci\u00f3n T\u00e9cnica pH 12.00 (500 mL)"},"content":{"rendered":"<p>HI5012 es una soluci\u00f3n de calibraci\u00f3n t\u00e9cnica pH 12.00 de calidad superior, producido de acuerdo con las normas ISO 3696\/BS3978, utilizando sales de alta pureza, agua desionizada, balanzas certificadas con control de peso y material de vidrio de clase A en un ambiente de temperatura controlada monitoreado con term\u00f3metros certificados. Los valores informados tienen una precisi\u00f3n de +\/- 0.01 pH a 25<sup>\u00b0<\/sup>C y son trazables seg\u00fan los Materiales de Referencia Est\u00e1ndar (SRMs) del NIST.<\/p>","protected":false},"excerpt":{"rendered":"<p>HI5012 es una soluci\u00f3n de calibraci\u00f3n t\u00e9cnica pH 12.00 de calidad superior que es trazable por NIST y se suministra con un Certificado de An\u00e1lisis. Los est\u00e1ndares de calibraci\u00f3n Hanna tienen el n\u00famero de lote y la fecha de caducidad claramente marcados en la etiqueta y son herm\u00e9ticos con un sello a prueba de manipulaciones para garantizar la calidad de la soluci\u00f3n. La l\u00ednea de est\u00e1ndares de calibraci\u00f3n de Hanna ha sido especialmente formulada para tener una caducidad de 5 a\u00f1os a partir de la fecha de fabricaci\u00f3n para una botella sin abrir.<\/p>","protected":false},"featured_media":2877,"template":"","meta":[],"product_cat":[40],"product_tag":[],"_links":{"self":[{"href":"https:\/\/qymlab.com\/en\/wp-json\/wp\/v2\/product\/2876"}],"collection":[{"href":"https:\/\/qymlab.com\/en\/wp-json\/wp\/v2\/product"}],"about":[{"href":"https:\/\/qymlab.com\/en\/wp-json\/wp\/v2\/types\/product"}],"wp:featuredmedia":[{"embeddable":true,"href":"https:\/\/qymlab.com\/en\/wp-json\/wp\/v2\/media\/2877"}],"wp:attachment":[{"href":"https:\/\/qymlab.com\/en\/wp-json\/wp\/v2\/media?parent=2876"}],"wp:term":[{"taxonomy":"product_cat","embeddable":true,"href":"https:\/\/qymlab.com\/en\/wp-json\/wp\/v2\/product_cat?post=2876"},{"taxonomy":"product_tag","embeddable":true,"href":"https:\/\/qymlab.com\/en\/wp-json\/wp\/v2\/product_tag?post=2876"}],"curies":[{"name":"wp","href":"https:\/\/api.w.org\/{rel}","templated":true}]}}