{"id":2880,"date":"2022-08-08T20:03:50","date_gmt":"2022-08-09T01:03:50","guid":{"rendered":"https:\/\/qymlab.com\/?post_type=product&#038;p=2880"},"modified":"2022-08-08T20:21:00","modified_gmt":"2022-08-09T01:21:00","slug":"hi98100","status":"publish","type":"product","link":"https:\/\/qymlab.com\/en\/producto\/hi98100\/","title":{"rendered":"Medidor de bolsillo de pH Checker\u00ae Plus con resoluci\u00f3n de 0.01 pH"},"content":{"rendered":"<p dir=\"auto\">\ud835\uddd6\ud835\uddee\ud835\uddff\ud835\uddee\ud835\uddf0\ud835\ude01\ud835\uddf2\ud835\uddff\u00ed\ud835\ude00\ud835\ude01\ud835\uddf6\ud835\uddf0\ud835\uddee\ud835\ude00:<\/p>\n<p dir=\"auto\">\ud83d\udccc Operaci\u00f3n con un solo bot\u00f3n.<\/p>\n<p dir=\"auto\">\ud83d\udccc Electrodo de pH reemplazable.<\/p>\n<p dir=\"auto\">\ud83d\udccc Exactitud del pH de \u00b1 0.2<\/p>\n<p dir=\"auto\">\ud83d\udccc Resoluci\u00f3n de pH 0.01<\/p>","protected":false},"excerpt":{"rendered":"<p>El HI98100 Checker Plus es la siguiente generaci\u00f3n del medidor de bolsillo de pH Hanna Checker original. El Checker es el medidor de pH m\u00e1s popular del mundo, con m\u00e1s de 1 mill\u00f3n de medidores utilizados desde su introducci\u00f3n en 1991. Desde los estudiantes a los investigadores, el Checker Plus ha estado ayudando con su medici\u00f3n de pH como un medidor que es f\u00e1cil de usar y operar.<\/p>","protected":false},"featured_media":2883,"template":"","meta":[],"product_cat":[132,140,37,147,133],"product_tag":[],"_links":{"self":[{"href":"https:\/\/qymlab.com\/en\/wp-json\/wp\/v2\/product\/2880"}],"collection":[{"href":"https:\/\/qymlab.com\/en\/wp-json\/wp\/v2\/product"}],"about":[{"href":"https:\/\/qymlab.com\/en\/wp-json\/wp\/v2\/types\/product"}],"wp:featuredmedia":[{"embeddable":true,"href":"https:\/\/qymlab.com\/en\/wp-json\/wp\/v2\/media\/2883"}],"wp:attachment":[{"href":"https:\/\/qymlab.com\/en\/wp-json\/wp\/v2\/media?parent=2880"}],"wp:term":[{"taxonomy":"product_cat","embeddable":true,"href":"https:\/\/qymlab.com\/en\/wp-json\/wp\/v2\/product_cat?post=2880"},{"taxonomy":"product_tag","embeddable":true,"href":"https:\/\/qymlab.com\/en\/wp-json\/wp\/v2\/product_tag?post=2880"}],"curies":[{"name":"wp","href":"https:\/\/api.w.org\/{rel}","templated":true}]}}