{"id":2933,"date":"2022-09-07T20:34:46","date_gmt":"2022-09-08T01:34:46","guid":{"rendered":"https:\/\/qymlab.com\/?post_type=product&#038;p=2933"},"modified":"2022-09-09T21:18:33","modified_gmt":"2022-09-10T02:18:33","slug":"hi766f-sonda-termopar-tipo-k-flexible-para-altas-temperaturas","status":"publish","type":"product","link":"https:\/\/qymlab.com\/en\/producto\/hi766f-sonda-termopar-tipo-k-flexible-para-altas-temperaturas\/","title":{"rendered":"Sonda Termopar Tipo K Flexible para Altas Temperaturas"},"content":{"rendered":"<p><span style=\"font-weight: 400;\">La Sonda Termopar Tipo K Flexible Para Altas Temperaturas &#8211; HI766F\u00a0est\u00e1 dise\u00f1ada para medir la temperatura de superficies s\u00f3lidas de alta temperatura que pueden ser dif\u00edciles de medir con las sondas de temperatura tradicionales. El tiempo de respuesta de una medici\u00f3n se ve afectado por la posici\u00f3n del sensor en relaci\u00f3n a la superficie que se mide. La forma flexible del HI766F ofrece una respuesta r\u00e1pida de 4 segundos para una lectura de temperatura. Con una construcci\u00f3n de acero inoxidable AISI 316 y resistente a la corrosi\u00f3n, esta sonda puede medir superficies extremadamente calientes de hasta 1100\u00b0C (2000\u00b0F)<\/span><span style=\"font-weight: 400;\">.<\/span><\/p>\n<div><\/div>\n<div><\/div>\n<div>\n<p>&nbsp;<\/p>\n<\/div>","protected":false},"excerpt":{"rendered":"<p>El HI766F es una sonda termopar tipo K con recubrimiento flexible dise\u00f1ada para usarse con un term\u00f3metro termopar. El cable se extiende 1m (3.3\u2019) desde el final del sensor hasta el conector del termopar con el equipo; el HI766F no tiene mango incorporado. La sonda flexible de acero inoxidable permite a los usuarios obtener lecturas altamente precisas de una variedad de superficies de alta temperatura.<\/p>\n<p>&nbsp;<\/p>","protected":false},"featured_media":2945,"template":"","meta":[],"product_cat":[208,211,123],"product_tag":[],"_links":{"self":[{"href":"https:\/\/qymlab.com\/en\/wp-json\/wp\/v2\/product\/2933"}],"collection":[{"href":"https:\/\/qymlab.com\/en\/wp-json\/wp\/v2\/product"}],"about":[{"href":"https:\/\/qymlab.com\/en\/wp-json\/wp\/v2\/types\/product"}],"wp:featuredmedia":[{"embeddable":true,"href":"https:\/\/qymlab.com\/en\/wp-json\/wp\/v2\/media\/2945"}],"wp:attachment":[{"href":"https:\/\/qymlab.com\/en\/wp-json\/wp\/v2\/media?parent=2933"}],"wp:term":[{"taxonomy":"product_cat","embeddable":true,"href":"https:\/\/qymlab.com\/en\/wp-json\/wp\/v2\/product_cat?post=2933"},{"taxonomy":"product_tag","embeddable":true,"href":"https:\/\/qymlab.com\/en\/wp-json\/wp\/v2\/product_tag?post=2933"}],"curies":[{"name":"wp","href":"https:\/\/api.w.org\/{rel}","templated":true}]}}