{"id":2935,"date":"2022-09-09T17:34:16","date_gmt":"2022-09-09T22:34:16","guid":{"rendered":"https:\/\/qymlab.com\/?post_type=product&#038;p=2935"},"modified":"2022-09-09T20:06:07","modified_gmt":"2022-09-10T01:06:07","slug":"medidor-de-humedad-para-suelos-lutron-pms-714","status":"publish","type":"product","link":"https:\/\/qymlab.com\/en\/producto\/medidor-de-humedad-para-suelos-lutron-pms-714\/","title":{"rendered":"Medidor de humedad para suelos LUTRON &#8211; PMS-714"},"content":{"rendered":"<div>El medidor de humedad Lutron PMS-714 est\u00e1 dise\u00f1ado para medir el contenido de humedad del suelo y tiene un rango de medici\u00f3n de 0 a 50% con una resoluci\u00f3n de 0,1%.<\/div>","protected":false},"excerpt":{"rendered":"<p>El medidor de humedad Lutron PMS-714 est\u00e1 dise\u00f1ado para medir el contenido de humedad del suelo y tiene un rango de medici\u00f3n de 0 a 50% con una resoluci\u00f3n de 0,1%.<\/p>","protected":false},"featured_media":2939,"template":"","meta":[],"product_cat":[17,132,209],"product_tag":[],"_links":{"self":[{"href":"https:\/\/qymlab.com\/en\/wp-json\/wp\/v2\/product\/2935"}],"collection":[{"href":"https:\/\/qymlab.com\/en\/wp-json\/wp\/v2\/product"}],"about":[{"href":"https:\/\/qymlab.com\/en\/wp-json\/wp\/v2\/types\/product"}],"wp:featuredmedia":[{"embeddable":true,"href":"https:\/\/qymlab.com\/en\/wp-json\/wp\/v2\/media\/2939"}],"wp:attachment":[{"href":"https:\/\/qymlab.com\/en\/wp-json\/wp\/v2\/media?parent=2935"}],"wp:term":[{"taxonomy":"product_cat","embeddable":true,"href":"https:\/\/qymlab.com\/en\/wp-json\/wp\/v2\/product_cat?post=2935"},{"taxonomy":"product_tag","embeddable":true,"href":"https:\/\/qymlab.com\/en\/wp-json\/wp\/v2\/product_tag?post=2935"}],"curies":[{"name":"wp","href":"https:\/\/api.w.org\/{rel}","templated":true}]}}