{"id":2947,"date":"2022-09-12T16:28:31","date_gmt":"2022-09-12T21:28:31","guid":{"rendered":"https:\/\/qymlab.com\/?post_type=product&#038;p=2947"},"modified":"2022-09-12T21:13:35","modified_gmt":"2022-09-13T02:13:35","slug":"an1205","status":"publish","type":"product","link":"https:\/\/qymlab.com\/en\/producto\/an1205\/","title":{"rendered":"Son\u00f3metro Portatil Digital"},"content":{"rendered":"<p>Caracter\u00edsticas<br \/>\n\ud83d\udcccPantalla LCD de 4 d\u00edgitos con gr\u00e1ficos de barra<br \/>\n\ud83d\udcccCarga de frecuencia: A\/C<br \/>\n\ud83d\udcccMini tarjeta SD, Interface a PC<br \/>\n\ud83d\udcccSoftware gr\u00e1fico Windows, registro de datos y an\u00e1lisis<br \/>\n\ud83d\udcccFunci\u00f3n HOLD<br \/>\n\ud83d\udcccAuto apagado despu\u00e9s de 2 minutos de inactividad<br \/>\n\ud83d\udcccIndicador de baja bater\u00eda<br \/>\n\ud83d\udcccRango: 30 a 130dB (A), 35 a 130dB (C)<br \/>\n\ud83d\udcccResoluci\u00f3n: 0.1dB<br \/>\n\ud83d\udcccPrecisi\u00f3n: \u00b11.5dB (tipo 2)<br \/>\n\ud83d\udcccRango din\u00e1mico: 50dB<br \/>\n\ud83d\udcccEscala din\u00e1mica: r\u00e1pido (125ms) \/ lento (1s)<br \/>\n\ud83d\udcccCampo de frecuencia: 31.5Hz a 8.5kHz<br \/>\n\ud83d\udcccIndicador sobre rango: sobre\/bajo<br \/>\n\ud83d\udcccClase III<br \/>\n\ud83d\udcccSalida DC: 10mV\/dB<br \/>\n\ud83d\udcccSalida AC: 0.707mV\/scala<br \/>\n\ud83d\udcccDimensiones: 256 x 75 x 35mm<br \/>\n\ud83d\udcccIncluye: bater\u00eda, cable USB, manual, malet\u00edn y software<\/p>","protected":false},"excerpt":{"rendered":"<p>El son\u00f3metro AN1205 de la marca Anton Instruments sirve para medir niveles de presi\u00f3n sonora que muestra en la pantalla LCD de 4 d\u00edgitos con gr\u00e1ficos de barra. En concreto, el son\u00f3metro mide el nivel de ruido que existe en determinado lugar y en un momento dado. La apariencia del medidor de nivel de sonido digital es novedosa, peque\u00f1a y port\u00e1til. El AN1205 es aplicable para la medici\u00f3n de la ingenier\u00eda de ruido, control de calidad, prevenci\u00f3n de la salud y diversos ruidos ambientales, incluida la medici\u00f3n de ruido en varias oficinas de lugares, transporte de personas, familias, equipos de est\u00e9reo y otros lugares.<\/p>","protected":false},"featured_media":2948,"template":"","meta":[],"product_cat":[17,217],"product_tag":[],"_links":{"self":[{"href":"https:\/\/qymlab.com\/en\/wp-json\/wp\/v2\/product\/2947"}],"collection":[{"href":"https:\/\/qymlab.com\/en\/wp-json\/wp\/v2\/product"}],"about":[{"href":"https:\/\/qymlab.com\/en\/wp-json\/wp\/v2\/types\/product"}],"wp:featuredmedia":[{"embeddable":true,"href":"https:\/\/qymlab.com\/en\/wp-json\/wp\/v2\/media\/2948"}],"wp:attachment":[{"href":"https:\/\/qymlab.com\/en\/wp-json\/wp\/v2\/media?parent=2947"}],"wp:term":[{"taxonomy":"product_cat","embeddable":true,"href":"https:\/\/qymlab.com\/en\/wp-json\/wp\/v2\/product_cat?post=2947"},{"taxonomy":"product_tag","embeddable":true,"href":"https:\/\/qymlab.com\/en\/wp-json\/wp\/v2\/product_tag?post=2947"}],"curies":[{"name":"wp","href":"https:\/\/api.w.org\/{rel}","templated":true}]}}