{"id":2995,"date":"2025-09-19T02:17:28","date_gmt":"2025-09-19T07:17:28","guid":{"rendered":"https:\/\/qymlab.com\/?post_type=product&#038;p=2995"},"modified":"2025-09-19T02:17:28","modified_gmt":"2025-09-19T07:17:28","slug":"hi801","status":"publish","type":"product","link":"https:\/\/qymlab.com\/en\/producto\/hi801\/","title":{"rendered":"Espectofot\u00f3metro iris"},"content":{"rendered":"<p>pH<\/p>\n<p>Rango pH: 6.5 a 8.5 pH<\/p>\n<p>Resoluci\u00f3n pH: 0.1 pH<\/p>\n<p>Exactitud pH: \u00b10.1 pH<\/p>\n<p>M\u00e9todo pH: Adaptaci\u00f3n del M\u00e9todo Rojo de Fenol<\/p>\n<p>&nbsp;<\/p>\n<p>Ox\u00edgeno Disuelto<\/p>\n<p>Rango Ox\u00edgeno Disuelto: 0.0 a 10.0 mg\/L (como O2 )<\/p>\n<p>Resoluci\u00f3n Ox\u00edgeno Disuelto: 0.1 mg\/L<\/p>\n<p>Exactitud Ox\u00edgeno Disuelto: \u00b10.4 mg\/L \u00b13% de la lectura<\/p>\n<p>M\u00e9todo Ox\u00edgeno Disuelto: Adaptaci\u00f3n de los M\u00e9todos Est\u00e1ndar para el Examen de Agua Potable y Aguas Residuales, 18\u00aa edici\u00f3n, M\u00e9todo de Winkler modificado con azida.<\/p>\n<p>&nbsp;<\/p>\n<p>Absorbancia<\/p>\n<p>Rango Absorbancia: 0.000 a 3.000 Abs<\/p>\n<p>Resoluci\u00f3n Absorbancia: 0.001 Abs<\/p>\n<p>Exactitud Absorbancia: 5 mAbs a 0.000-0.500 Abs 1% a 0.500-3.000 Abs<\/p>\n<p>&nbsp;<\/p>\n<p>Alcalinidad<\/p>\n<p>Rango Alcalinidad: 0 a 500 mg\/L (como CaCO3 )<\/p>\n<p>Resoluci\u00f3n Alcalinidad: 1 mg\/L<\/p>\n<p>Exactitud Alcalinidad: \u00b15 mg\/L \u00b15% de la lectura<\/p>\n<p>M\u00e9todo de Alcalinidad: M\u00e9todo Colorim\u00e9trico<\/p>\n<p>&nbsp;<\/p>\n<p>Alcalinidad Agua de Mar<\/p>\n<p>Rango Alcalinidad Agua de Mar: 0 a 300 mg\/L (como CaCO3 )<\/p>\n<p>Resoluci\u00f3n Alcalinidad Agua de Mar: 1 mg\/L<\/p>\n<p>Precisi\u00f3n Alcalinidad Agua de Mar: \u00b15 mg\/L \u00b15% de la lectura<\/p>\n<p>M\u00e9todo Alcalinidad Agua de Mar: M\u00e9todo Colorim\u00e9trico<\/p>\n<p>&nbsp;<\/p>\n<p>Aluminio<\/p>\n<p>Rango Aluminio: 0.00 a 1.00 mg\/L (como Al3+)<\/p>\n<p>Resoluci\u00f3n Aluminio: 0.01 mg\/L<\/p>\n<p>Exactitud Aluminio: \u00b10.04 mg\/L \u00b14% de la lectura<\/p>\n<p>M\u00e9todo Aluminio: Adaptaci\u00f3n del m\u00e9todo de aluminon<\/p>\n<p>&nbsp;<\/p>\n<p>Amoniaco<\/p>\n<p>Rango Amoniaco: Rango Bajo: 0.00 a 3.00 mg\/L (como NH3 -N) Rango Medio: 0.00 a10.00 mg\/L (como NH3 -N) Rango Alto: 0.0 a 100.0 mg\/L (como NH3 -N)<\/p>\n<p>Resoluci\u00f3n Amoniaco: Rango Bajo y Medio: 0.01 mg\/L Rango Alto: 0.1 mg\/L<\/p>\n<p>Exactitud Amoniaco: Rango Bajo: \u00b10.04 mg\/L \u00b14% de la lectura Rango Medio: \u00b10.05 mg\/L \u00b15% de la lectura Rango Alto: \u00b10.5 mg\/L \u00b15% de la lectura<\/p>\n<p>M\u00e9todo Amoniaco: Adaptaci\u00f3n del Manual ASTM de Agua y Tecnolog\u00eda Ambiental, D1426, M\u00e9todo de Nessler<\/p>\n<p>&nbsp;<\/p>\n<p>Surfactantes Ani\u00f3nicos<\/p>\n<p>Rango Surfactantes Ani\u00f3nicos: 0.00 a 3.50 mg\/L (como SDBS)<\/p>\n<p>Resoluci\u00f3n Surfactantes Ani\u00f3nicos: 0.01 mg\/L<\/p>\n<p>Exactitud Surfactantes Ani\u00f3nicos: \u00b10.04 mg\/L \u00b13% de la lectura<\/p>\n<p>M\u00e9todo Surfactantes Ani\u00f3nicos: Adaptaci\u00f3n del m\u00e9todo 425.1 de USEPA y M\u00e9todos Est\u00e1ndar para el Examen de Agua Potable y Aguas Residuales, 20\u00aa edici\u00f3n, 5540C, Tensioactivos Ani\u00f3nicos como MBAS<\/p>\n<p>&nbsp;<\/p>\n<p>Bromo<\/p>\n<p>Rango Bromo: 0.00 a 8.00 mg\/L (como Br2 )<\/p>\n<p>Resoluci\u00f3n Bromo: 0.01 mg\/L<\/p>\n<p>Exactitud Bromo: \u00b10.08 mg\/L \u00b13% de la lectura<\/p>\n<p>M\u00e9todo Bromo: Adaptaci\u00f3n de los M\u00e9todos Est\u00e1ndar para el Examen de Agua Potable y Aguas Residuales, 18\u00aa edici\u00f3n, M\u00e9todo DPD<\/p>\n<p>&nbsp;<\/p>\n<p>Calcio<\/p>\n<p>Rango Calcio: 0 a 400 mg\/L (como Ca2+)<\/p>\n<p>Resoluci\u00f3n Calcio: 1 mg\/L<\/p>\n<p>Exactitud Calcio: \u00b110 mg\/L \u00b15% de la lectura<\/p>\n<p>M\u00e9todo Calcio: Adaptaci\u00f3n del m\u00e9todo de Oxalato<\/p>\n<p>&nbsp;<\/p>\n<p>Di\u00f3xido de Carbono<\/p>\n<p>Rango Di\u00f3xido de Carbono: 0.00 a 2.00 mg\/L (como ClO2 )<\/p>\n<p>Resoluci\u00f3n Di\u00f3xido de Carbono: 0.01 mg\/L<\/p>\n<p>Precisi\u00f3n Cloro Libre: \u00b10.10 mg\/L \u00b15% de la lectura<\/p>\n<p>M\u00e9todo Di\u00f3xido de Carbono: Adaptaci\u00f3n del m\u00e9todo Rojo de Clorofenol<\/p>\n<p>&nbsp;<\/p>\n<p>Demanda Qu\u00edmica de Ox\u00edgeno<\/p>\n<p>Rango Demanda Qu\u00edmica de Ox\u00edgeno: Rango Bajo: 0 a 150 mg\/L (como O2 ) Rango Medio: 0 a 1500 mg\/L (como O2 ) Rango Alto: 0 a 15000 mg\/L (como O2 )<\/p>\n<p>Resoluci\u00f3n Demanda Qu\u00edmica de Ox\u00edgeno: 1 mg\/L<\/p>\n<p>Exactitud Demanda Qu\u00edmica de Ox\u00edgeno: Rango Bajo: \u00b15 mg\/L o \u00b14% de la lectura Rango Medio: \u00b115 mg\/L o \u00b14% de la lectura Rango Alto: \u00b1150 mg\/L o \u00b12% de la lectura<\/p>\n<p>M\u00e9todo Demanda Qu\u00edmica de Ox\u00edgeno: Adaptaci\u00f3n del m\u00e9todo 410.4 de USEPA<\/p>\n<p>&nbsp;<\/p>\n<p>Cloruro<\/p>\n<p>Rango Cloruro: 0.0 a 20.0 mg\/L (como Cl)<\/p>\n<p>Resoluci\u00f3n Cloruro: 0.1 mg\/L<\/p>\n<p>Exactitud Cloruro: \u00b10.5 mg\/L \u00b16% de la lectura<\/p>\n<p>M\u00e9todo Cloruro: Adaptaci\u00f3n del m\u00e9todo de tiocianato de mercurio (II)<\/p>\n<p>&nbsp;<\/p>\n<p>Di\u00f3xido de Cloro<\/p>\n<p>Rango Di\u00f3xido de Cloro: 0.00 a 2.00 mg\/L (como ClO2 )<\/p>\n<p>Resoluci\u00f3n Di\u00f3xido de Cloro: 0.01 mg\/L<\/p>\n<p>Exactitud Di\u00f3xido de Cloro: \u00b10.10 mg\/L \u00b15% de la lectura<\/p>\n<p>M\u00e9todo Di\u00f3xido de Cloro: Adaptaci\u00f3n del m\u00e9todo Rojo de Clorofenol<\/p>\n<p>&nbsp;<\/p>\n<p>Cloro Libre y Cloro Total<\/p>\n<p>Rango Cloro Libre: Rango Ultra Bajo: 0.000 a 0.500 mg\/L (como Cl2 ) Rango Bajo: 0.00 a 5.00 mg\/L (como Cl2) Rango Alto: 0.00 a 10.00 mg\/L (como Cl2)<\/p>\n<p>Resoluci\u00f3n Cloro Libre: Rango Ultra Bajo: 0.001 mg\/ Rango Bajo: 0.01 mg\/L Rango Alto: 0.01 mg\/L<\/p>\n<p>Precisi\u00f3n Cloro Libre: Rango Ultra Bajo: \u00b10.020 mg\/L \u00b13% de la lectura Rango Bajo: \u00b10.03 mg\/L \u00b13% de la lectura Rango Alto: \u00b10.03 mg\/L \u00b13% de la lectura<\/p>\n<p>Rango Cloro Total: Rango Ultra Bajo: 0.000 a 0.500 mg\/L (como Cl2 ) Rango Bajo: 0.00 a 5.00 mg\/L (como Cl2) Rango Alto : 0.00 a 10.00 mg\/L (como Cl2) Rango Ultra Alto : 0 a 500 mg\/L (como Cl2 )<\/p>\n<p>Resoluci\u00f3n Cloro Total: Rango Ultra Bajo: 0.001 mg\/L Rango Bajo: 0.01 mg\/L Rango Alto: 0.01 mg\/L Rango Ultra Alto: 1 mg\/L<\/p>\n<p>Precisi\u00f3n Cloro Total: Rango Ultra Bajo: \u00b10.020 mg\/L \u00b13% de la lectura Rango Bajo: \u00b10.03 mg\/L \u00b13% de la lectura Rango Alto: \u00b10.03 mg\/L \u00b13% de la lectura Rango Ultra Alto: \u00b13 mg\/L \u00b13% de la lectura<\/p>\n<p>&nbsp;<\/p>\n<p>Cromo Hexavalente<\/p>\n<p>Rango Cromo Hexavalente: Rango Bajo: 0 a 300 \u00b5g\/L (como Cr(VI)) Rango Alto: 0 a 1000 \u00b5g\/L (como Cr(VI))<\/p>\n<p>Resoluci\u00f3n Cromo Hexavalente: Rango Bajo: 1 \u00b5g\/L Rango Alto: 1 \u00b5g\/L<\/p>\n<p>Exactitud Cromo Hexavalente: Rango Bajo: \u00b110 \u00b5g\/L \u00b14% de la lectura Rango Alto: \u00b15 \u00b5g\/L \u00b14% de la lectura a 25 \u00b0C<\/p>\n<p>M\u00e9todo Cromo Hexavalente: Adaptaci\u00f3n del Manual ASTM de Agua Potable y Tecnolog\u00eda Ambiental, D1687, M\u00e9todo Difenilcarbohidrazida<\/p>\n<p>&nbsp;<\/p>\n<p>Color de Agua<\/p>\n<p>Rango Color de Agua: 0 a 500 PCU (Unidades de Platino cobalto)<\/p>\n<p>Resoluci\u00f3n Color de Agua: 1 PCU<\/p>\n<p>Exactitud Color de Agua: \u00b110 PCU \u00b15% de la lectura<\/p>\n<p>M\u00e9todo Color de Agua: Adaptaci\u00f3n de los M\u00e9todos Est\u00e1ndar para el Examen de Agua Potable y Aguas Residuales, 18\u00aa edici\u00f3n, M\u00e9todo Colorim\u00e9trico de Platino Cobalto<\/p>\n<p>&nbsp;<\/p>\n<p>Color de Miel de Maple<\/p>\n<p>Rango Color de Miel de Maple: 0.00 a 100.00 %T<\/p>\n<p>Resoluci\u00f3n Miel de Maple: 0.01 %T<\/p>\n<p>Exactitud Color de Miel de Maple: \u00b13% de la lectura<\/p>\n<p>M\u00e9todo Color de Miel de Maple: Medici\u00f3n directa<\/p>\n<p>&nbsp;<\/p>\n<p>Cobre<\/p>\n<p>Rango Cobre: Rango Bajo: 0.000 a 1.500 mg\/L (como Cu) Rango Alto: 0.00 a 5.00 mg\/L (como Cu)<\/p>\n<p>Resoluci\u00f3n Cobre: Rango Bajo:0.001 mg\/L Rango Alto: 0.01 mg\/L<\/p>\n<p>Exactitud Cobre: Rango Bajo: \u00b10.010 mg\/L \u00b15% de la lectura Rango Alto: \u00b10.02 mg\/L \u00b14% de la lectura<\/p>\n<p>M\u00e9todo de Cobre: Adaptaci\u00f3n del M\u00e9todo EPA<\/p>\n<p>&nbsp;<\/p>\n<p>Cianuro<\/p>\n<p>Rango Cianuro: 0.000 a 0.200 mg\/L (como CN-)<\/p>\n<p>Resoluci\u00f3n Cianuro: 0.001 mg\/L<\/p>\n<p>Precisi\u00f3n Cianuro: \u00b10.005 mg\/L \u00b13% de la lectura<\/p>\n<p>M\u00e9todo Cianuro: Piridina\u2013Pirazalona<\/p>\n<p>&nbsp;<\/p>\n<p>&nbsp;<\/p>\n<p>\u00c1cido Cian\u00farico<\/p>\n<p>Rango \u00c1cido Cian\u00farico 0 a 100 mg\/L (como CYA) Resoluci\u00f3n \u00c1cido Cian\u00farico 1 mg\/L Exactitud \u00c1cido Cian\u00farico \u00b11 mg\/L \u00b115% de la lectura M\u00e9todo \u00c1cido Cian\u00farico Adaptaci\u00f3n del m\u00e9todo turbidim\u00e9trico<\/p>\n<p>&nbsp;<\/p>\n<p>Fluoruro<\/p>\n<p>Rango Fluoruro: Rango Bajo: 0.00 a 2.00 mg\/L (como F) Rango Alto: 0.0 a 20.0 mg\/L (como F)<\/p>\n<p>Resoluci\u00f3n Fluoruro: Rango Bajo: 0.01 mg\/L Rango Alto: 0.1 mg\/L<\/p>\n<p>Exactitud Fluoruro: Rango Bajo: \u00b10.03 mg\/L \u00b13% de la lectura Rango Alto: \u00b10.5 mg\/L \u00b13% de la lectura<\/p>\n<p>M\u00e9todo Fluoruro: Adaptaci\u00f3n de los M\u00e9todos Est\u00e1ndar para el Examen de Agua Potable y Aguas Residuales, 18\u00aa edici\u00f3n, M\u00e9todo SPADNS<\/p>\n<p>&nbsp;<\/p>\n<p>Dureza Total<\/p>\n<p>Rango Dureza Total: Rango Bajo: 0 a 250 mg\/L (como CaCO3 ) Rango Medio: 200 a 500 mg\/L (como CaCO3 ) Rango Alto: 400 a 750 mg\/L (como CaCO3 )<\/p>\n<p>Resoluci\u00f3n Dureza Total: 1 mg\/L<\/p>\n<p>Exactitud Dureza Total: Rango Bajo : \u00b15 mg\/L \u00b14% de la lectura Rango Medio: \u00b17 mg\/L \u00b13% of reading Rango Alto: \u00b110 mg\/L \u00b12% de la lectura<\/p>\n<p>M\u00e9todo Dureza Total: Adaptaci\u00f3n del M\u00e9todo 130.1 recomendado por la EPA<\/p>\n<p>&nbsp;<\/p>\n<p>Dureza (Calcio)<\/p>\n<p>Rango Dureza (Calcio): 0.00 a 2.70 mg\/L (como CaCO3 )<\/p>\n<p>Resoluci\u00f3n Dureza (Calcio): 0.01 mg\/L<\/p>\n<p>Exactitud Dureza (Calcio): \u00b10.11 mg\/L \u00b15% de la lectura<\/p>\n<p>M\u00e9todo Dureza (Calcio): Adaptaci\u00f3n de los M\u00e9todos Est\u00e1ndar para el Examen de Agua Potable y Aguas Residuales, 18\u00aa edici\u00f3n, M\u00e9todo de Calmagita<\/p>\n<p>&nbsp;<\/p>\n<p>Dureza (Magnesio)<\/p>\n<p>Rango Dureza (Magnesio): 0.00 a 2.00 mg\/L (como CaCO3 )<\/p>\n<p>Resoluci\u00f3n Dureza (Magnesio): 0.01 mg\/L<\/p>\n<p>Exactitud Dureza (Magnesio): \u00b10.11 mg\/L \u00b15% de la lectura<\/p>\n<p>M\u00e9todo Dureza (Magnesio): Adaptaci\u00f3n de los M\u00e9todos Est\u00e1ndar para el Examen de Agua Potable y Aguas Residuales, 18\u00aa edici\u00f3n, M\u00e9todo colorim\u00e9trico EDTA<\/p>\n<p>&nbsp;<\/p>\n<p>Hidrazina<\/p>\n<p>Rango Hidrazina: 0 a 400 \u00b5g\/L (como N2H4 )<\/p>\n<p>Resoluci\u00f3n Hidrazina: 1 \u00b5g\/L<\/p>\n<p>Exactitud Hidrazina: \u00b14% de la escala completa<\/p>\n<p>M\u00e9todo Hidrazina: Adaptaci\u00f3n del Manual ASTM de Agua Potable y Tecnolog\u00eda Ambiental, M\u00e9todo D1385, M\u00e9todo p-dimetilaminobenzaldeh\u00eddo<\/p>\n<p>&nbsp;<\/p>\n<p>Yodo<\/p>\n<p>Rango Yodo: 0.0 a 12.5 mg\/L (como I2 )<\/p>\n<p>Resoluci\u00f3n Yodo: 0.1 mg\/L<\/p>\n<p>Exactitud Yodo: \u00b10.1 mg\/L \u00b15% de la lectura<\/p>\n<p>M\u00e9todo Yodo: Adaptaci\u00f3n de los M\u00e9todos Est\u00e1ndar para el Examen de Agua Potable y Aguas Residuales, 18\u00aa edici\u00f3n, M\u00e9todo DPD<\/p>\n<p>&nbsp;<\/p>\n<p>Hierro<\/p>\n<p>Rango Hierro: Rango Bajo: 0.000 a 1.600 mg\/L (como Fe) Rango Alto: 0.00 a 5.00 mg\/L (como Fe)<\/p>\n<p>Resoluci\u00f3n Hierro: Rango Bajo: 0.001 mg\/L Rango Alto: 0.01 mg\/L<\/p>\n<p>Exactitud Hierro: Rango Bajo: \u00b10.010 mg\/L \u00b18% de la lectura Rango Alto: \u00b10.04 mg\/L \u00b12% de la lectura<\/p>\n<p>M\u00e9todo Hierro: Rango Bajo: Adaptaci\u00f3n del m\u00e9todo TPTZ Rango Alto: Adaptaci\u00f3n del M\u00e9todo Fenantrolina 315 B de EPA, para aguas naturales y tratadas<\/p>\n<p>&nbsp;<\/p>\n<p>Magnesio<\/p>\n<p>Rango Magnesio: 0 a 150 mg\/L (como Mg2+)<\/p>\n<p>Resoluci\u00f3n Magnesio: 1 mg\/L<\/p>\n<p>Exactitud Magnesio: \u00b15 mg\/L \u00b13% de la lectura<\/p>\n<p>M\u00e9todo Magnesio: Adaptaci\u00f3n del m\u00e9todo de Calmagita<\/p>\n<p>&nbsp;<\/p>\n<p>Manganeso<\/p>\n<p>Rango Manganeso: Rango Bajo: 0 a 300 \u00b5g\/L (como Mn) Rango Alto: 0.0 a 20.0 mg\/L (como Mn)<\/p>\n<p>Resoluci\u00f3n Manganeso: Rango Bajo: 1 \u00b5g\/L Rango Alto: 0.1 mg\/L<\/p>\n<p>Exactitud Manganeso: Rango Bajo: \u00b110 \u00b5g\/L \u00b13% de la lectura Rango Alto: \u00b10.2 mg\/L \u00b13% de la lectura<\/p>\n<p>M\u00e9todo Manganeso: Rango Bajo: Adaptaci\u00f3n del m\u00e9todo PAN Rango Alto: Adaptaci\u00f3n de los M\u00e9todos Est\u00e1ndar para el Examen de Agua Potable y Aguas Residuales, 18\u00aa edici\u00f3n, M\u00e9todo de Periodato<\/p>\n<p>&nbsp;<\/p>\n<p>Molibdeno<\/p>\n<p>Rango Molibdeno: 0.0 a 40.0 mg\/L (como Mo6+)<\/p>\n<p>Resoluci\u00f3n Molibdeno: 0.1 mg\/L<\/p>\n<p>Exactitud Molibdeno: \u00b10.3 mg\/L \u00b15% de la lectura<\/p>\n<p>M\u00e9todo Molibdeno: Adaptaci\u00f3n del m\u00e9todo del \u00e1cido mercaptoac\u00e9tico<\/p>\n<p>&nbsp;<\/p>\n<p>N\u00edquel<\/p>\n<p>Rango N\u00edquel: Rango Bajo : 0.000 a 1.000 mg\/L (como Ni) Rango Alto: 0.00 a 7.00 g\/L (como Ni)<\/p>\n<p>Resoluci\u00f3n N\u00edquel: Rango Bajo: 0.001 mg\/L Rango Alto: 0.01 g\/L<\/p>\n<p>Exactitud N\u00edquel: Rango Bajo: \u00b10.010 mg\/L \u00b17% de la lectura Rango Alto: \u00b10.07g\/L \u00b14% de la lectura<\/p>\n<p>M\u00e9todo N\u00edquel: Rango Bajo: Adaptaci\u00f3n del m\u00e9todo PAN Rango Alto: Adaptaci\u00f3n del m\u00e9todo fotom\u00e9trico<\/p>\n<p>&nbsp;<\/p>\n<p>Nitrato<\/p>\n<p>Rango Nitrato: 0.0 a 30.0 mg\/L (como NO3 &#8211; N) \u00c1cido cromotr\u00f3pico: 0.0 a 30.0 mg\/L (como N03&#8211;N)<\/p>\n<p>Resoluci\u00f3n Nitrato: 0.1 mg\/L<\/p>\n<p>Exactitud Nitrato: \u00b10.5 mg\/L \u00b110% de la lectura \u00c1cido cromotr\u00f3pico: \u00b11.0 mg\/L o \u00b13% de la lectura<\/p>\n<p>M\u00e9todo Nitrato: Adaptaci\u00f3n del m\u00e9todo de reducci\u00f3n de cadmio \u00c1cido cromotr\u00f3pico: M\u00e9todo del \u00e1cido cromotr\u00f3pico<\/p>\n<p>&nbsp;<\/p>\n<p>Nitrito<\/p>\n<p>Rango Nitrito: Rango Marino Ultra Bajo: 0 a 200 \u00b5g\/L (como N02 -N) Rango Bajo: 0 a 600 \u00b5g\/L (como NO2 -N) Rango Alto: 0 a 150 mg\/L (como NO2-)<\/p>\n<p>Resoluci\u00f3n Nitrito: Rango Marino Ultra Bajo: 1 \u00b5g\/L Rango Bajo: 1 \u00b5g\/L Rango Alto: 1 mg\/L<\/p>\n<p>Exactitud Nitrito: Rango Marino Ultra Bajo: \u00b110 \u00b5g\/L \u00b14% de la lectura Rango Bajo: \u00b120 \u00b5g\/L \u00b14% de la lectura Rango Alto: \u00b14 mg\/L \u00b14% de la lectura<\/p>\n<p>M\u00e9todo Nitrito: Rango Marino Ultra Bajo: Adaptaci\u00f3n del M\u00e9todo de Diazotaci\u00f3n 354.1 de EPA Rango Bajo: Adaptaci\u00f3n del M\u00e9todo de Diazotaci\u00f3n 354.1 de EPA Rango Alto: Adaptaci\u00f3n del M\u00e9todo de Sulfato Ferroso<\/p>\n<p>&nbsp;<\/p>\n<p>Nitr\u00f3geno Total<\/p>\n<p>Rango Nitr\u00f3geno Total: Rango Bajo: 0.0 a 25.0 mg\/L (como N) Rango Alto: 10 a 150 mg\/L (como N)<\/p>\n<p>Resoluci\u00f3n Nitr\u00f3geno Total: Rango Bajo: 0.1 mg\/L Rango Alto: 1 mg\/L<\/p>\n<p>Exactitud Nitr\u00f3geno Total: Rango Bajo: \u00b11.0 mg\/L o \u00b15% de la lectura Rango Alto: \u00b13 mg\/L o \u00b14% de la lectura<\/p>\n<p>M\u00e9todo Nitr\u00f3geno Total: M\u00e9todo del \u00e1cido cromotr\u00f3pico<\/p>\n<p>&nbsp;<\/p>\n<p>Eliminador de Ox\u00edgeno<\/p>\n<p>Rango Eliminador de Ox\u00edgeno: Carbohidrazida: 0.00 a 1.50 mg\/L (como Carbohidrazida) Dietilhidroxilamina)(DEHA) : 0 a 1000 \u00b5g\/L (como DEHA) Hidroquinona: 0.00 a 2.50 mg\/L (como Hidroquinona) \u00c1cido Iso-asc\u00f3rbico: 0.00 a 4.50 mg\/L (como \u00c1cido Iso-asc\u00f3rbico)<\/p>\n<p>Resoluci\u00f3n Eliminador de Ox\u00edgeno: Carbohidrazida: 0.01 mg\/L Dietilhidroxilamina)(DEHA): 1 \u00b5g\/L Hidroquinona: 0.01 mg\/L \u00c1cido Iso-asc\u00f3rbico: 0.01 mg\/L<\/p>\n<p>Exactitud Eliminador de Ox\u00edgeno: Carbohidrazida: \u00b10.02 mg\/L \u00b13% de la lectura Dietilhidroxilamina)(DEHA) : \u00b15 \u00b5g\/L \u00b15% de la lectura Hidroquinona: \u00b10.04 mg\/L \u00b13% de la lectura \u00c1cido Iso-asc\u00f3rbico: \u00b10.03 mg\/L \u00b13 % de la lectura<\/p>\n<p>M\u00e9todo Eliminador de Ox\u00edgeno: Adaptaci\u00f3n del m\u00e9todo de reducci\u00f3n de hierro<\/p>\n<p>&nbsp;<\/p>\n<p>Ozono<\/p>\n<p>Rango Ozono: 0.00 a 2.00 mg\/L (como O3 )<\/p>\n<p>Resoluci\u00f3n Ozono: 0.01 mg\/L<\/p>\n<p>Exactitud Ozono: \u00b10.02 mg\/L \u00b13% de la lectura<\/p>\n<p>M\u00e9todo Ozono: M\u00e9todo colorim\u00e9trico DPD<\/p>\n<p>&nbsp;<\/p>\n<p>Fosfato<\/p>\n<p>Rango Fosfato: Rango Bajo: 0.00 a 2.50 mg\/L (como PO4 3-) Rango Alto: 0.0 a 30.0 mg\/L (como PO4 3-)<\/p>\n<p>Resoluci\u00f3n Fosfato: Rango Bajo: 0.01 mg\/L Rango Alto: 0.1 mg\/L<\/p>\n<p>Exactitud Fosfato: Rango Bajo: \u00b10.04 mg\/L \u00b14% de la lectura Rango Alto: \u00b11.0 mg\/L \u00b14% de la lectura<\/p>\n<p>M\u00e9todo Fosfato: Rango Bajo: Adaptaci\u00f3n del m\u00e9todo del \u00e1cido asc\u00f3rbico Rango Alto: Adaptaci\u00f3n de los M\u00e9todos Est\u00e1ndar para el Examen de Agua Potable y Aguas Residuales, 18\u00aa edici\u00f3n, M\u00e9todo de amino\u00e1cidos<\/p>\n<p>&nbsp;<\/p>\n<p>F\u00f3sforo (Acido Hidrolizable)<\/p>\n<p>Rango F\u00f3sforo (Acido Hidrolizable): 0.00 a 1.60 mg\/L (como P)<\/p>\n<p>Resoluci\u00f3n F\u00f3sforo (\u00c1cido Hidrolizable): 0.01 mg\/L<\/p>\n<p>Exactitud F\u00f3sforo (\u00c1cido Hidrolizable): \u00b10.05 mg\/L o \u00b15% de la lectura<\/p>\n<p>M\u00e9todo F\u00f3sforo (\u00c1cido Hidrolizable): Adaptaci\u00f3n del m\u00e9todo 365.2 de EPA y M\u00e9todos Est\u00e1ndar para el Examen de Agua Potable y Aguas Residuales, 20\u00aa edici\u00f3n, 4500-P E, M\u00e9todo del \u00c1cido Asc\u00f3rbico<\/p>\n<p>&nbsp;<\/p>\n<p>F\u00f3sforo Reactivo<\/p>\n<p>Rango F\u00f3sforo Reactivo: Rango Bajo: 0.00 a 1.60 mg\/L (como P) Rango Alto: 0.0 a 32.6 mg\/L (como P)<\/p>\n<p>Resoluci\u00f3n F\u00f3sforo Reactivo: Rango Bajo: 0.01 mg\/L Rango Alto: 0.1 mg\/L<\/p>\n<p>Exactitud F\u00f3sforo Reactivo: Rango Bajo: \u00b10.05 mg\/L o \u00b14% de la lectura Rango Alto: \u00b10.5 mg\/L o \u00b14% de la lectura<\/p>\n<p>M\u00e9todo F\u00f3sforo (Reactivo): Adaptaci\u00f3n del m\u00e9todo 365.2 de EPA y M\u00e9todos Est\u00e1ndar para el Examen de Agua Potable y Aguas Residuales, 20\u00aa edici\u00f3n, 4500-P E, M\u00e9todo del \u00c1cido Asc\u00f3rbico<\/p>\n<p>&nbsp;<\/p>\n<p>F\u00f3sforo Total<\/p>\n<p>Rango F\u00f3sforo Total: Rango Bajo: 0.00 a 1.15 mg\/L (como P) Rango Alto: 0.0 a 32.6 mg\/L (como P)<\/p>\n<p>Exactitud F\u00f3sforo Total: Rango Bajo: 0.01 mg\/L Rango Alto: 0.1 mg\/L<\/p>\n<p>Resoluci\u00f3n F\u00f3sforo Total: Rango Bajo: \u00b10.05 mg\/L o \u00b16% de la lectura Rango Alto: \u00b10.5 mg\/L o \u00b15% de la lectura<\/p>\n<p>M\u00e9todo F\u00f3sforo Total: Rango Bajo: Adaptaci\u00f3n del m\u00e9todo 365.2 de EPA y M\u00e9todos Est\u00e1ndar para el Examen de Agua Potable y Aguas Residuales, 20\u00aa edici\u00f3n, 4500-P E, M\u00e9todo del \u00c1cido Asc\u00f3rbico. Rango Alto: Adaptaci\u00f3n de los M\u00e9todos Est\u00e1ndar para el Examen de Agua Potable y Agua<\/p>\n<p>&nbsp;<\/p>\n<p>Potasio<\/p>\n<p>Rango Potasio: Rango Bajo: 0.0 a 20.0 mg\/L (como K) Rango Medio: 10 a 100 mg\/L (como K) Rango Alto: 20 a 200 mg\/L (como K)<\/p>\n<p>Resoluci\u00f3n Potasio: Rango Bajo: 0.1 mg\/L Rango Medio: 1 mg\/L Rango Alto: 1 mg\/L<\/p>\n<p>Exactitud Potasio: Rango Bajo: \u00b12 mg\/L \u00b17% de la lectura Rango Medio: \u00b110 mg\/L \u00b17% de la lectura Rango Alto: \u00b120 mg\/L \u00b17% de la lectura<\/p>\n<p>M\u00e9todo Potasio: Adaptaci\u00f3n del m\u00e9todo Turbidim\u00e9trico del Tetrafenilborato<\/p>\n<p>&nbsp;<\/p>\n<p>S\u00edlice<\/p>\n<p>Rango S\u00edlice: Rango Bajo: 0.00 a 2.00 mg\/L (como SiO2 ) Rango Alto: 0 a 200 mg\/L (como SiO2 )<\/p>\n<p>Resoluci\u00f3n S\u00edlice: Rango Bajo: 0.01 mg\/L Rango Alto: 1 mg\/L<\/p>\n<p>Exactitud S\u00edlice: Rango Bajo: \u00b10.03 mg\/L \u00b13% de la lectura Rango Alto: \u00b11 mg\/L \u00b15% de la lectura<\/p>\n<p>M\u00e9todo S\u00edlice: Rango Bajo: Adaptaci\u00f3n del Manual ASTM de Agua Potable y Tecnolog\u00eda Ambiental, D859, M\u00e9todo Azul de Heteropoli Rango Alto: Adaptaci\u00f3n del m\u00e9todo 370.1 de USEPA para agua potable, aguas superficiales y salinas, desechos dom\u00e9sticos e industriales<\/p>\n<p>&nbsp;<\/p>\n<p>Plata<\/p>\n<p>Rango Plata: 0.000 a 1.000 mg\/L (como Ag)<\/p>\n<p>Resoluci\u00f3n Plata: 0.001 mg\/L<\/p>\n<p>Exactitud Plata: \u00b10.020 mg\/L \u00b15% de la lectura<\/p>\n<p>M\u00e9todo Plata: Adaptaci\u00f3n del m\u00e9todo PAN<\/p>\n<p>&nbsp;<\/p>\n<p>Sulfato<\/p>\n<p>Rango Sulfato: 0 a 150 mg\/L (como SO42-)<\/p>\n<p>Resoluci\u00f3n Sulfato: 1 mg\/L<\/p>\n<p>Exactitud Sulfato: \u00b15 mg\/L \u00b13% de la lectura<\/p>\n<p>M\u00e9todo Sulfato: El sulfato se precipita con cristales de cloruro de bario<\/p>\n<p>&nbsp;<\/p>\n<p>Zinc<\/p>\n<p>Rango Zinc: 0.00 a 3.00 mg\/L (como Zn)<\/p>\n<p>Resoluci\u00f3n Zinc: 0.01 mg\/L<\/p>\n<p>Exactitud Zinc: \u00b10.03 mg\/L \u00b13% de la lectura<\/p>\n<p>M\u00e9todo Zinc: Adaptaci\u00f3n de los M\u00e9todos Est\u00e1ndar para el Examen de Agua Potable y Aguas Residuales, 18\u00aa edici\u00f3n, M\u00e9todo de Zincon<\/p>\n<p>&nbsp;<\/p>\n<p>Onda<\/p>\n<p>Rango Onda: 340 a 900 nm<\/p>\n<p>Resoluci\u00f3n Onda: 1 nm<\/p>\n<p>Precisi\u00f3n Onda: \u00b11.5 nm<\/p>\n<p>Modos de Medici\u00f3n: Transmitancia (% T), absorbancia (abs), concentraci\u00f3n con elecci\u00f3n de unidades (ppm, mg \/ L, ppt, \u00baf, \u00bae, ppb, meq \/ L, \u03bcg \/ L, PCU, Pfund, pH, dKH, \u00badH, meq \/ kg o sin unidad de medida)<\/p>\n<p>Selecci\u00f3n Onda: Autom\u00e1tica, basado en el m\u00e9todo seleccionado (editable solo para m\u00e9todos del usuario)<\/p>\n<p>Sistema \u00d3ptico: Detector de haz dividido y detectores de luz de referencia<\/p>\n<p>Calibraci\u00f3n Onda: Interna, autom\u00e1tica al encender el equipo con indicaci\u00f3n visual<\/p>\n<p>Ancho de Banda Espectral: 5 nm (ancho completo a la mitad como m\u00e1ximo)<\/p>\n<p>Luz Extraviada: &lt;0.1 % T a 340 nm con NaNO2<\/p>\n<p>Programas (F\u00e1brica \/ Usuario): Hasta 150 de f\u00e1brica (85 precargados); hasta 100 desarrollados por el usuario<\/p>\n<p>Celda de Muestra: Cil\u00edndrica de 16 mm, vial de 13 mm, cuadrada de 10 mm, rectangular de 50 mm (con detecci\u00f3n autom\u00e1tica)<\/p>\n<p>Puntos de Datos Almacenados: Hasta 9999 valores medidos<\/p>\n<p>Capacidad de Exportaci\u00f3n: Archivos con formato .csv y .pdf<\/p>\n<p>Conectividad: 1 micro USB port for charging and PC connectivity<\/p>\n<p>Conectividad: 1 x USB A (puerto para conexi\u00f3n a PC); 1 x USB (puerto para memoria externa)<\/p>\n<p>Alimentaci\u00f3n: Adaptador de corriente de 15 VDC; bater\u00eda de ion-litio recargable de 10.8 VDC<\/p>\n<p>Tipo de Bater\u00eda\/Duraci\u00f3n: 3000 mediciones, 8 horas<\/p>\n<p>Condiciones Ambientales: 0 a 50 \u00b0C (32 a 122 \u00b0F); 0 a 95% HR<\/p>\n<p>Peso: 3 kg (6.6 lbs)<\/p>\n<p>Dimensiones: 155 x 205 x 322 mm (6.1 x 8.0 x 12.6&#8243;)<\/p>\n<p>Informaci\u00f3n Adicional: El HI 801 se suministra con adaptadores para cubeta cuadrada de 10 mm, cil\u00edndrica de 13 mm y de cubeta redonda de 16 mm, pa\u00f1o para limpiar cubetas, tijera, cable USB, bater\u00eda recargable de iones de litio, adaptador de 15VDC, memoria USB, manual de instrucciones y certificado de calidad del instrumento.<\/p>","protected":false},"excerpt":{"rendered":"<p>El iris HI801 es un espectrofot\u00f3metro elegante e intuitivo que permite la medici\u00f3n de todas las longitudes de onda de la luz visible.<\/p>\n<p>Personalice sus m\u00e9todos, realice una amplia gama de mediciones y tenga confianza en la precisi\u00f3n de su an\u00e1lisis con iris.<\/p>","protected":false},"featured_media":3637,"template":"","meta":[],"product_cat":[17],"product_tag":[],"_links":{"self":[{"href":"https:\/\/qymlab.com\/en\/wp-json\/wp\/v2\/product\/2995"}],"collection":[{"href":"https:\/\/qymlab.com\/en\/wp-json\/wp\/v2\/product"}],"about":[{"href":"https:\/\/qymlab.com\/en\/wp-json\/wp\/v2\/types\/product"}],"wp:featuredmedia":[{"embeddable":true,"href":"https:\/\/qymlab.com\/en\/wp-json\/wp\/v2\/media\/3637"}],"wp:attachment":[{"href":"https:\/\/qymlab.com\/en\/wp-json\/wp\/v2\/media?parent=2995"}],"wp:term":[{"taxonomy":"product_cat","embeddable":true,"href":"https:\/\/qymlab.com\/en\/wp-json\/wp\/v2\/product_cat?post=2995"},{"taxonomy":"product_tag","embeddable":true,"href":"https:\/\/qymlab.com\/en\/wp-json\/wp\/v2\/product_tag?post=2995"}],"curies":[{"name":"wp","href":"https:\/\/api.w.org\/{rel}","templated":true}]}}