{"id":2996,"date":"2023-02-21T20:00:38","date_gmt":"2023-02-22T01:00:38","guid":{"rendered":"https:\/\/qymlab.com\/?post_type=product&#038;p=2996"},"modified":"2023-02-21T20:05:04","modified_gmt":"2023-02-22T01:05:04","slug":"q105","status":"publish","type":"product","link":"https:\/\/qymlab.com\/en\/producto\/q105\/","title":{"rendered":"Guantes de l\u00e1tex empolvados ambidiestros"},"content":{"rendered":"<p>USOS<br \/>\nIndustria alimentaria, hotelera, hospitalaria y otras industrias como: farmac\u00e9utica, laboratorio, centros de est\u00e9tica y belleza, limpieza y mantenimiento y otras que lo requieran.<\/p>\n<p>APLICACIONES<br \/>\nProtecci\u00f3n contra sustancias indeseadas o peligrosas, previene la contaminaci\u00f3n por microorganismos y suciedad en general donde se precisa de unas condiciones de salubridad e higiene especiales.<\/p>\n<p>MATERIA PRIMA<br \/>\nL\u00e1tex de caucho natural.<\/p>\n<p>MARCA<br \/>\nGolden Glove<\/p>\n<p>TIPO\/MODELO<br \/>\nGuantes no est\u00e9riles, empolvados, de un solo uso.<\/p>\n<p>GRAMAJE<br \/>\n5.79 \u00b1 0.2 g (M)<\/p>\n<p>COLOR<br \/>\nBlanco.<\/p>\n<p>TALLAS<br \/>\nExtra Small (XS) Small (S) Medium (M) Large (L)<\/p>\n<p>PRESENTACI\u00d3N<br \/>\nCaja por 100 guantes de examen de l\u00e1tex descartables.<\/p>\n<p>NORMAS DE CALIDAD<br \/>\nISO 9001 e ISO 13485.<\/p>","protected":false},"excerpt":{"rendered":"<p>Guantes de examen de l\u00e1tex descartables, ambidiestros, con pu\u00f1o moldeado, hipoalerg\u00e9nico, bajo en polvo y en prote\u00ednas. Su superficie lisa, f\u00e1cil de ponerse, ayuda a prevenir los pliegues; la suavidad proporciona comodidad y ajuste natural. Posee alta fuerza y elasticidad propias del l\u00e1tex natural de alto grado. Caja por 100 guantes de examen de l\u00e1tex descartables.<\/p>","protected":false},"featured_media":3009,"template":"","meta":[],"product_cat":[233],"product_tag":[],"_links":{"self":[{"href":"https:\/\/qymlab.com\/en\/wp-json\/wp\/v2\/product\/2996"}],"collection":[{"href":"https:\/\/qymlab.com\/en\/wp-json\/wp\/v2\/product"}],"about":[{"href":"https:\/\/qymlab.com\/en\/wp-json\/wp\/v2\/types\/product"}],"wp:featuredmedia":[{"embeddable":true,"href":"https:\/\/qymlab.com\/en\/wp-json\/wp\/v2\/media\/3009"}],"wp:attachment":[{"href":"https:\/\/qymlab.com\/en\/wp-json\/wp\/v2\/media?parent=2996"}],"wp:term":[{"taxonomy":"product_cat","embeddable":true,"href":"https:\/\/qymlab.com\/en\/wp-json\/wp\/v2\/product_cat?post=2996"},{"taxonomy":"product_tag","embeddable":true,"href":"https:\/\/qymlab.com\/en\/wp-json\/wp\/v2\/product_tag?post=2996"}],"curies":[{"name":"wp","href":"https:\/\/api.w.org\/{rel}","templated":true}]}}