{"id":3013,"date":"2023-02-21T20:18:21","date_gmt":"2023-02-22T01:18:21","guid":{"rendered":"https:\/\/qymlab.com\/?post_type=product&#038;p=3013"},"modified":"2023-02-21T20:20:06","modified_gmt":"2023-02-22T01:20:06","slug":"hi769828-1","status":"publish","type":"product","link":"https:\/\/qymlab.com\/en\/producto\/hi769828-1\/","title":{"rendered":"Electrodo de pH\/ORP para multipar\u00e1metro HI9828"},"content":{"rendered":"<p>Rango: 0.00 a 13.00 (pH); \u00b1600.0 (mV\/pH); \u00b12000.0 mV (ORP)<br \/>\nCuerpo: PEI<br \/>\nReferencia: Doble<br \/>\nPunta: Vidrio (pH); Pt (ORP)<br \/>\nDimensiones: 100 x 14mm<br \/>\nRango de temp.: -5 a 55\u00b0C<br \/>\nAplicaciones: Ambiente, tratamiento de agua, an\u00e1lisis de agua, industria, acuicultura<\/p>","protected":false},"excerpt":{"rendered":"<p>El HI769828-1 es un electrodo de pH de doble uni\u00f3n con cuerpo de pl\u00e1stico PEI y relleno de gel. Este electrodo de pH\/ORP est\u00e1 hecho para el medidor port\u00e1til multipar\u00e1metro HI9828. El electrodo tiene un robusto cuerpo PEI (polieterimida) que ofrece una excelente resistencia qu\u00edmica en un pl\u00e1stico irrompible que lo hace ideal para aplicaciones de terreno e industriales. El HI769828-1 tiene una punta de detecci\u00f3n de pH de vidrio con un electr\u00f3lito de referencia de Ag\/AgCl en gel. Cada m\u00f3dulo est\u00e1 codificado por colores para una f\u00e1cil instalaci\u00f3n en la sonda.<\/p>","protected":false},"featured_media":3014,"template":"","meta":[],"product_cat":[17,182,140,147],"product_tag":[],"_links":{"self":[{"href":"https:\/\/qymlab.com\/en\/wp-json\/wp\/v2\/product\/3013"}],"collection":[{"href":"https:\/\/qymlab.com\/en\/wp-json\/wp\/v2\/product"}],"about":[{"href":"https:\/\/qymlab.com\/en\/wp-json\/wp\/v2\/types\/product"}],"wp:featuredmedia":[{"embeddable":true,"href":"https:\/\/qymlab.com\/en\/wp-json\/wp\/v2\/media\/3014"}],"wp:attachment":[{"href":"https:\/\/qymlab.com\/en\/wp-json\/wp\/v2\/media?parent=3013"}],"wp:term":[{"taxonomy":"product_cat","embeddable":true,"href":"https:\/\/qymlab.com\/en\/wp-json\/wp\/v2\/product_cat?post=3013"},{"taxonomy":"product_tag","embeddable":true,"href":"https:\/\/qymlab.com\/en\/wp-json\/wp\/v2\/product_tag?post=3013"}],"curies":[{"name":"wp","href":"https:\/\/api.w.org\/{rel}","templated":true}]}}