{"id":3021,"date":"2023-02-23T16:03:16","date_gmt":"2023-02-23T21:03:16","guid":{"rendered":"https:\/\/qymlab.com\/?post_type=product&#038;p=3021"},"modified":"2023-02-23T16:06:57","modified_gmt":"2023-02-23T21:06:57","slug":"hi7039l","status":"publish","type":"product","link":"https:\/\/qymlab.com\/en\/producto\/hi7039l\/","title":{"rendered":"Soluci\u00f3n de Calibraci\u00f3n de Conductividad 5000 \u03bcS\/cm (500 mL)"},"content":{"rendered":"<p>La HI7039L es un est\u00e1ndar de conductividad de 5000 \u00b5S\/cm de alta calidad que se prepara contra una soluci\u00f3n de cloruro de potasio trazable por NIST. Las soluciones de conductividad de Hanna tienen el n\u00famero de lote y la fecha de caducidad claramente identificados en la etiqueta, y los frascos est\u00e1n herm\u00e9ticamente sellados a prueba de manipulaciones para garantizar su calidad. La l\u00ednea de est\u00e1ndares de conductividad de Hanna ha sido formulada especialmente para tener una vigencia de 5 a\u00f1os a partir de la fecha de fabricaci\u00f3n para una botella sin abrir.<\/p>","protected":false},"excerpt":{"rendered":"<p>Las soluciones de conductividad de Hanna tienen el n\u00famero de lote y la fecha de vencimiento claramente marcados en la etiqueta y son herm\u00e9ticos con un sello a prueba de manipulaciones para garantizar la calidad de la soluci\u00f3n.<\/p>\n<p>La l\u00ednea de est\u00e1ndares de conductividad de Hanna ha sido especialmente formulada para que tenga una caducidad de 5 a\u00f1os a partir de la fecha de fabricaci\u00f3n de una botella sin abrir.<\/p>","protected":false},"featured_media":3022,"template":"","meta":[],"product_cat":[40],"product_tag":[],"_links":{"self":[{"href":"https:\/\/qymlab.com\/en\/wp-json\/wp\/v2\/product\/3021"}],"collection":[{"href":"https:\/\/qymlab.com\/en\/wp-json\/wp\/v2\/product"}],"about":[{"href":"https:\/\/qymlab.com\/en\/wp-json\/wp\/v2\/types\/product"}],"wp:featuredmedia":[{"embeddable":true,"href":"https:\/\/qymlab.com\/en\/wp-json\/wp\/v2\/media\/3022"}],"wp:attachment":[{"href":"https:\/\/qymlab.com\/en\/wp-json\/wp\/v2\/media?parent=3021"}],"wp:term":[{"taxonomy":"product_cat","embeddable":true,"href":"https:\/\/qymlab.com\/en\/wp-json\/wp\/v2\/product_cat?post=3021"},{"taxonomy":"product_tag","embeddable":true,"href":"https:\/\/qymlab.com\/en\/wp-json\/wp\/v2\/product_tag?post=3021"}],"curies":[{"name":"wp","href":"https:\/\/api.w.org\/{rel}","templated":true}]}}