{"id":3061,"date":"2023-02-26T00:54:31","date_gmt":"2023-02-26T05:54:31","guid":{"rendered":"https:\/\/qymlab.com\/?post_type=product&#038;p=3061"},"modified":"2023-02-26T00:54:31","modified_gmt":"2023-02-26T05:54:31","slug":"m40gr","status":"publish","type":"product","link":"https:\/\/qymlab.com\/en\/producto\/m40gr\/","title":{"rendered":"Mandil quir\u00fargico descartable"},"content":{"rendered":"<p>Material: Tela NOTEX no tejida de polipropileno, at\u00f3xico e hipoalerg\u00e9nico.<br \/>\nGramaje: 40 gr.<br \/>\nCarga microbiol\u00f3gica: Libre de pat\u00f3genos.<br \/>\nDisposici\u00f3n final: Debe ser desechado despu\u00e9s de terminar su uso.<br \/>\nProcedencia: Nacional.<br \/>\nTallas: S, M, L y XL.<\/p>","protected":false},"excerpt":{"rendered":"<p>Abertura longitudinal en la espalda y totalmente cruzada.<br \/>\nDoble ajuste en la espalda.<\/p>","protected":false},"featured_media":3062,"template":"","meta":[],"product_cat":[114],"product_tag":[],"_links":{"self":[{"href":"https:\/\/qymlab.com\/en\/wp-json\/wp\/v2\/product\/3061"}],"collection":[{"href":"https:\/\/qymlab.com\/en\/wp-json\/wp\/v2\/product"}],"about":[{"href":"https:\/\/qymlab.com\/en\/wp-json\/wp\/v2\/types\/product"}],"wp:featuredmedia":[{"embeddable":true,"href":"https:\/\/qymlab.com\/en\/wp-json\/wp\/v2\/media\/3062"}],"wp:attachment":[{"href":"https:\/\/qymlab.com\/en\/wp-json\/wp\/v2\/media?parent=3061"}],"wp:term":[{"taxonomy":"product_cat","embeddable":true,"href":"https:\/\/qymlab.com\/en\/wp-json\/wp\/v2\/product_cat?post=3061"},{"taxonomy":"product_tag","embeddable":true,"href":"https:\/\/qymlab.com\/en\/wp-json\/wp\/v2\/product_tag?post=3061"}],"curies":[{"name":"wp","href":"https:\/\/api.w.org\/{rel}","templated":true}]}}