{"id":3105,"date":"2023-03-13T13:54:49","date_gmt":"2023-03-13T18:54:49","guid":{"rendered":"https:\/\/qymlab.com\/?post_type=product&#038;p=3105"},"modified":"2025-10-23T15:07:47","modified_gmt":"2025-10-23T20:07:47","slug":"cl-ph","status":"publish","type":"product","link":"https:\/\/qymlab.com\/en\/producto\/cl-ph\/","title":{"rendered":"Medidor de Cloro y pH"},"content":{"rendered":"<p>Caracter\u00edsticas: Analizador reutilizable con soluci\u00f3n cloro OTO y PH.<br \/>\nUso: An\u00e1lisis de concentraci\u00f3n de Cloro y PH.<br \/>\nImportante: Las muestras de agua deben ser tomadas a 40 cm bajo la superficie.<br \/>\nRecomendaciones: Manipule con precauci\u00f3n. Mantener fuera del alcance de los ni\u00f1os.<\/p>\n<p>Incluye: Soluci\u00f3n Fenol para medir pH (volumen 20ml), soluci\u00f3n ortotolidina para medir cloro (volumen 20ml), 02 tubos de prueba con escala y caja de pl\u00e1stico.<\/p>","protected":false},"excerpt":{"rendered":"<p>El kit de prueba le permite medir el pH y los niveles de cloro del agua de su piscina. Sencillo de utilizar y f\u00e1cil de transportar. Cantidad para aproximadamente 100 pruebas.<\/p>","protected":false},"featured_media":3758,"template":"","meta":[],"product_cat":[140,147],"product_tag":[],"_links":{"self":[{"href":"https:\/\/qymlab.com\/en\/wp-json\/wp\/v2\/product\/3105"}],"collection":[{"href":"https:\/\/qymlab.com\/en\/wp-json\/wp\/v2\/product"}],"about":[{"href":"https:\/\/qymlab.com\/en\/wp-json\/wp\/v2\/types\/product"}],"wp:featuredmedia":[{"embeddable":true,"href":"https:\/\/qymlab.com\/en\/wp-json\/wp\/v2\/media\/3758"}],"wp:attachment":[{"href":"https:\/\/qymlab.com\/en\/wp-json\/wp\/v2\/media?parent=3105"}],"wp:term":[{"taxonomy":"product_cat","embeddable":true,"href":"https:\/\/qymlab.com\/en\/wp-json\/wp\/v2\/product_cat?post=3105"},{"taxonomy":"product_tag","embeddable":true,"href":"https:\/\/qymlab.com\/en\/wp-json\/wp\/v2\/product_tag?post=3105"}],"curies":[{"name":"wp","href":"https:\/\/api.w.org\/{rel}","templated":true}]}}