{"id":3161,"date":"2023-06-05T21:25:26","date_gmt":"2023-06-06T02:25:26","guid":{"rendered":"https:\/\/qymlab.com\/?post_type=product&#038;p=3161"},"modified":"2023-06-05T21:28:33","modified_gmt":"2023-06-06T02:28:33","slug":"4331","status":"publish","type":"product","link":"https:\/\/qymlab.com\/en\/producto\/4331\/","title":{"rendered":"Anem\u00f3metro Term\u00f3metro"},"content":{"rendered":"<p>Especificaciones:<br \/>\n&#8211; Rango de temperatura ambiente: 10.0\u00b0 a 50.0 \u00b0C (14.0\u00b0 a 122 \u00b0F)<br \/>\n&#8211; Resoluci\u00f3n de temperatura ambiente: 0.1\u00b0<br \/>\n&#8211; Precisi\u00f3n de temperatura ambiente: \u00b1 1 \u00b0C<br \/>\n&#8211; Rango de velocidad del aire: 0.40 a 30.0 metros por segundo, 1.4 a 108.0 kil\u00f3metros por hora, 80 a 5900 pies por minuto, 0.9 a 67.0 millas por hora, 0.8 a 58.0 nudos (millas n\u00e1uticas por hora)<br \/>\n&#8211; Resoluci\u00f3n de la velocidad del aire: 0.1 m\/seg., 0.1 km\/h, 1 ft\/min, 0.1 m\/h, 0.1 nudos<br \/>\n&#8211; Exactitud de la velocidad del aire: \u00b1 3% de la escala completa<br \/>\n&#8211; Memoria m\u00ednima \/ m\u00e1xima<br \/>\n&#8211; Funci\u00f3n Hold<br \/>\n&#8211; Promedio<br \/>\n&#8211; Datos exportables<br \/>\n&#8211; Tama\u00f1o del d\u00edgito LCD: 1\/2 in<br \/>\n&#8211; Dimensiones 3&#8243;x1-3\/4&#8243;x7-1\/4 &#8221;<br \/>\n&#8211; Peso: 7-3\/8 onzas<\/p>\n<p>INCLUYE: Una bater\u00eda, estuche de transporte r\u00edgido y certificado de calibraci\u00f3n Traceable\u00ae por NIST.<\/p>","protected":false},"excerpt":{"rendered":"<p>Anem\u00f3metro f\u00e1cil de operar ideal para usar al aire libre.<br \/>\nLa tecla MEMORY permite recordar las lecturas m\u00e1s altas\/m\u00e1s bajas logradas y HOLD congela la pantalla para registrar los resultados de las pruebas.<br \/>\nSalida para computadora.<\/p>","protected":false},"featured_media":3168,"template":"","meta":[],"product_cat":[17],"product_tag":[],"_links":{"self":[{"href":"https:\/\/qymlab.com\/en\/wp-json\/wp\/v2\/product\/3161"}],"collection":[{"href":"https:\/\/qymlab.com\/en\/wp-json\/wp\/v2\/product"}],"about":[{"href":"https:\/\/qymlab.com\/en\/wp-json\/wp\/v2\/types\/product"}],"wp:featuredmedia":[{"embeddable":true,"href":"https:\/\/qymlab.com\/en\/wp-json\/wp\/v2\/media\/3168"}],"wp:attachment":[{"href":"https:\/\/qymlab.com\/en\/wp-json\/wp\/v2\/media?parent=3161"}],"wp:term":[{"taxonomy":"product_cat","embeddable":true,"href":"https:\/\/qymlab.com\/en\/wp-json\/wp\/v2\/product_cat?post=3161"},{"taxonomy":"product_tag","embeddable":true,"href":"https:\/\/qymlab.com\/en\/wp-json\/wp\/v2\/product_tag?post=3161"}],"curies":[{"name":"wp","href":"https:\/\/api.w.org\/{rel}","templated":true}]}}