{"id":3187,"date":"2023-06-20T03:10:09","date_gmt":"2023-06-20T08:10:09","guid":{"rendered":"https:\/\/qymlab.com\/?post_type=product&#038;p=3187"},"modified":"2023-06-20T03:15:48","modified_gmt":"2023-06-20T08:15:48","slug":"hi93703-0","status":"publish","type":"product","link":"https:\/\/qymlab.com\/en\/producto\/hi93703-0\/","title":{"rendered":"Soluci\u00f3n Est\u00e1ndar de Calibraci\u00f3n de Turbidez de 0 FTU"},"content":{"rendered":"<p>Los est\u00e1ndares de calibraci\u00f3n de turbidez 0 FTU HI93703-0 brindan una soluci\u00f3n simple para calibrar y validar el Medidor de Turbidez HI93703 que tiene un rango de 0 a 1000 FTU. Los est\u00e1ndares de calibraci\u00f3n de turbidez de Hanna se preparan a partir de materiales de referencia est\u00e1ndar trazables de NIST y se suministran con un certificado de an\u00e1lisis. El certificado de an\u00e1lisis proporciona el n\u00famero de lote, los valores de referencia y la fecha de vencimiento para la trazabilidad al verificar el medidor de turbidez.<\/p>","protected":false},"excerpt":{"rendered":"<p><strong>Suministrado con certificado de\u00a0<\/strong><b>an\u00e1lisis<\/b><\/p>\n<ul>\n<li>N\u00famero de lote<\/li>\n<li>Fecha de caducidad<\/li>\n<li>Valor est\u00e1ndar<\/li>\n<li>Medidor de referencia trazable al NIST<\/li>\n<\/ul>\n<p>Uso para HI93703<\/p>","protected":false},"featured_media":3188,"template":"","meta":[],"product_cat":[114],"product_tag":[],"_links":{"self":[{"href":"https:\/\/qymlab.com\/en\/wp-json\/wp\/v2\/product\/3187"}],"collection":[{"href":"https:\/\/qymlab.com\/en\/wp-json\/wp\/v2\/product"}],"about":[{"href":"https:\/\/qymlab.com\/en\/wp-json\/wp\/v2\/types\/product"}],"wp:featuredmedia":[{"embeddable":true,"href":"https:\/\/qymlab.com\/en\/wp-json\/wp\/v2\/media\/3188"}],"wp:attachment":[{"href":"https:\/\/qymlab.com\/en\/wp-json\/wp\/v2\/media?parent=3187"}],"wp:term":[{"taxonomy":"product_cat","embeddable":true,"href":"https:\/\/qymlab.com\/en\/wp-json\/wp\/v2\/product_cat?post=3187"},{"taxonomy":"product_tag","embeddable":true,"href":"https:\/\/qymlab.com\/en\/wp-json\/wp\/v2\/product_tag?post=3187"}],"curies":[{"name":"wp","href":"https:\/\/api.w.org\/{rel}","templated":true}]}}