{"id":3209,"date":"2023-07-07T16:02:40","date_gmt":"2023-07-07T21:02:40","guid":{"rendered":"https:\/\/qymlab.com\/?post_type=product&#038;p=3209"},"modified":"2024-04-11T13:01:06","modified_gmt":"2024-04-11T18:01:06","slug":"hi98128","status":"publish","type":"product","link":"https:\/\/qymlab.com\/en\/producto\/hi98128\/","title":{"rendered":"Medidor de Bolsillo de pH \/ Temperatura pHep\u00ae5"},"content":{"rendered":"<p>Rango de pH: -2.00 hasta 16.00 pH<br \/>\nRango Temperatura: -5.0\u00b0C hasta 60.0\u00b0C \/ 23.0 hasta 140.0\u00b0 F<br \/>\nResoluci\u00f3n pH: 0.01 pH<br \/>\nResoluci\u00f3n Temperatura: 0.1\u00b0C\/0.1\u00b0F<br \/>\nPrecisi\u00f3n Temperatura: \u00b10.5\u00b0 C \/\u00b11\u00b0 F<br \/>\nCompensaci\u00f3n de Temperatura: Autom\u00e1tica<br \/>\nCalibraci\u00f3n pH: Autom\u00e1tica, uno o dos puntos con dos juegos de tampones est\u00e1ndar (pH 4.01 \/ 7.01 \/ 10.01)<br \/>\nElectrodo de pH: HI73127 (reemplazable, incluido)<br \/>\nAmbiente: -5.0\u00b0C hasta 50\u00b0 C (23 hasta 122\u00b0 F); HR max 100%<br \/>\nTipo\/Duraci\u00f3n de Bater\u00eda: 1.5V (4) \/aproximadamente 300 horas de uso continuo, apagado autom\u00e1tico despu\u00e9s de 8 minutos sin uso<br \/>\nDimensiones\/Peso: 163 x 40 x 26 mm (6.4 x 1.6 x 1.0\u2019\u2019)\/100 g (3.5 oz.)<\/p>","protected":false},"excerpt":{"rendered":"<p>El HI98128 medidor impermeable pHep\u00ae5 de HANNA\u00a0 es un medidor avanzado que tiene muchas caracter\u00edsticas que se pueden encontrar en los medidores port\u00e1tiles y de mesa. Este medidor ergon\u00f3mico mide de -2.00 a 16.00 pH con una precisi\u00f3n de \u00b10.05 pH. El pHep\u00ae5 cuenta con calibraci\u00f3n autom\u00e1tica en uno o dos puntos y compensaci\u00f3n autom\u00e1tica de temperatura.<\/p>","protected":false},"featured_media":3210,"template":"","meta":[],"product_cat":[17,140,147,208],"product_tag":[],"_links":{"self":[{"href":"https:\/\/qymlab.com\/en\/wp-json\/wp\/v2\/product\/3209"}],"collection":[{"href":"https:\/\/qymlab.com\/en\/wp-json\/wp\/v2\/product"}],"about":[{"href":"https:\/\/qymlab.com\/en\/wp-json\/wp\/v2\/types\/product"}],"wp:featuredmedia":[{"embeddable":true,"href":"https:\/\/qymlab.com\/en\/wp-json\/wp\/v2\/media\/3210"}],"wp:attachment":[{"href":"https:\/\/qymlab.com\/en\/wp-json\/wp\/v2\/media?parent=3209"}],"wp:term":[{"taxonomy":"product_cat","embeddable":true,"href":"https:\/\/qymlab.com\/en\/wp-json\/wp\/v2\/product_cat?post=3209"},{"taxonomy":"product_tag","embeddable":true,"href":"https:\/\/qymlab.com\/en\/wp-json\/wp\/v2\/product_tag?post=3209"}],"curies":[{"name":"wp","href":"https:\/\/api.w.org\/{rel}","templated":true}]}}