{"id":3348,"date":"2024-04-08T16:28:48","date_gmt":"2024-04-08T21:28:48","guid":{"rendered":"https:\/\/qymlab.com\/?post_type=product&#038;p=3348"},"modified":"2024-04-11T13:01:57","modified_gmt":"2024-04-11T18:01:57","slug":"kit-de-prueba-para-la-calidad-del-agua","status":"publish","type":"product","link":"https:\/\/qymlab.com\/en\/producto\/kit-de-prueba-para-la-calidad-del-agua\/","title":{"rendered":"Kit de Prueba para la Calidad del Agua"},"content":{"rendered":"<p>El HI3817 es un kit de prueba qu\u00edmica que determina que utiliza titulaci\u00f3n, colorimetr\u00eda y medici\u00f3n directa para medir seis par\u00e1metros comunes a las pruebas de calidad del agua: alcalinidad, cloruro, dureza, hierro, pH y sulfito. El HI3817 se suministra con todos los reactivos y equipos necesarios para realizar cada an\u00e1lisis, y todos los reactivos est\u00e1n disponibles individualmente a medida que se agotan.<\/p>\n<p><strong>CARACTER\u00cdSTICAS:<\/strong><\/p>\n<ul>\n<li>Reactivos preparados para facilitar su uso.<\/li>\n<li>Todos los reactivos est\u00e1n marcados con fecha de caducidad y n\u00famero de lote para trazabilidad.<\/li>\n<li>Estuche port\u00e1til.<\/li>\n<\/ul>","protected":false},"excerpt":{"rendered":"<p>El HI3817 es un kit qu\u00edmico de pruebas que mide seis par\u00e1metros comunes en las pruebas de calidad del agua: alcalinidad, cloruro, dureza, hierro, pH y sulfito. Este kit est\u00e1 equipado con todos los reactivos y accesorios necesarios para realizar m\u00e1s de 100 pruebas para cada par\u00e1metro, con la excepci\u00f3n de hierro, que incluye reactivos para 50 pruebas. El pH se obtiene con el medidor electr\u00f3nico de pH pHep\u00ae de Hanna Instruments que garantiza una mayor precisi\u00f3n y una vida \u00fatil m\u00e1s larga que el papel tornasol tradicional.<\/p>","protected":false},"featured_media":3349,"template":"","meta":[],"product_cat":[17,140,147,39,141],"product_tag":[317,320,318,322,321,315,324,319,323],"_links":{"self":[{"href":"https:\/\/qymlab.com\/en\/wp-json\/wp\/v2\/product\/3348"}],"collection":[{"href":"https:\/\/qymlab.com\/en\/wp-json\/wp\/v2\/product"}],"about":[{"href":"https:\/\/qymlab.com\/en\/wp-json\/wp\/v2\/types\/product"}],"wp:featuredmedia":[{"embeddable":true,"href":"https:\/\/qymlab.com\/en\/wp-json\/wp\/v2\/media\/3349"}],"wp:attachment":[{"href":"https:\/\/qymlab.com\/en\/wp-json\/wp\/v2\/media?parent=3348"}],"wp:term":[{"taxonomy":"product_cat","embeddable":true,"href":"https:\/\/qymlab.com\/en\/wp-json\/wp\/v2\/product_cat?post=3348"},{"taxonomy":"product_tag","embeddable":true,"href":"https:\/\/qymlab.com\/en\/wp-json\/wp\/v2\/product_tag?post=3348"}],"curies":[{"name":"wp","href":"https:\/\/api.w.org\/{rel}","templated":true}]}}