{"id":3367,"date":"2024-04-21T22:44:07","date_gmt":"2024-04-22T03:44:07","guid":{"rendered":"https:\/\/qymlab.com\/?post_type=product&#038;p=3367"},"modified":"2025-09-10T04:10:16","modified_gmt":"2025-09-10T09:10:16","slug":"91319","status":"publish","type":"product","link":"https:\/\/qymlab.com\/en\/producto\/91319\/","title":{"rendered":"Tiras Reactivas Per\u00f3xido 25"},"content":{"rendered":"<p>91319 Peroxid 25 marca Quantofix MN. Tiras reactivas semicuantitativas para la determinaci\u00f3n de per\u00f3xido.<\/p>\n<p><span class=\"HwtZe\" lang=\"es\"><span class=\"jCAhz ChMk0b C1N51c\"><span class=\"ryNqvb\">Marca: Quantofix MN<br \/>\nRango: Per\u00f3xido \u2013 0 \u2022 0.5 \u2022 2 \u2022 5 \u2022 10 \u2022 25 mg\/L H\u2082O\u2082<br \/>\nCambio de color: Per\u00f3xido &#8211; blanco\u2006\u2192\u2006azul<br \/>\n<\/span><\/span><\/span>Vial x 100 tiras<\/p>","protected":false},"excerpt":{"rendered":"<p>Las tiras reactivas semicuantitativas para la determinaci\u00f3n de per\u00f3xido de la marca Quantofix MN. <span class=\"HwtZe\" lang=\"es\"><span class=\"jCAhz ChMk0b C1N51c\"><span class=\"ryNqvb\">Ideal para un an\u00e1lisis r\u00e1pido y sencillo de per\u00f3xido directamente en el lugar. Rango: Per\u00f3xido \u2013 0 \u2022 0.5 \u2022 2 \u2022 5 \u2022 10 \u2022 25 mg\/L H\u2082O\u2082.<br \/>\n<\/span><\/span><\/span><\/p>","protected":false},"featured_media":3368,"template":"","meta":[],"product_cat":[17,140,39],"product_tag":[],"_links":{"self":[{"href":"https:\/\/qymlab.com\/en\/wp-json\/wp\/v2\/product\/3367"}],"collection":[{"href":"https:\/\/qymlab.com\/en\/wp-json\/wp\/v2\/product"}],"about":[{"href":"https:\/\/qymlab.com\/en\/wp-json\/wp\/v2\/types\/product"}],"wp:featuredmedia":[{"embeddable":true,"href":"https:\/\/qymlab.com\/en\/wp-json\/wp\/v2\/media\/3368"}],"wp:attachment":[{"href":"https:\/\/qymlab.com\/en\/wp-json\/wp\/v2\/media?parent=3367"}],"wp:term":[{"taxonomy":"product_cat","embeddable":true,"href":"https:\/\/qymlab.com\/en\/wp-json\/wp\/v2\/product_cat?post=3367"},{"taxonomy":"product_tag","embeddable":true,"href":"https:\/\/qymlab.com\/en\/wp-json\/wp\/v2\/product_tag?post=3367"}],"curies":[{"name":"wp","href":"https:\/\/api.w.org\/{rel}","templated":true}]}}