{"id":3382,"date":"2024-04-22T22:50:26","date_gmt":"2024-04-23T03:50:26","guid":{"rendered":"https:\/\/qymlab.com\/?post_type=product&#038;p=3382"},"modified":"2025-09-10T04:12:04","modified_gmt":"2025-09-10T09:12:04","slug":"92110","status":"publish","type":"product","link":"https:\/\/qymlab.com\/en\/producto\/92110\/","title":{"rendered":"Tiras Reactivas pH-Fix 0-14"},"content":{"rendered":"<p>92110 pH\u2011Fix marca Quantofix MN. Tiras reactivas pH\u2011Fix con indicadores unidos qu\u00edmicamente para la determinaci\u00f3n de pH.<\/p>\n<p><span class=\"HwtZe\" lang=\"es\"><span class=\"jCAhz ChMk0b C1N51c\"><span class=\"ryNqvb\">Marca: Quantofix MN<br \/>\nRango: pH &#8211; 0 \u2022 1 \u2022 2 \u2022 3 \u2022 4 \u2022 5 \u2022 6 \u2022 7 \u2022 8 \u2022 9 \u2022 10 \u2022 11 \u2022 12 \u2022 13 \u2022 14<br \/>\n<\/span><\/span><\/span>Vial x 100 tiras<\/p>","protected":false},"excerpt":{"rendered":"<p>Las tiras pH\u2011Fix con indicadores unidos qu\u00edmicamente de la marca Quantofix MN son la referencia para las pruebas de pH con tiras reactivas. La fijaci\u00f3n evita el sangrado y por tanto la contaminaci\u00f3n de la muestra. <span class=\"HwtZe\" lang=\"es\"><span class=\"jCAhz ChMk0b C1N51c\"><span class=\"ryNqvb\">Rango: pH &#8211; 0 \u2022 1 \u2022 2 \u2022 3 \u2022 4 \u2022 5 \u2022 6 \u2022 7 \u2022 8 \u2022 9 \u2022 10 \u2022 11 \u2022 12 \u2022 13 \u2022 14<\/span><\/span><\/span><\/p>","protected":false},"featured_media":3384,"template":"","meta":[],"product_cat":[17,140,147],"product_tag":[],"_links":{"self":[{"href":"https:\/\/qymlab.com\/en\/wp-json\/wp\/v2\/product\/3382"}],"collection":[{"href":"https:\/\/qymlab.com\/en\/wp-json\/wp\/v2\/product"}],"about":[{"href":"https:\/\/qymlab.com\/en\/wp-json\/wp\/v2\/types\/product"}],"wp:featuredmedia":[{"embeddable":true,"href":"https:\/\/qymlab.com\/en\/wp-json\/wp\/v2\/media\/3384"}],"wp:attachment":[{"href":"https:\/\/qymlab.com\/en\/wp-json\/wp\/v2\/media?parent=3382"}],"wp:term":[{"taxonomy":"product_cat","embeddable":true,"href":"https:\/\/qymlab.com\/en\/wp-json\/wp\/v2\/product_cat?post=3382"},{"taxonomy":"product_tag","embeddable":true,"href":"https:\/\/qymlab.com\/en\/wp-json\/wp\/v2\/product_tag?post=3382"}],"curies":[{"name":"wp","href":"https:\/\/api.w.org\/{rel}","templated":true}]}}