{"id":3395,"date":"2024-05-23T20:48:05","date_gmt":"2024-05-24T01:48:05","guid":{"rendered":"https:\/\/qymlab.com\/?post_type=product&#038;p=3395"},"modified":"2024-05-23T20:48:05","modified_gmt":"2024-05-24T01:48:05","slug":"4370","status":"publish","type":"product","link":"https:\/\/qymlab.com\/en\/producto\/4370\/","title":{"rendered":"Term\u00f3metro V\u00e1stago Largo Tipo T"},"content":{"rendered":"<p>Rango: \u201350 a 280 \u00b0C (\u201358 a 536 \u00b0F)<br \/>\nResoluci\u00f3n: 0,1\u00b0 de \u201320 a 200\u00b0C; o 1\u00b0C en otros lugares<br \/>\nTipo de sonda: 1 Sonda de Acero inoxidable<br \/>\nDimensiones de la sonda: 0,19 pulgadas de di\u00e1metro x 8 pulgadas (0,48 cent\u00edmetros de di\u00e1metro x 20,32 cent\u00edmetros)<br \/>\nSuministrado con Bater\u00eda y certificado Traceable\u00ae<\/p>","protected":false},"excerpt":{"rendered":"<p>La sonda de acero inoxidable es ideal para uso en suelo, elaboraci\u00f3n de cerveza, procesamiento de alimentos, refrigeraci\u00f3n y farmac\u00e9utica. La construcci\u00f3n a prueba de salpicaduras permite su uso en laboratorios, plantas, \u00e1reas de lavado y en el campo. Fabricado para ser a prueba de ca\u00eddas desde 5 pies. Elimina los peligros inherentes al vidrio rompible y a los term\u00f3metros de mercurio t\u00f3xicos. El amplio rango cubre el 99 por ciento de las mediciones de temperatura de rutina: \u201358 a 536 \u00b0F y \u201350 a 280 \u00b0C. La resoluci\u00f3n es de 0,1\u00b0 de \u201320 a 200\u00b0 (1\u00b0 fuera de este rango). La precisi\u00f3n es de \u00b11\u00b0C entre \u201320 y 100\u00b0C. La lectura se actualiza cada segundo.<\/p>","protected":false},"featured_media":3396,"template":"","meta":[],"product_cat":[208,123],"product_tag":[],"_links":{"self":[{"href":"https:\/\/qymlab.com\/en\/wp-json\/wp\/v2\/product\/3395"}],"collection":[{"href":"https:\/\/qymlab.com\/en\/wp-json\/wp\/v2\/product"}],"about":[{"href":"https:\/\/qymlab.com\/en\/wp-json\/wp\/v2\/types\/product"}],"wp:featuredmedia":[{"embeddable":true,"href":"https:\/\/qymlab.com\/en\/wp-json\/wp\/v2\/media\/3396"}],"wp:attachment":[{"href":"https:\/\/qymlab.com\/en\/wp-json\/wp\/v2\/media?parent=3395"}],"wp:term":[{"taxonomy":"product_cat","embeddable":true,"href":"https:\/\/qymlab.com\/en\/wp-json\/wp\/v2\/product_cat?post=3395"},{"taxonomy":"product_tag","embeddable":true,"href":"https:\/\/qymlab.com\/en\/wp-json\/wp\/v2\/product_tag?post=3395"}],"curies":[{"name":"wp","href":"https:\/\/api.w.org\/{rel}","templated":true}]}}