{"id":3402,"date":"2024-08-14T23:42:38","date_gmt":"2024-08-15T04:42:38","guid":{"rendered":"https:\/\/qymlab.com\/?post_type=product&#038;p=3402"},"modified":"2024-08-14T23:55:36","modified_gmt":"2024-08-15T04:55:36","slug":"hi9829-00041","status":"publish","type":"product","link":"https:\/\/qymlab.com\/en\/producto\/hi9829-00041\/","title":{"rendered":"MEDIDOR MULTIPARAMETRO PH\/ORP\/EC\/DO, CABLE 4M, SIN GPS"},"content":{"rendered":"<p>MEDIDOR MULTIPARAMETRO PH\/ORP\/EC\/DO, CABLE 4M, SIN GPS<br \/>\nHI9829<\/p>\n<p>Display desde 1 a 16 par\u00e1metros con ajuste de dimensi\u00f3n de la fuente: pH, mV, ORP, OD, CE, Resistividad, TDS, Salinidad, Gravedad espec\u00edfica del agua, presi\u00f3n atmosf\u00e9rica, temperatura, amonio, cloruros, nitratos, turbidez.<br \/>\nCompatible con la norma ISO 7027 y con sensor de turbidez reemplazable en<br \/>\ncampo.<br \/>\nInstrumento Totalmente personalizable, sonda, sensores de medici\u00f3n y<br \/>\nespecificaciones.<br \/>\nSensores reemplazables en campo.<br \/>\nSonda personalizable y aut\u00f3noma con registro y descarga de datos.<br \/>\nGran pantalla gr\u00e1fica con iluminaci\u00f3n de fondo.<br \/>\nProtecci\u00f3n de equipo (IP67) y las sondas (IP68).<br \/>\nGLP con memoria para las \u00faltimas 5 calibraciones.<br \/>\nCalibraci\u00f3n r\u00e1pida o independiente de cada sensor.<br \/>\nSalida USB para descarga de datos.<br \/>\nRegistro de hasta 60000 muestras.<br \/>\nRango pH: 0.00 a 14.00<br \/>\nRango mV: \u00b1600.0mV<br \/>\nRango ORP: \u00b12000.0mV<br \/>\nRango OD: 0.0 a 500.0%; 0.00 a 50.00ppm<br \/>\nRango CE: 0 a 200mS\/cm (CE absoluto hasta 400mS\/cm)<br \/>\nRango TDS: 0 a 400000ppm<br \/>\nRango resistividad: 0 a 999999 \u03a9\u2022cm; 0 a 1000.0 k\u03a9\u2022cm; 0 a 1.0000 M\u03a9\u2022cm<br \/>\nRango Salinidad: 0.00 a 70.00 PSU<br \/>\nRango de agua de mar: 0.0 to 50.0 \u03c3t<br \/>\nTemperatura: -5.00 a 55.00\u00b0C<br \/>\nINCLUYE: Portasondas con cable de 4m, sonda PH\/ORP HI7609829-1, sonda OD HI7609829-2, sonda de CE HI7609829-3, cable intefaz USB, adaptador de corriente, vaso de calibraci\u00f3n, software de aplicaci\u00f3n, kit para mantenimiento de las sondas, soluci\u00f3n de calibraci\u00f3n r\u00e1pida 500ml, cable de alimentaci\u00f3n para auto,cargador de bater\u00eda, manual y malet\u00edn.<br \/>\n* Sonda de turbidez, ISE amonio, cloruro, nitrato se vende por separado.<\/p>","protected":false},"excerpt":{"rendered":"<p>MEDIDOR MULTIPARAMETRO PH\/ORP\/EC\/DO, CABLE 4M, SIN GPS HI9829 Display desde 1 a 16 par\u00e1metros con ajuste de dimensi\u00f3n de la fuente: pH, mV, ORP, OD, CE, Resistividad, TDS, Salinidad, Gravedad<\/p>","protected":false},"featured_media":3403,"template":"","meta":[],"product_cat":[17],"product_tag":[342],"_links":{"self":[{"href":"https:\/\/qymlab.com\/en\/wp-json\/wp\/v2\/product\/3402"}],"collection":[{"href":"https:\/\/qymlab.com\/en\/wp-json\/wp\/v2\/product"}],"about":[{"href":"https:\/\/qymlab.com\/en\/wp-json\/wp\/v2\/types\/product"}],"wp:featuredmedia":[{"embeddable":true,"href":"https:\/\/qymlab.com\/en\/wp-json\/wp\/v2\/media\/3403"}],"wp:attachment":[{"href":"https:\/\/qymlab.com\/en\/wp-json\/wp\/v2\/media?parent=3402"}],"wp:term":[{"taxonomy":"product_cat","embeddable":true,"href":"https:\/\/qymlab.com\/en\/wp-json\/wp\/v2\/product_cat?post=3402"},{"taxonomy":"product_tag","embeddable":true,"href":"https:\/\/qymlab.com\/en\/wp-json\/wp\/v2\/product_tag?post=3402"}],"curies":[{"name":"wp","href":"https:\/\/api.w.org\/{rel}","templated":true}]}}