{"id":3412,"date":"2024-09-06T19:29:50","date_gmt":"2024-09-07T00:29:50","guid":{"rendered":"https:\/\/qymlab.com\/?post_type=product&#038;p=3412"},"modified":"2024-09-06T19:46:18","modified_gmt":"2024-09-07T00:46:18","slug":"hi93710-01","status":"publish","type":"product","link":"https:\/\/qymlab.com\/en\/producto\/hi93710-01\/","title":{"rendered":"Reactivo l\u00edquido para pH"},"content":{"rendered":"<p>Los HI93710-01 son reactivos para la determinaci\u00f3n colorim\u00e9trica del pH. Contiene suficientes reactivos para 100 pruebas que se utilizan con los fot\u00f3metros compatibles de Hanna. Estos reactivos de alta calidad se fabrican en nuestras instalaciones de \u00faltima tecnolog\u00eda y est\u00e1n claramente marcados con el n\u00famero de lote y la fecha de caducidad en cada frasco.<\/p>\n<p>Paquete: Frascos goteros<br \/>\nCantidad: 100 tests<br \/>\nRango: 6.5 a 8.5 pH<br \/>\nPrecisi\u00f3n: \u00b10.1 pH a 25 \u00b0C<br \/>\nM\u00e9todo: M\u00e9todo del rojo de fenol<\/p>","protected":false},"excerpt":{"rendered":"<p>Los HI93710-01 son reactivos para la determinaci\u00f3n colorim\u00e9trica del pH. Contiene suficientes reactivos para 100 pruebas que se utilizan con los fot\u00f3metros compatibles de Hanna Instruments.<\/p>\n<p>Reactivos preparados para facilitar su uso<br \/>\nPreparado con productos qu\u00edmicos de alta pureza<br \/>\nMarcado con fecha de caducidad y n\u00famero de lote<\/p>","protected":false},"featured_media":3413,"template":"","meta":[],"product_cat":[147,39],"product_tag":[],"_links":{"self":[{"href":"https:\/\/qymlab.com\/en\/wp-json\/wp\/v2\/product\/3412"}],"collection":[{"href":"https:\/\/qymlab.com\/en\/wp-json\/wp\/v2\/product"}],"about":[{"href":"https:\/\/qymlab.com\/en\/wp-json\/wp\/v2\/types\/product"}],"wp:featuredmedia":[{"embeddable":true,"href":"https:\/\/qymlab.com\/en\/wp-json\/wp\/v2\/media\/3413"}],"wp:attachment":[{"href":"https:\/\/qymlab.com\/en\/wp-json\/wp\/v2\/media?parent=3412"}],"wp:term":[{"taxonomy":"product_cat","embeddable":true,"href":"https:\/\/qymlab.com\/en\/wp-json\/wp\/v2\/product_cat?post=3412"},{"taxonomy":"product_tag","embeddable":true,"href":"https:\/\/qymlab.com\/en\/wp-json\/wp\/v2\/product_tag?post=3412"}],"curies":[{"name":"wp","href":"https:\/\/api.w.org\/{rel}","templated":true}]}}