{"id":3416,"date":"2024-09-06T19:38:50","date_gmt":"2024-09-07T00:38:50","guid":{"rendered":"https:\/\/qymlab.com\/?post_type=product&#038;p=3416"},"modified":"2024-09-07T04:50:14","modified_gmt":"2024-09-07T09:50:14","slug":"hi93701-f","status":"publish","type":"product","link":"https:\/\/qymlab.com\/en\/producto\/hi93701-f\/","title":{"rendered":"Reactivo l\u00edquido para Cloro Libre DPD 0,00 a 2,50 mg\/ L (5,00 mg\/ L) 300 tests"},"content":{"rendered":"<p>Paquete: Frascos goteros<br \/>\nCantidad: 300 tests<br \/>\nRango: 0.00 a 5.00 mg\/L de Cl2<br \/>\nM\u00e9todo: Adaptaci\u00f3n del m\u00e9todo 330.5 de USEPA y del M\u00e9todo est\u00e1ndar 4500-Cl G.<\/p>","protected":false},"excerpt":{"rendered":"<p>Botellas de reactivo l\u00edquido de Cloro Libre DPD para uso en fot\u00f3metros y minifot\u00f3metros.<\/p>\n<p>Reactivos preparados para facilitar su uso<br \/>\nPreparado con productos qu\u00edmicos de alta pureza<br \/>\nMarcado con fecha de caducidad y n\u00famero de lote<\/p>","protected":false},"featured_media":3417,"template":"","meta":[],"product_cat":[39],"product_tag":[],"_links":{"self":[{"href":"https:\/\/qymlab.com\/en\/wp-json\/wp\/v2\/product\/3416"}],"collection":[{"href":"https:\/\/qymlab.com\/en\/wp-json\/wp\/v2\/product"}],"about":[{"href":"https:\/\/qymlab.com\/en\/wp-json\/wp\/v2\/types\/product"}],"wp:featuredmedia":[{"embeddable":true,"href":"https:\/\/qymlab.com\/en\/wp-json\/wp\/v2\/media\/3417"}],"wp:attachment":[{"href":"https:\/\/qymlab.com\/en\/wp-json\/wp\/v2\/media?parent=3416"}],"wp:term":[{"taxonomy":"product_cat","embeddable":true,"href":"https:\/\/qymlab.com\/en\/wp-json\/wp\/v2\/product_cat?post=3416"},{"taxonomy":"product_tag","embeddable":true,"href":"https:\/\/qymlab.com\/en\/wp-json\/wp\/v2\/product_tag?post=3416"}],"curies":[{"name":"wp","href":"https:\/\/api.w.org\/{rel}","templated":true}]}}