{"id":3426,"date":"2024-09-07T06:08:44","date_gmt":"2024-09-07T11:08:44","guid":{"rendered":"https:\/\/qymlab.com\/?post_type=product&#038;p=3426"},"modified":"2025-07-26T22:23:40","modified_gmt":"2025-07-27T03:23:40","slug":"hi701-11","status":"publish","type":"product","link":"https:\/\/qymlab.com\/en\/producto\/hi701-11\/","title":{"rendered":"Soluci\u00f3n de Calibraci\u00f3n de Checker Cloro Libre (0 a 2,50 ppm)"},"content":{"rendered":"<p>El HI701-11 es un\u00a0conjunto de verificaci\u00f3n de calibraci\u00f3n que permite al usuario de manera sencilla validar el\u00a0<em>Checker de\u00a0cloro libre HI701\u00a0<\/em>en el rango de 0.00 a 2.50 ppm (mg\/L). Se suministra con certificado de an\u00e1lisis que proporciona: n\u00famero de lote, c\u00f3digo de producto y fecha de caducidad.<\/p>","protected":false},"excerpt":{"rendered":"<p>El HI701-11 incluye una cubeta sellada para poner a cero el medidor y, una cubeta coloreada con una muestra de cloro libre equivalente de 1.00 +\/- 0.05 ppm a 25 \u00b0C para validar.<\/p>\n<p>Suministrado con Certificado de An\u00e1lisis<br \/>\nValor est\u00e1ndar de 1.00 +\/- 0.05 ppm de cloro libre a 25 \u00b0C<br \/>\nReutilizable<\/p>","protected":false},"featured_media":3427,"template":"","meta":[],"product_cat":[40],"product_tag":[],"_links":{"self":[{"href":"https:\/\/qymlab.com\/en\/wp-json\/wp\/v2\/product\/3426"}],"collection":[{"href":"https:\/\/qymlab.com\/en\/wp-json\/wp\/v2\/product"}],"about":[{"href":"https:\/\/qymlab.com\/en\/wp-json\/wp\/v2\/types\/product"}],"wp:featuredmedia":[{"embeddable":true,"href":"https:\/\/qymlab.com\/en\/wp-json\/wp\/v2\/media\/3427"}],"wp:attachment":[{"href":"https:\/\/qymlab.com\/en\/wp-json\/wp\/v2\/media?parent=3426"}],"wp:term":[{"taxonomy":"product_cat","embeddable":true,"href":"https:\/\/qymlab.com\/en\/wp-json\/wp\/v2\/product_cat?post=3426"},{"taxonomy":"product_tag","embeddable":true,"href":"https:\/\/qymlab.com\/en\/wp-json\/wp\/v2\/product_tag?post=3426"}],"curies":[{"name":"wp","href":"https:\/\/api.w.org\/{rel}","templated":true}]}}