{"id":3429,"date":"2024-09-07T06:24:03","date_gmt":"2024-09-07T11:24:03","guid":{"rendered":"https:\/\/qymlab.com\/?post_type=product&#038;p=3429"},"modified":"2024-09-07T06:26:08","modified_gmt":"2024-09-07T11:26:08","slug":"hi731318","status":"publish","type":"product","link":"https:\/\/qymlab.com\/en\/producto\/hi731318\/","title":{"rendered":"Pa\u00f1o para limpieza de cubetas (4 uds.)"},"content":{"rendered":"<p>Aseg\u00farese de que sus cubetas de vidrio est\u00e9n limpias y libres de residuos para obtener mediciones precisas en todo momento con este paquete de pa\u00f1os de microfibra. Estos pa\u00f1os eliminan la suciedad, la grasa y las huellas dactilares de los viales para que el vidrio est\u00e9 limpio y transmita la luz correctamente.<\/p>","protected":false},"excerpt":{"rendered":"<div class=\"short-desc\">\n<p>Pa\u00f1o para limpieza de cubetas, 4 unidades.<\/p>\n<p>Pa\u00f1o de microfibra sin pelusa.<br \/>\nNo raya las cubetas de vidrio.<br \/>\nPerfecto para limpiar las cubetas utilizadas en color\u00edmetros y fot\u00f3metros port\u00e1tiles.<\/p>\n<\/div>","protected":false},"featured_media":3430,"template":"","meta":[],"product_cat":[346],"product_tag":[],"_links":{"self":[{"href":"https:\/\/qymlab.com\/en\/wp-json\/wp\/v2\/product\/3429"}],"collection":[{"href":"https:\/\/qymlab.com\/en\/wp-json\/wp\/v2\/product"}],"about":[{"href":"https:\/\/qymlab.com\/en\/wp-json\/wp\/v2\/types\/product"}],"wp:featuredmedia":[{"embeddable":true,"href":"https:\/\/qymlab.com\/en\/wp-json\/wp\/v2\/media\/3430"}],"wp:attachment":[{"href":"https:\/\/qymlab.com\/en\/wp-json\/wp\/v2\/media?parent=3429"}],"wp:term":[{"taxonomy":"product_cat","embeddable":true,"href":"https:\/\/qymlab.com\/en\/wp-json\/wp\/v2\/product_cat?post=3429"},{"taxonomy":"product_tag","embeddable":true,"href":"https:\/\/qymlab.com\/en\/wp-json\/wp\/v2\/product_tag?post=3429"}],"curies":[{"name":"wp","href":"https:\/\/api.w.org\/{rel}","templated":true}]}}