{"id":3431,"date":"2024-09-07T06:42:02","date_gmt":"2024-09-07T11:42:02","guid":{"rendered":"https:\/\/qymlab.com\/?post_type=product&#038;p=3431"},"modified":"2024-09-07T06:43:02","modified_gmt":"2024-09-07T11:43:02","slug":"hi93703-50","status":"publish","type":"product","link":"https:\/\/qymlab.com\/en\/producto\/hi93703-50\/","title":{"rendered":"Soluci\u00f3n de Limpieza para Cubetas (230 mL)"},"content":{"rendered":"<p>Aseg\u00farese de que sus cubetas de vidrio y otros materiales de vidrio de laboratorio permanezcan limpios y sin imperfecciones para obtener lecturas precisas. Esta soluci\u00f3n antiest\u00e1tica garantiza que la cubeta utilizada para sus mediciones colorim\u00e9tricas y turbidim\u00e9tricas est\u00e9 lista para su uso.<\/p>\n<p>Presentaci\u00f3n: 230 ml<br \/>\nCertificado de An\u00e1lisis: No<\/p>","protected":false},"excerpt":{"rendered":"<p>Para que asegurar la correcta medida de los medidores de bolsillo Checker HANNA, el vidrio de las cubetas debe estar limpio y libre de marcas.<\/p>\n<p>F\u00f3rmula antiest\u00e1tica a base de alcohol.<br \/>\nIdeal para limpiar cubetas de vidrio y cristaler\u00eda de laboratorio.<br \/>\nPara usar con fot\u00f3metros y medidores de turbidez.<br \/>\nAconsejable su uso junto a pa\u00f1o de limpieza HI731318<\/p>","protected":false},"featured_media":3432,"template":"","meta":[],"product_cat":[40],"product_tag":[],"_links":{"self":[{"href":"https:\/\/qymlab.com\/en\/wp-json\/wp\/v2\/product\/3431"}],"collection":[{"href":"https:\/\/qymlab.com\/en\/wp-json\/wp\/v2\/product"}],"about":[{"href":"https:\/\/qymlab.com\/en\/wp-json\/wp\/v2\/types\/product"}],"wp:featuredmedia":[{"embeddable":true,"href":"https:\/\/qymlab.com\/en\/wp-json\/wp\/v2\/media\/3432"}],"wp:attachment":[{"href":"https:\/\/qymlab.com\/en\/wp-json\/wp\/v2\/media?parent=3431"}],"wp:term":[{"taxonomy":"product_cat","embeddable":true,"href":"https:\/\/qymlab.com\/en\/wp-json\/wp\/v2\/product_cat?post=3431"},{"taxonomy":"product_tag","embeddable":true,"href":"https:\/\/qymlab.com\/en\/wp-json\/wp\/v2\/product_tag?post=3431"}],"curies":[{"name":"wp","href":"https:\/\/api.w.org\/{rel}","templated":true}]}}