{"id":3434,"date":"2024-09-08T07:29:07","date_gmt":"2024-09-08T12:29:07","guid":{"rendered":"https:\/\/qymlab.com\/?post_type=product&#038;p=3434"},"modified":"2024-09-08T07:36:51","modified_gmt":"2024-09-08T12:36:51","slug":"hi711-11","status":"publish","type":"product","link":"https:\/\/qymlab.com\/en\/producto\/hi711-11\/","title":{"rendered":"Soluci\u00f3n de Calibraci\u00f3n de Checker Cloro Total (0 a 3.50 ppm)"},"content":{"rendered":"<p>El HI711-11 es un conjunto de verificaci\u00f3n de calibraci\u00f3n que permite al usuario de manera sencilla validar el <em>Checker de cloro total HI711 <\/em>en el rango de 0.00 a 3.50 ppm (mg\/L). Se suministra con certificado de an\u00e1lisis que proporciona: n\u00famero de lote, c\u00f3digo de producto y fecha de caducidad.<\/p>","protected":false},"excerpt":{"rendered":"<p>El HI711-11 incluye una cubeta sellada para poner a cero el medidor y, una cubeta coloreada con una muestra de cloro total equivalente de 1.00 +\/- 0.05 ppm a 25 \u00b0C para validar.<\/p>\n<p>Suministrado con Certificado de An\u00e1lisis<br \/>\nValor est\u00e1ndar de 1.00 +\/- 0.05 ppm de cloro total a 25 \u00b0C<br \/>\nReutilizable<\/p>","protected":false},"featured_media":3435,"template":"","meta":[],"product_cat":[40],"product_tag":[],"_links":{"self":[{"href":"https:\/\/qymlab.com\/en\/wp-json\/wp\/v2\/product\/3434"}],"collection":[{"href":"https:\/\/qymlab.com\/en\/wp-json\/wp\/v2\/product"}],"about":[{"href":"https:\/\/qymlab.com\/en\/wp-json\/wp\/v2\/types\/product"}],"wp:featuredmedia":[{"embeddable":true,"href":"https:\/\/qymlab.com\/en\/wp-json\/wp\/v2\/media\/3435"}],"wp:attachment":[{"href":"https:\/\/qymlab.com\/en\/wp-json\/wp\/v2\/media?parent=3434"}],"wp:term":[{"taxonomy":"product_cat","embeddable":true,"href":"https:\/\/qymlab.com\/en\/wp-json\/wp\/v2\/product_cat?post=3434"},{"taxonomy":"product_tag","embeddable":true,"href":"https:\/\/qymlab.com\/en\/wp-json\/wp\/v2\/product_tag?post=3434"}],"curies":[{"name":"wp","href":"https:\/\/api.w.org\/{rel}","templated":true}]}}